{"id":12147,"date":"2018-11-29T15:29:57","date_gmt":"2018-11-29T14:29:57","guid":{"rendered":"https:\/\/e-adams.pl\/sklep\/sniezka-grunt-10l\/"},"modified":"2023-08-18T09:33:26","modified_gmt":"2023-08-18T07:33:26","slug":"grunt-sniezka-10l","status":"publish","type":"product","link":"https:\/\/e-adams.pl\/de\/produkt\/grunt-sniezka-10l\/","title":{"rendered":"Grunt \u015aNIE\u017bKA &#8211; 10l"},"content":{"rendered":"<h3>Grunt \u015aNIE\u017bKA &#8211; 10l<\/h3>\n<p><strong>Lateksowa emulsja podk\u0142adowa do wn\u0119trz<br \/>\nWydajno\u015b\u0107:<\/strong> do 9 m\u00b2\/l przy jednokrotnym malowaniu<\/p>\n<p><img loading=\"lazy\" decoding=\"async\" class=\"aligncenter size-full wp-image-12276\" src=\"https:\/\/e-adams.pl\/wp-content\/uploads\/2018\/12\/grunt-sniezka-10l.jpg\" alt=\"grunt \u015anie\u017cka 10l, farby \u015bnie\u017cka \u017bary, grunt do farb, grunt na \u015bciany, grunt na sufity, farba podk\u0142adowa grunt \u015bnie\u017cka, farby podk\u0142adowe sklep \u017bary\" width=\"400\" height=\"400\" title=\"\"><\/p>\n<p style=\"text-align: justify;\">\u015anie\u017cka Grunt, dzi\u0119ki specjalnym dodatkom jest g\u0119st\u0105 emulsj\u0105 i nak\u0142ada si\u0119 grub\u0105 warstw\u0105. Wnika w pod\u0142o\u017ce i wyr\u00f3wnuje ch\u0142onno\u015b\u0107 \u015bciany przez co zmniejsza zu\u017cycie farby Niweluje r\u00f3\u017cnice w fakturze i barwie pod\u0142o\u017ca. poprawiaj\u0105c jednocze\u015bnie jej przyczepno\u015b\u0107. Stosowanie \u015anie\u017cki Grunt znacznie obni\u017ca koszt malowania gdy\u017c do uzyskania oczekiwanego efektu zwykle wystarcza jedna warstwa farby podk\u0142adowej i jedna nawierzchniowej. Szczeg\u00f3lnie polecana jest do pierwszego malowania p\u0142yt gipsowo-kartonowych i pod\u0142o\u017cy o niejednorodnej fakturze. Doskonale kryje zaprawy cementowe, cementowo-wapienne, drewno i materia\u0142y drewnopochodne w pomieszczeniach mieszkalnych, u\u017cyteczno\u015bci publicznej i przemys\u0142owych. Przeznaczona jest do wymalowa\u0144 wewn\u0105trz pomieszcze\u0144.<\/p>\n<p>&#8211; zwi\u0119ksza wydajno\u015b\u0107 emulsji nawierzchniowych<br \/>\n&#8211; wyr\u00f3wnuje ch\u0142onno\u015b\u0107 i ujednoradnia pod\u0142o\u017ce<br \/>\n&#8211; poprawia krycie emulsji nawierzchniowych<br \/>\n&#8211; zapewnia oddychanie \u015bcian<br \/>\n&#8211; matowe wyko\u0144czenie pow\u0142oki<br \/>\n&#8211; kolor: bia\u0142y<\/p>\n","protected":false},"excerpt":{"rendered":"<h3 style=\"color: #0099cc;\">Sprawd\u017a cen\u0119 i aktualny stan w sklepie<br \/>\n<strong>Kontakt:<\/strong> <a href=\"mailto:info@e-adams.pl\"><u><b>info@e-adams.pl<\/b><\/u><\/a><\/h3>\n","protected":false},"featured_media":12281,"comment_status":"open","ping_status":"closed","template":"","meta":{"_acf_changed":false,"inline_featured_image":false},"product_cat":[279],"product_tag":[993,772,950,173],"class_list":{"0":"post-12147","1":"product","2":"type-product","3":"status-publish","4":"has-post-thumbnail","6":"product_cat-podklady-gruntujace-zaprawy-kleje-cementy","7":"product_tag-farby","8":"product_tag-grunt","9":"product_tag-materialy-budowlane","10":"product_tag-sniezka","12":"first","13":"onbackorder","14":"shipping-taxable","15":"product-type-simple"},"acf":[],"_links":{"self":[{"href":"https:\/\/e-adams.pl\/de\/wp-json\/wp\/v2\/product\/12147","targetHints":{"allow":["GET"]}}],"collection":[{"href":"https:\/\/e-adams.pl\/de\/wp-json\/wp\/v2\/product"}],"about":[{"href":"https:\/\/e-adams.pl\/de\/wp-json\/wp\/v2\/types\/product"}],"replies":[{"embeddable":true,"href":"https:\/\/e-adams.pl\/de\/wp-json\/wp\/v2\/comments?post=12147"}],"wp:featuredmedia":[{"embeddable":true,"href":"https:\/\/e-adams.pl\/de\/wp-json\/wp\/v2\/media\/12281"}],"wp:attachment":[{"href":"https:\/\/e-adams.pl\/de\/wp-json\/wp\/v2\/media?parent=12147"}],"wp:term":[{"taxonomy":"product_cat","embeddable":true,"href":"https:\/\/e-adams.pl\/de\/wp-json\/wp\/v2\/product_cat?post=12147"},{"taxonomy":"product_tag","embeddable":true,"href":"https:\/\/e-adams.pl\/de\/wp-json\/wp\/v2\/product_tag?post=12147"}],"curies":[{"name":"wp","href":"https:\/\/api.w.org\/{rel}","templated":true}]}}