{"id":12149,"date":"2018-11-29T15:29:59","date_gmt":"2018-11-29T14:29:59","guid":{"rendered":"https:\/\/e-adams.pl\/sklep\/grunt-gu40-polimerowy-uniwersalny-5l-acryl-putz\/"},"modified":"2023-08-18T09:33:08","modified_gmt":"2023-08-18T07:33:08","slug":"grunt-polimerowy-acryl-putz-gu40-5l","status":"publish","type":"product","link":"https:\/\/e-adams.pl\/de\/produkt\/grunt-polimerowy-acryl-putz-gu40-5l\/","title":{"rendered":"Grunt polimerowy ACRYL-PUTZ GU40 &#8211; 5l"},"content":{"rendered":"<h3>Grunt polimerowy ACRYL-PUTZ GU40 &#8211; 5l<\/h3>\n<p><strong>Uniwersalny grunt polimerowy<br \/>\nWydajno\u015b\u0107:<\/strong> do 10 m\u00b2\/l<\/p>\n<p><img loading=\"lazy\" decoding=\"async\" class=\"aligncenter size-full wp-image-12226\" src=\"https:\/\/e-adams.pl\/wp-content\/uploads\/2018\/12\/grunt-polimerowy-acryl-putz-gu40.jpg\" alt=\"grunt polimerowy \u017bary, acryl-putz gu40, grunt uniwersalny \u015bnie\u017cka, grunt pod masy szpachlowe\" width=\"400\" height=\"400\" title=\"\"><\/p>\n<p style=\"text-align: justify;\">ACRYL-PUTZ\u00ae GU 40 Grunt polimerowy uniwersalny zwi\u0119ksza przyczepno\u015b\u0107 oraz zapewnia prawid\u0142owe wysychanie nak\u0142adanych p\u00f3\u017aniej wyrob\u00f3w. Zapobiega zbyt szybkiemu oddawaniu wody do pod\u0142o\u017ca. Wnika w nie i wi\u0105\u017ce lu\u017ane kruszywa. Daje pow\u0142oki lekko satynowe, transparentne, przepuszczalne dla pary wodnej. Produkt zalecany jest pod masy szpachlowe, farby, kleje i pow\u0142oki wyr\u00f3wnuj\u0105ce na sufity, \u015bciany i posadzki znajduj\u0105ce si\u0119 wewn\u0105trz i na zewn\u0105trz pomieszcze\u0144. Preparat przeznaczony do gruntowania mocno ch\u0142onnych pod\u0142o\u017cy ceglanych, cementowych, wapiennych, cementowo- -wapiennych, gipsowych, gipsowo-kartonowych, betonowych itp.<\/p>\n<h3>ZASTOSOWANIE<\/h3>\n<p>&#8211; nowe pod\u0142o\u017ca<br \/>\n&#8211; pod\u0142o\u017ca o du\u017cej ch\u0142onno\u015bci\/mocno ch\u0142onne<br \/>\n&#8211; p\u0142yty OSB przed malowaniem<br \/>\n&#8211; nowe pod\u0142o\u017ca cementowe lub cementowo-wapienne przed szpachlowaniem<br \/>\n&#8211; nowe pod\u0142o\u017c\u0105 G-K przed szpachlowaniem<br \/>\n&#8211; wylewki pod p\u0142ytki ceramiczne<br \/>\n&#8211; tynki gipsowe przed szpachlowanie<br \/>\n&#8211; nowe pod\u0142o\u017ca z na\u0142o\u017con\u0105 g\u0142adzi\u0105 szpachlow\u0105<br \/>\n&#8211; przyci\u0119te kraw\u0119dzie p\u0142yt G-K<br \/>\n&#8211; ubytki, dziury przed naprawianiem<br \/>\n&#8211; tapety<\/p>\n","protected":false},"excerpt":{"rendered":"<h3 style=\"color: #0099cc;\">Sprawd\u017a cen\u0119 i aktualny stan w sklepie<br \/>\n<strong>Kontakt:<\/strong> <a href=\"mailto:info@e-adams.pl\"><u><b>info@e-adams.pl<\/b><\/u><\/a><\/h3>\n","protected":false},"featured_media":12226,"comment_status":"open","ping_status":"closed","template":"","meta":{"_acf_changed":false,"inline_featured_image":false},"product_cat":[279],"product_tag":[961,772,950,173],"class_list":{"0":"post-12149","1":"product","2":"type-product","3":"status-publish","4":"has-post-thumbnail","6":"product_cat-podklady-gruntujace-zaprawy-kleje-cementy","7":"product_tag-acryl-putz","8":"product_tag-grunt","9":"product_tag-materialy-budowlane","10":"product_tag-sniezka","12":"first","13":"onbackorder","14":"shipping-taxable","15":"product-type-simple"},"acf":[],"_links":{"self":[{"href":"https:\/\/e-adams.pl\/de\/wp-json\/wp\/v2\/product\/12149","targetHints":{"allow":["GET"]}}],"collection":[{"href":"https:\/\/e-adams.pl\/de\/wp-json\/wp\/v2\/product"}],"about":[{"href":"https:\/\/e-adams.pl\/de\/wp-json\/wp\/v2\/types\/product"}],"replies":[{"embeddable":true,"href":"https:\/\/e-adams.pl\/de\/wp-json\/wp\/v2\/comments?post=12149"}],"wp:featuredmedia":[{"embeddable":true,"href":"https:\/\/e-adams.pl\/de\/wp-json\/wp\/v2\/media\/12226"}],"wp:attachment":[{"href":"https:\/\/e-adams.pl\/de\/wp-json\/wp\/v2\/media?parent=12149"}],"wp:term":[{"taxonomy":"product_cat","embeddable":true,"href":"https:\/\/e-adams.pl\/de\/wp-json\/wp\/v2\/product_cat?post=12149"},{"taxonomy":"product_tag","embeddable":true,"href":"https:\/\/e-adams.pl\/de\/wp-json\/wp\/v2\/product_tag?post=12149"}],"curies":[{"name":"wp","href":"https:\/\/api.w.org\/{rel}","templated":true}]}}