{"id":12150,"date":"2018-11-29T15:30:00","date_gmt":"2018-11-29T14:30:00","guid":{"rendered":"https:\/\/e-adams.pl\/sklep\/eco-prim-grip-grunt-5l\/"},"modified":"2024-07-15T11:31:14","modified_gmt":"2024-07-15T09:31:14","slug":"grunt-mapei-eco-prim-grip-5l","status":"publish","type":"product","link":"https:\/\/e-adams.pl\/de\/produkt\/grunt-mapei-eco-prim-grip-5l\/","title":{"rendered":"Grunt MAPEI ECO-PRIM GRIP &#8211; 5l"},"content":{"rendered":"<h3>Grunt MAPEI ECO-PRIM GRIP &#8211; 5l<\/h3>\n<p><strong>Uniwersalny, gotowy do u\u017cycia preparat gruntuj\u0105cy pod tynki, g\u0142adzie, masy samopoziomuj\u0105ce i kleje do ceramiki<br \/>\nZu\u017cycie:<\/strong> ok. 0,20 do 0,30 kg\/m2<\/p>\n<p style=\"text-align: justify;\">Uniwersalny, gotowy do u\u017cycia preparat gruntuj\u0105cy na bazie wodnej dyspersji \u017cywicy akrylowej z dodatkiem kruszywa kwarcowego, o bardzo niskiej emisji lotnych zwi\u0105zk\u00f3w organicznych (VOC), do zastosowania pod tynki, g\u0142adzie, masy samopoziomuj\u0105ce i kleje do ceramiki.<\/p>\n<p><a href=\"https:\/\/e-adams.pl\/wp-content\/uploads\/2018\/11\/grunt-mapei-eco-prim-grip-5l.jpg\"><img loading=\"lazy\" decoding=\"async\" class=\"aligncenter size-full wp-image-12195\" src=\"https:\/\/e-adams.pl\/wp-content\/uploads\/2018\/11\/grunt-mapei-eco-prim-grip-5l.jpg\" alt=\"grunt mapei \u017bary, Mapei eco prim grip 5l, Podk\u0142ad gruntuj\u0105cy mapei, preparat gruntuj\u0105cy mapei\" width=\"400\" height=\"400\" title=\"\"><\/a><\/p>\n<p style=\"text-align: justify;\">Gotowy do u\u017cycia uniwersalny preparat gruntuj\u0105cy do stosowania na powierzchniach zewn\u0119trznych i wewn\u0119trznych, \u015bcianach i pod\u0142ogach. Eco Prim Grip mo\u017ce by\u0107 stosowany w celu poprawy przyczepno\u015bci wszelkiego rodzaju tynk\u00f3w cementowo-wapiennych i gipsowych na pod\u0142o\u017cach z betonu, wyrob\u00f3w ceramicznych, wibroprasowanych bloczk\u00f3w betonowych, pustak\u00f3w i bloczk\u00f3w gipsowych, kt\u00f3re charakteryzuj\u0105 si\u0119 zmniejszon\u0105 ch\u0142onno\u015bci\u0105 oraz g\u0142adk\u0105 i zwart\u0105 struktur\u0105 powierzchni. Eco Prim Grip poprawia r\u00f3wnie\u017c znacznie przyczepno\u015b\u0107 g\u0142adzi i mas samopoziomuj\u0105cych oraz klej\u00f3w do ceramiki, do wewn\u0119trznych powierzchni niech\u0142onnych takich jak posadzki ceramiczne, lastryko i kamie\u0144 naturalny.<\/p>\n<h3>ZASTOSOWANIE<\/h3>\n<p style=\"text-align: justify;\">&#8211; nak\u0142adanie tynk\u00f3w na pod\u0142o\u017ca z betonu, wyrob\u00f3w ceramicznych, itd.<br \/>\n&#8211; nak\u0142adanie g\u0142adzi na istniej\u0105ce pod\u0142ogi z ceramiki, lastryko lub kamienia naturalnego w pomieszczeniach wewn\u0119trznych;<br \/>\n&#8211; wylewanie mas samopoziomuj\u0105cych na g\u0142adkie pod\u0142o\u017ca o zmniejszonej nasi\u0105kliwo\u015bci lub niech\u0142onne;<br \/>\n&#8211; uk\u0142adanie p\u0142ytek ceramicznych i kamienia naturalnego na istniej\u0105cych posadzkach ceramicznych (r\u00f3wnie\u017c ogrzewanych) w pomieszczeniach wewn\u0119trznych.<br \/>\n&#8211; uk\u0142adanie p\u0142ytek i kamienia naturalnego oraz wykonywanie warstw wyr\u00f3wnuj\u0105cych na pod\u0142o\u017cach metalowych;<br \/>\n&#8211; uk\u0142adanie p\u0142ytek ceramicznych i kamienia naturalnego oraz wykonywanie warstw wyr\u00f3wnuj\u0105cych na stabilnych pod\u0142o\u017cach drewnianych i drewnopochodnych tj. np. p\u0142yty OSB.<\/p>\n","protected":false},"excerpt":{"rendered":"<h3 style=\"color: #0099cc;\">Sprawd\u017a cen\u0119 i aktualny stan w sklepie<br \/>\n<strong>Kontakt:<\/strong> <a href=\"mailto:info@e-adams.pl\"><u><b>info@e-adams.pl<\/b><\/u><\/a><\/h3>\n","protected":false},"featured_media":12197,"comment_status":"open","ping_status":"closed","template":"","meta":{"_acf_changed":false,"inline_featured_image":false},"product_cat":[279],"product_tag":[772,984,950],"class_list":{"0":"post-12150","1":"product","2":"type-product","3":"status-publish","4":"has-post-thumbnail","6":"product_cat-podklady-gruntujace-zaprawy-kleje-cementy","7":"product_tag-grunt","8":"product_tag-mapei","9":"product_tag-materialy-budowlane","11":"first","12":"instock","13":"shipping-taxable","14":"purchasable","15":"product-type-simple"},"acf":[],"_links":{"self":[{"href":"https:\/\/e-adams.pl\/de\/wp-json\/wp\/v2\/product\/12150","targetHints":{"allow":["GET"]}}],"collection":[{"href":"https:\/\/e-adams.pl\/de\/wp-json\/wp\/v2\/product"}],"about":[{"href":"https:\/\/e-adams.pl\/de\/wp-json\/wp\/v2\/types\/product"}],"replies":[{"embeddable":true,"href":"https:\/\/e-adams.pl\/de\/wp-json\/wp\/v2\/comments?post=12150"}],"wp:featuredmedia":[{"embeddable":true,"href":"https:\/\/e-adams.pl\/de\/wp-json\/wp\/v2\/media\/12197"}],"wp:attachment":[{"href":"https:\/\/e-adams.pl\/de\/wp-json\/wp\/v2\/media?parent=12150"}],"wp:term":[{"taxonomy":"product_cat","embeddable":true,"href":"https:\/\/e-adams.pl\/de\/wp-json\/wp\/v2\/product_cat?post=12150"},{"taxonomy":"product_tag","embeddable":true,"href":"https:\/\/e-adams.pl\/de\/wp-json\/wp\/v2\/product_tag?post=12150"}],"curies":[{"name":"wp","href":"https:\/\/api.w.org\/{rel}","templated":true}]}}