{"id":12151,"date":"2018-11-29T15:30:01","date_gmt":"2018-11-29T14:30:01","guid":{"rendered":"https:\/\/e-adams.pl\/sklep\/primer-g-5-kg\/"},"modified":"2023-08-18T09:32:46","modified_gmt":"2023-08-18T07:32:46","slug":"grunt-mapei-primer-g-5kg","status":"publish","type":"product","link":"https:\/\/e-adams.pl\/de\/produkt\/grunt-mapei-primer-g-5kg\/","title":{"rendered":"Grunt MAPEI PRIMER G &#8211; 5kg"},"content":{"rendered":"<h3>Grunt MAPEI PRIMER G &#8211; 5kg<\/h3>\n<p><strong>Dyspersyjny \u015brodek gruntuj\u0105cy<br \/>\nWydajno\u015b\u0107:<\/strong> ok. 0,1-0,2 kg na 1 m2<br \/>\nSkoncentrowany preparat gruntuj\u0105cy na bazie \u017cywic syntetycznych w dyspersji wodnej, do pod\u0142o\u017cy ch\u0142onnych.<\/p>\n<p><img loading=\"lazy\" decoding=\"async\" class=\"aligncenter size-full wp-image-12271\" src=\"https:\/\/e-adams.pl\/wp-content\/uploads\/2018\/12\/grunt-mapei-primer-g-5kg.jpg\" alt=\"grunt mapei \u017bary, podk\u0142ad gruntuj\u0105cy Mapei primer g, 5kg, preparat gruntuj\u0105cy, p\u0142ynny grunt, grunt mapei kanister\" width=\"400\" height=\"400\" title=\"\"><\/p>\n<p style=\"text-align: justify;\">Primer G jest dyspersyjnym \u015brodkiem gruntuj\u0105cym na bazie \u017cywic syntetycznych, kt\u00f3ry po na\u0142o\u017ceniu i wyschni\u0119ciu tworzy na powierzchni elastyczn\u0105, zwart\u0105 i po\u0142yskliw\u0105 warstw\u0119. Warstwa ta wzmacnia powierzchni\u0119 oraz zwi\u0119ksza przyczepno\u015b\u0107 dla szpachl\u00f3wek, farb, klej\u00f3w, zapraw klejowych do p\u0142ytek i zapraw tynkarskich.<br \/>\nGrunt Mapei Primer G, tworz\u0105c tzw. \u201cfilm\u201d na powierzchniach gipsowych lub cementowych zapobiega reakcji chemicznej pomi\u0119dzy siarczanami gipsu a glinianami cementu, w wyniku kt\u00f3rej w \u015brodowisku wilgotnym powstaje zwi\u0105zek zwany etringit kt\u00f3ry powoduje odspajanie si\u0119 p\u0142ytek od pod\u0142o\u017ca. Produkt pozwala na zmniejszenie zu\u017cycia kleju do tapet oraz u\u0142atwia p\u00f3\u017aniejsze ich usuwanie. Proporcje rozcie\u0144czania: od 1:1 do 1:3 wod\u0105 w zale\u017cno\u015bci od ch\u0142onno\u015bci pod\u0142o\u017ca.<\/p>\n<p>&#8211; Do gruntowania pod\u0142o\u017cy gipsowych przed uk\u0142adaniem p\u0142ytek ceramicznych.<br \/>\n&#8211; Jako warstwa sczepna przy tynkach gipsowych nanoszonych agregatem.<br \/>\n&#8211; W celu zwi\u0119kszenia przyczepno\u015bci szpachl\u00f3wek do pod\u0142o\u017cy cementowych lub anhydrytowych, gipsowych, asfaltowych, ceramicznych i marmurowych.<br \/>\n&#8211; W celu wyregulowania ch\u0142onno\u015bci pod\u0142o\u017cy cementowych i gipsowych.<br \/>\n&#8211; Na \u015bcianach gipsowych przed klejeniem tapet.<br \/>\n&#8211; Przed uk\u0142adaniem p\u0142ytek ceramicznych przy u\u017cyciu cementowych zapraw klej\u0105cych na:<br \/>\n&#8212; tynkach gipsowych;<br \/>\n&#8212; p\u0142ytach kartonowo-gipsowych i prefabrykowanych;<br \/>\n&#8212; p\u0142ytach gipsowych zbrojonych siatk\u0105 z w\u0142\u00f3kna<br \/>\nszklanego;<br \/>\n\u2013 jastrychach anhydrytowych.<br \/>\n&#8211; Gruntowanie \u015bcian gipsowych, gazobetonu, p\u0142yt wi\u00f3rowych, tynk\u00f3w, itp. przed tapetowaniem lub malowaniem.<br \/>\n&#8211; kolor: niebieski<\/p>\n","protected":false},"excerpt":{"rendered":"<h3 style=\"color: #0099cc;\">Sprawd\u017a cen\u0119 i aktualny stan w sklepie<br \/>\n<strong>Kontakt:<\/strong> <a href=\"mailto:info@e-adams.pl\"><u><b>info@e-adams.pl<\/b><\/u><\/a><\/h3>\n","protected":false},"featured_media":12271,"comment_status":"open","ping_status":"closed","template":"","meta":{"_acf_changed":false,"inline_featured_image":false},"product_cat":[279],"product_tag":[772,984,950],"class_list":{"0":"post-12151","1":"product","2":"type-product","3":"status-publish","4":"has-post-thumbnail","6":"product_cat-podklady-gruntujace-zaprawy-kleje-cementy","7":"product_tag-grunt","8":"product_tag-mapei","9":"product_tag-materialy-budowlane","11":"first","12":"onbackorder","13":"shipping-taxable","14":"product-type-simple"},"acf":[],"_links":{"self":[{"href":"https:\/\/e-adams.pl\/de\/wp-json\/wp\/v2\/product\/12151","targetHints":{"allow":["GET"]}}],"collection":[{"href":"https:\/\/e-adams.pl\/de\/wp-json\/wp\/v2\/product"}],"about":[{"href":"https:\/\/e-adams.pl\/de\/wp-json\/wp\/v2\/types\/product"}],"replies":[{"embeddable":true,"href":"https:\/\/e-adams.pl\/de\/wp-json\/wp\/v2\/comments?post=12151"}],"wp:featuredmedia":[{"embeddable":true,"href":"https:\/\/e-adams.pl\/de\/wp-json\/wp\/v2\/media\/12271"}],"wp:attachment":[{"href":"https:\/\/e-adams.pl\/de\/wp-json\/wp\/v2\/media?parent=12151"}],"wp:term":[{"taxonomy":"product_cat","embeddable":true,"href":"https:\/\/e-adams.pl\/de\/wp-json\/wp\/v2\/product_cat?post=12151"},{"taxonomy":"product_tag","embeddable":true,"href":"https:\/\/e-adams.pl\/de\/wp-json\/wp\/v2\/product_tag?post=12151"}],"curies":[{"name":"wp","href":"https:\/\/api.w.org\/{rel}","templated":true}]}}