{"id":12152,"date":"2018-11-29T15:30:02","date_gmt":"2018-11-29T14:30:02","guid":{"rendered":"https:\/\/e-adams.pl\/sklep\/optiva-primer-09l-farba-gruntujaca\/"},"modified":"2024-07-15T11:31:10","modified_gmt":"2024-07-15T09:31:10","slug":"farba-gruntujaca-tikkurila-optiva-primer-09l","status":"publish","type":"product","link":"https:\/\/e-adams.pl\/de\/produkt\/farba-gruntujaca-tikkurila-optiva-primer-09l\/","title":{"rendered":"Farba gruntuj\u0105ca TIKKURILA OPTIVA PRIMER 0,9l"},"content":{"rendered":"<h3>OPIS:<\/h3>\n<p>Farba gruntuj\u0105ca <a href=\"https:\/\/e-adams.pl\/tikkurila\/\">TIKKURILA<\/a> OPTIVA PRIMER jest wodorozcie\u0144czalna farba akrylowa przeznaczona do gruntowania \u015bcian i sufit\u00f3w wewn\u0105trz pomieszcze\u0144. Zmniejsza i wyr\u00f3wnuje ch\u0142onno\u015b\u0107 pod\u0142o\u017ca zwi\u0119kszaj\u0105c wydajno\u015b\u0107 farb nawierzchniowych. U\u0142atwia malowanie poprzez popraw\u0119 przyczepno\u015bci farby nawierzchniowej do pod\u0142o\u017ca.<\/p>\n<p>Farb\u0119 wyr\u00f3\u017cnia ekologiczna i bezpieczna dla zdrowia i \u015brodowiska receptura, kt\u00f3rej potwierdzeniem jest mi\u0119dzynarodowy certyfikat EU Ecolabel oraz rekomendacja Polskiego Towarzystwa Alergologicznego.\u00a0 Posiada minimaln\u0105 zawarto\u015b\u0107 Lotnych Zwi\u0105zk\u00f3w Organicznych, poni\u017cej 2g\/l.<\/p>\n<p><strong>Zastosowanie:<\/strong>\u00a0\u015aciany i sufity wewn\u0105trz pomieszcze\u0144 mieszkalnych, biurowych i u\u017cyteczno\u015bci publicznej. P\u0142yty gipspwp-kartonowe, tynki cementowo- wapienne, dekoracyjne malowanie pod\u0142o\u017cy betonowych<\/p>\n<h3>DANE TECHNICZNE:<\/h3>\n<p>\u2022 Wydajno\u015b\u0107: 6\u20138 m\u00b2\/l przy jednokrotnym malowaniu. Wydajno\u015b\u0107 uzale\u017cniona jest od takich czynnik\u00f3w, jak porowato\u015b\u0107 i struktura pod\u0142o\u017ca oraz metoda aplikacji.<br \/>\n\u2022 Rozcie\u0144czalnik: Wodorozcie\u0144czalny<br \/>\n\u2022 Metody aplikacji: natrysk, p\u0119dzel, wa\u0142ek<br \/>\n\u2022 Opakowania: 0,9l, 2,7l, 9l.<br \/>\n\u2022 Stopie\u0144 po\u0142ysku:\u00a0pe\u0142ny mat.<br \/>\n\u2022 Kod EAN: 5902829027600<\/p>\n","protected":false},"excerpt":{"rendered":"<p>Farba gruntuj\u0105ca TIKKURILA OPTIVA PRIMER jest wodorozcie\u0144czalna farba akrylowa przeznaczona do gruntowania \u015bcian i sufit\u00f3w wewn\u0105trz pomieszcze\u0144. Zmniejsza i wyr\u00f3wnuje ch\u0142onno\u015b\u0107 pod\u0142o\u017ca zwi\u0119kszaj\u0105c wydajno\u015b\u0107 farb nawierzchniowych. U\u0142atwia malowanie poprzez popraw\u0119 przyczepno\u015bci farby nawierzchniowej do pod\u0142o\u017ca.<\/p>\n<p>&nbsp;<\/p>\n","protected":false},"featured_media":23039,"comment_status":"open","ping_status":"closed","template":"","meta":{"_acf_changed":false,"inline_featured_image":false},"product_cat":[331],"product_tag":[2452,2456,342],"class_list":{"0":"post-12152","1":"product","2":"type-product","3":"status-publish","4":"has-post-thumbnail","6":"product_cat-farby-podkladowe","7":"product_tag-farba-gruntujaca","8":"product_tag-optiva-primer","9":"product_tag-tikkurila","11":"first","12":"instock","13":"shipping-taxable","14":"purchasable","15":"product-type-simple"},"acf":[],"_links":{"self":[{"href":"https:\/\/e-adams.pl\/de\/wp-json\/wp\/v2\/product\/12152","targetHints":{"allow":["GET"]}}],"collection":[{"href":"https:\/\/e-adams.pl\/de\/wp-json\/wp\/v2\/product"}],"about":[{"href":"https:\/\/e-adams.pl\/de\/wp-json\/wp\/v2\/types\/product"}],"replies":[{"embeddable":true,"href":"https:\/\/e-adams.pl\/de\/wp-json\/wp\/v2\/comments?post=12152"}],"wp:featuredmedia":[{"embeddable":true,"href":"https:\/\/e-adams.pl\/de\/wp-json\/wp\/v2\/media\/23039"}],"wp:attachment":[{"href":"https:\/\/e-adams.pl\/de\/wp-json\/wp\/v2\/media?parent=12152"}],"wp:term":[{"taxonomy":"product_cat","embeddable":true,"href":"https:\/\/e-adams.pl\/de\/wp-json\/wp\/v2\/product_cat?post=12152"},{"taxonomy":"product_tag","embeddable":true,"href":"https:\/\/e-adams.pl\/de\/wp-json\/wp\/v2\/product_tag?post=12152"}],"curies":[{"name":"wp","href":"https:\/\/api.w.org\/{rel}","templated":true}]}}