{"id":12155,"date":"2018-11-29T15:30:06","date_gmt":"2018-11-29T14:30:06","guid":{"rendered":"https:\/\/e-adams.pl\/sklep\/atlas-cerplast-15kg-grunt-pod-tynki\/"},"modified":"2024-07-15T11:31:09","modified_gmt":"2024-07-15T09:31:09","slug":"grunt-pod-tynki-atlas-cerplast-15kg","status":"publish","type":"product","link":"https:\/\/e-adams.pl\/de\/produkt\/grunt-pod-tynki-atlas-cerplast-15kg\/","title":{"rendered":"Grunt pod tynki ATLAS CERPLAST &#8211; 15kg"},"content":{"rendered":"<h3>Grunt pod tynki ATLAS CERPLAST &#8211; 15kg<\/h3>\n<p><strong>Podk\u0142adowa masa tynkarska<br \/>\nWydajno\u015b\u0107: <\/strong>oko\u0142o 0,3 kg\/m2<\/p>\n<p><img loading=\"lazy\" decoding=\"async\" class=\"aligncenter size-full wp-image-12172\" src=\"https:\/\/e-adams.pl\/wp-content\/uploads\/2018\/11\/grunt-pod-tynki-atlas-cerplast-15kg.jpg\" alt=\"grunt pod tynki atlas \u017bary, Atlas cerplast 15kg, podk\u0142adowa masa tynkarska, masy tynkarskie \u017bary, Tynki Adams \u017bary, wzmocnienie pod\u0142o\u017ca pod tynk\" width=\"400\" height=\"400\" title=\"\"><\/p>\n<p style=\"text-align: justify;\">ATLAS CERPLAST produkowany jest w postaci gotowej do u\u017cycia masy na bazie \u017cywic akrylowych i m\u0105czek kwarcowych. Zawiera kruszywo \u2013 zwi\u0119ksza przyczepno\u015b\u0107 dzi\u0119ki znacznemu rozwini\u0119ciu efektywnej powierzchni pomi\u0119dzy warstwami (tworzy powierzchni\u0119 chropowat\u0105). Chroni pod\u0142o\u017ce przed niekorzystnym oddzia\u0142ywaniem nowej warstwy \u2013 stanowi chemiczn\u0105 barier\u0119 pomi\u0119dzy pod\u0142o\u017cem a tynkiem, ograniczaj\u0105c wzajemne ich oddzia\u0142ywanie &#8211; ogranicza przebijanie koloru z pod\u0142o\u017ca i powstawanie plam na powierzchni tynku. Posiada wysok\u0105 przyczepno\u015b\u0107 &#8211; do betonu min. 1,0 MPa. Zwi\u0119ksza przyczepno\u015b\u0107 &#8211; silnie przylega do pod\u0142o\u017ca oraz do nak\u0142adanych tynk\u00f3w. Ogranicza ch\u0142onno\u015b\u0107 pod\u0142o\u017ca &#8211; zapobiega zbyt intensywnemu oddawaniu do pod\u0142o\u017ca wody ze \u015bwie\u017co nak\u0142adanych tynk\u00f3w. U\u0142atwia nak\u0142adanie kolejnej warstwy<\/p>\n<p>&#8211; zapewnia idealn\u0105 przyczepno\u015b\u0107, redukuje ch\u0142onno\u015b\u0107<br \/>\n&#8211; wyr\u00f3wnuje kolorystyk\u0119 pod\u0142o\u017ca<br \/>\n&#8211; wzmacnia pod\u0142o\u017ca, u\u0142atwia nak\u0142adanie i fakturowanie<br \/>\n&#8211; bia\u0142y z mo\u017cliwo\u015bci\u0105 zabarwienia<\/p>\n<h3>ZASTOSOWANIE<\/h3>\n<p>Malowanie g\u0142adzi szpachlowych, p\u0142yt kartonowo-gipsowych, tynk\u00f3w gipsowych, cementowo-wapiennych, pod\u0142o\u017cy betonowych.<\/p>\n<h3>CZAS SCHNI\u0118CIA<\/h3>\n<p>Malowanie warstwy nawierzchniowej najkorzystniej przeprowadzi\u0107 po min. 4 godzinach.<\/p>\n","protected":false},"excerpt":{"rendered":"<h3 style=\"color: #0099cc;\">Sprawd\u017a cen\u0119 i aktualny stan w sklepie<br \/>\n<strong>Kontakt:<\/strong> <a href=\"mailto:info@e-adams.pl\"><u><b>info@e-adams.pl<\/b><\/u><\/a><\/h3>\n","protected":false},"featured_media":12172,"comment_status":"open","ping_status":"closed","template":"","meta":{"_acf_changed":false,"inline_featured_image":false},"product_cat":[279],"product_tag":[265,772,950],"class_list":{"0":"post-12155","1":"product","2":"type-product","3":"status-publish","4":"has-post-thumbnail","6":"product_cat-podklady-gruntujace-zaprawy-kleje-cementy","7":"product_tag-atlas","8":"product_tag-grunt","9":"product_tag-materialy-budowlane","11":"first","12":"instock","13":"shipping-taxable","14":"purchasable","15":"product-type-simple"},"acf":[],"_links":{"self":[{"href":"https:\/\/e-adams.pl\/de\/wp-json\/wp\/v2\/product\/12155","targetHints":{"allow":["GET"]}}],"collection":[{"href":"https:\/\/e-adams.pl\/de\/wp-json\/wp\/v2\/product"}],"about":[{"href":"https:\/\/e-adams.pl\/de\/wp-json\/wp\/v2\/types\/product"}],"replies":[{"embeddable":true,"href":"https:\/\/e-adams.pl\/de\/wp-json\/wp\/v2\/comments?post=12155"}],"wp:featuredmedia":[{"embeddable":true,"href":"https:\/\/e-adams.pl\/de\/wp-json\/wp\/v2\/media\/12172"}],"wp:attachment":[{"href":"https:\/\/e-adams.pl\/de\/wp-json\/wp\/v2\/media?parent=12155"}],"wp:term":[{"taxonomy":"product_cat","embeddable":true,"href":"https:\/\/e-adams.pl\/de\/wp-json\/wp\/v2\/product_cat?post=12155"},{"taxonomy":"product_tag","embeddable":true,"href":"https:\/\/e-adams.pl\/de\/wp-json\/wp\/v2\/product_tag?post=12155"}],"curies":[{"name":"wp","href":"https:\/\/api.w.org\/{rel}","templated":true}]}}