{"id":12156,"date":"2018-11-29T15:30:07","date_gmt":"2018-11-29T14:30:07","guid":{"rendered":"https:\/\/e-adams.pl\/sklep\/atlas-uni-grunt-1l\/"},"modified":"2023-11-20T09:21:17","modified_gmt":"2023-11-20T08:21:17","slug":"emulsja-gruntujaca-atlas-uni-grunt-1l","status":"publish","type":"product","link":"https:\/\/e-adams.pl\/de\/produkt\/emulsja-gruntujaca-atlas-uni-grunt-1l\/","title":{"rendered":"Emulsja gruntuj\u0105ca ATLAS UNI-GRUNT &#8211; 1l"},"content":{"rendered":"<h3>Emulsja gruntuj\u0105ca ATLAS UNI-GRUNT &#8211; 1l<\/h3>\n<p><strong>Szybkoschn\u0105ca emulsja gruntuj\u0105ca pod posadzki, hydroizolacje, kleje, tynki, g\u0142adzie, farby<br \/>\nZu\u017cycie: <\/strong>0,05 &#8211; 0,2 kg\/1 m2<\/p>\n<p><img loading=\"lazy\" decoding=\"async\" class=\"aligncenter size-full wp-image-12181\" src=\"https:\/\/e-adams.pl\/wp-content\/uploads\/2018\/11\/emulsja-gruntujaca-atlas-uni-grunt-1l.jpg\" alt=\"emulsja gruntuj\u0105ca atlas, Atlas uni-grunt, szybkoschn\u0105ca emulsja do gruntowania, impregnat do gruntowania, \u017cywice polimerowe grunt, Sklep z materia\u0142ami budowlanymi \u017bary\" width=\"400\" height=\"400\" title=\"\"><\/p>\n<p style=\"text-align: justify;\">ATLAS UNI-GRUNT jest impregnatem do gruntowania, produkowanym na bazie najwy\u017cszej jako\u015bci wodnej dyspersji \u017cywic polimerowych. Przeznaczony jest do aplikacji w podwy\u017cszonej temperaturze, w zakresie od 5 \u00b0C do 30 \u00b0C, wewn\u0105trz i na zewn\u0105trz budynk\u00f3w. W zale\u017cno\u015bci od warunk\u00f3w temperaturowych i wilgotno\u015bci powietrza, aplikacja nowych warstw na zagruntowanym pod\u0142o\u017cu mo\u017cliwa jest ju\u017c po:<br \/>\n&#8211; po 15 minutach \u2013 dotyczy zapraw klej\u0105cych ATLAS oraz pow\u0142ok malarskich na tynkach cementowo-wapiennych, pustakach silikatowych i bloczkach gazobetonowych,<br \/>\n&#8211; po 2 godzinach \u2013 dotyczy posadzek i podk\u0142ad\u00f3w samopoziomuj\u0105cych.<\/p>\n<p style=\"text-align: justify;\">Atlas UNIGRUNT wzmacnia powierzchniowo gruntowane pod\u0142o\u017ca mineralne, wnika w struktur\u0119 materia\u0142u, wzmacnia j\u0105 i poprawia jej no\u015bno\u015b\u0107. Ogranicza ch\u0142onno\u015b\u0107 pod\u0142o\u017ca, zapobiegaj\u0105c \u201eodci\u0105ganiu\u201d nadmiernej ilo\u015bci wody z produktu nak\u0142adanego na zagruntowane pod\u0142o\u017ca: podk\u0142ady cementowe z ogrzewaniem pod\u0142ogowym lub bez, r\u00f3\u017cnego rodzaju tynki, itp. Ponadto uszczelniaj\u0105c struktur\u0119 gruntowanego pod\u0142o\u017ca, zwi\u0119ksza wydajno\u015b\u0107 materia\u0142\u00f3w ( np. farb) u\u017cytych do wykonania kolejnej warstwy, redukuje zu\u017cycie.<\/p>\n","protected":false},"excerpt":{"rendered":"<p>Emulsja gruntuj\u0105ca ATLAS UNI-GRUNT &#8211; 1l Szybkoschn\u0105ca emulsja gruntuj\u0105ca pod posadzki, hydroizolacje, kleje, tynki, g\u0142adzie, farby Zu\u017cycie: 0,05 &#8211; 0,2 kg\/1 m2 ATLAS UNI-GRUNT jest impregnatem do gruntowania, produkowanym na bazie najwy\u017cszej jako\u015bci wodnej dyspersji&#8230;<\/p>\n<div class=\"text-center\"><a class=\"button-link\" href=\"https:\/\/e-adams.pl\/de\/produkt\/emulsja-gruntujaca-atlas-uni-grunt-1l\/\">Czytaj wi\u0119cej<\/a><\/div>\n","protected":false},"featured_media":12185,"comment_status":"open","ping_status":"closed","template":"","meta":{"_acf_changed":false,"inline_featured_image":false},"product_cat":[279],"product_tag":[265,772,950],"class_list":{"0":"post-12156","1":"product","2":"type-product","3":"status-publish","4":"has-post-thumbnail","6":"product_cat-podklady-gruntujace-zaprawy-kleje-cementy","7":"product_tag-atlas","8":"product_tag-grunt","9":"product_tag-materialy-budowlane","11":"first","12":"onbackorder","13":"shipping-taxable","14":"product-type-simple"},"acf":[],"_links":{"self":[{"href":"https:\/\/e-adams.pl\/de\/wp-json\/wp\/v2\/product\/12156","targetHints":{"allow":["GET"]}}],"collection":[{"href":"https:\/\/e-adams.pl\/de\/wp-json\/wp\/v2\/product"}],"about":[{"href":"https:\/\/e-adams.pl\/de\/wp-json\/wp\/v2\/types\/product"}],"replies":[{"embeddable":true,"href":"https:\/\/e-adams.pl\/de\/wp-json\/wp\/v2\/comments?post=12156"}],"wp:featuredmedia":[{"embeddable":true,"href":"https:\/\/e-adams.pl\/de\/wp-json\/wp\/v2\/media\/12185"}],"wp:attachment":[{"href":"https:\/\/e-adams.pl\/de\/wp-json\/wp\/v2\/media?parent=12156"}],"wp:term":[{"taxonomy":"product_cat","embeddable":true,"href":"https:\/\/e-adams.pl\/de\/wp-json\/wp\/v2\/product_cat?post=12156"},{"taxonomy":"product_tag","embeddable":true,"href":"https:\/\/e-adams.pl\/de\/wp-json\/wp\/v2\/product_tag?post=12156"}],"curies":[{"name":"wp","href":"https:\/\/api.w.org\/{rel}","templated":true}]}}