{"id":12157,"date":"2018-11-29T15:30:08","date_gmt":"2018-11-29T14:30:08","guid":{"rendered":"https:\/\/e-adams.pl\/sklep\/atlas-gruntoplast-5kg\/"},"modified":"2024-07-15T11:31:09","modified_gmt":"2024-07-15T09:31:09","slug":"warstwa-sczepna-atlas-grunto-plast-5kg","status":"publish","type":"product","link":"https:\/\/e-adams.pl\/de\/produkt\/warstwa-sczepna-atlas-grunto-plast-5kg\/","title":{"rendered":"Warstwa sczepna ATLAS GRUNTO-PLAST &#8211; 5kg"},"content":{"rendered":"<h3>Warstwa sczepna ATLAS GRUNTO-PLAST &#8211; 5kg<\/h3>\n<p><strong>Warstwa sczepna na trudne pod\u0142o\u017ca pod posadzki, hydroizolacje, kleje, tynki, g\u0142adzie<br \/>\nZu\u017cycie: <\/strong>ok. 0,3 kg masy na 1 m2<\/p>\n<p><img loading=\"lazy\" decoding=\"async\" class=\"aligncenter size-full wp-image-12176\" src=\"https:\/\/e-adams.pl\/wp-content\/uploads\/2018\/11\/warstwa-sczepna-atlas-grunto-plast-5kg.jpg\" alt=\"warstwa sczepna na trudne pod\u0142o\u017ca, atlas grunto-plast 5kg, warstwa sczepna pod posadzki, podk\u0142ad pod hydroizolacje, kleje, podk\u0142ad pod tynki, podk\u0142ad pod g\u0142adzie, Adams \u017bary\" width=\"400\" height=\"400\" title=\"\"><\/p>\n<p style=\"text-align: justify;\">ATLAS GRUNTO-PLAST jest gotow\u0105 do u\u017cycia mas\u0105 zwi\u0119kszaj\u0105c\u0105 przyczepno\u015b\u0107 do pod\u0142o\u017ca (do betonu min. 1,0 MPa) oraz do nowo nak\u0142adanych na niego warstw. Zawarto\u015b\u0107 kruszywa zwi\u0119ksza przyczepno\u015b\u0107 dzi\u0119ki znacznemu rozwini\u0119ciu efektywnej powierzchni pomi\u0119dzy warstwami (tworzy powierzchni\u0119 chropowat\u0105). Przeznaczony do aplikacji w zakresie temperatury od 5 \u00b0C do 30 \u00b0C, wewn\u0105trz i na zewn\u0105trz budynk\u00f3w. Jest produktem koloru bia\u0142ego, co ogranicza przebijanie koloru z pod\u0142o\u017ca i powstawanie plam np. na powierzchni g\u0142adzi.<\/p>\n<p style=\"text-align: justify;\">Produkt stanowi doskona\u0142y grunt na trudne pod\u0142o\u017ca, umo\u017cliwiaj\u0105c aplikacj\u0119 klej\u00f3w, hydroizolacji i innych materia\u0142\u00f3w w spos\u00f3b umo\u017cliwiaj\u0105cy otrzymanie odpowiednich parametr\u00f3w technicznych, nawet na wymagaj\u0105cych pod\u0142o\u017cach takich jak p\u0142yty OSB, stare ok\u0142adziny ceramiczne, lastryko czy podk\u0142ady asfaltowe itp. Ponadto chroni now\u0105 warstw\u0119 przed niekorzystnym oddzia\u0142ywaniem pod\u0142o\u017ca, stanowi\u0105c chemiczn\u0105 barier\u0119 pomi\u0119dzy pod\u0142o\u017cem a nowo nak\u0142adan\u0105 warstw\u0105 i ograniczaj\u0105c wzajemne oddzia\u0142ywanie jednej na drug\u0105.<\/p>\n","protected":false},"excerpt":{"rendered":"<h3 style=\"color: #0099cc;\">Sprawd\u017a cen\u0119 i aktualny stan w sklepie<br \/>\n<strong>Kontakt:<\/strong> <a href=\"mailto:info@e-adams.pl\"><u><b>info@e-adams.pl<\/b><\/u><\/a><\/h3>\n","protected":false},"featured_media":12176,"comment_status":"open","ping_status":"closed","template":"","meta":{"_acf_changed":false,"inline_featured_image":false},"product_cat":[279],"product_tag":[265,950],"class_list":{"0":"post-12157","1":"product","2":"type-product","3":"status-publish","4":"has-post-thumbnail","6":"product_cat-podklady-gruntujace-zaprawy-kleje-cementy","7":"product_tag-atlas","8":"product_tag-materialy-budowlane","10":"first","11":"instock","12":"shipping-taxable","13":"purchasable","14":"product-type-simple"},"acf":[],"_links":{"self":[{"href":"https:\/\/e-adams.pl\/de\/wp-json\/wp\/v2\/product\/12157","targetHints":{"allow":["GET"]}}],"collection":[{"href":"https:\/\/e-adams.pl\/de\/wp-json\/wp\/v2\/product"}],"about":[{"href":"https:\/\/e-adams.pl\/de\/wp-json\/wp\/v2\/types\/product"}],"replies":[{"embeddable":true,"href":"https:\/\/e-adams.pl\/de\/wp-json\/wp\/v2\/comments?post=12157"}],"wp:featuredmedia":[{"embeddable":true,"href":"https:\/\/e-adams.pl\/de\/wp-json\/wp\/v2\/media\/12176"}],"wp:attachment":[{"href":"https:\/\/e-adams.pl\/de\/wp-json\/wp\/v2\/media?parent=12157"}],"wp:term":[{"taxonomy":"product_cat","embeddable":true,"href":"https:\/\/e-adams.pl\/de\/wp-json\/wp\/v2\/product_cat?post=12157"},{"taxonomy":"product_tag","embeddable":true,"href":"https:\/\/e-adams.pl\/de\/wp-json\/wp\/v2\/product_tag?post=12157"}],"curies":[{"name":"wp","href":"https:\/\/api.w.org\/{rel}","templated":true}]}}