{"id":12158,"date":"2018-11-29T15:30:10","date_gmt":"2018-11-29T14:30:10","guid":{"rendered":"https:\/\/e-adams.pl\/sklep\/grunt-pod-tynk-ct16-5kg\/"},"modified":"2024-07-15T11:31:12","modified_gmt":"2024-07-15T09:31:12","slug":"grunt-pod-tynki-ceresit-ct16-5kg","status":"publish","type":"product","link":"https:\/\/e-adams.pl\/de\/produkt\/grunt-pod-tynki-ceresit-ct16-5kg\/","title":{"rendered":"Grunt pod tynki CERESIT CT16 &#8211; 5kg"},"content":{"rendered":"<h3>Grunt pod tynki CERESIT CT16 &#8211; 5kg<\/h3>\n<p><strong>Dyspersja \u017cywic syntetycznych do gruntowania pod\u0142o\u017cy pod tynki cienkowarstwowe, szpachl\u00f3wki oraz pow\u0142oki malarskie<\/strong><\/p>\n<p><img loading=\"lazy\" decoding=\"async\" class=\"aligncenter size-full wp-image-12220\" src=\"https:\/\/e-adams.pl\/wp-content\/uploads\/2018\/11\/grunt-pod-tynki-ceresit-ct16-5kg.jpg\" alt=\"grunt pod tynki ceresit ct16, CERESIT CT 16, Preparat gruntuj\u0105cy ceresit, preparaty gruntuj\u0105ce \u017bary, Dyspersja \u017cywic ceresit, gruntowanie pod\u0142o\u017cy \u017bary, grunt wodoodporny\" width=\"400\" height=\"400\" title=\"\"><\/p>\n<p style=\"text-align: justify;\">Preparat Ceresit CT 16 u\u0142atwia nak\u0142adanie cienkowarstwowych tynk\u00f3w oraz \u201eprzecierek\u201d stosowanych na zewn\u0105trz i wewn\u0105trz budynk\u00f3w. Jest zalecany do gruntowania warstwy zbrojonej siatk\u0105 przy ocieplaniu budynk\u00f3w metod\u0105 lekk\u0105-mokr\u0105 w systemach ocieple\u0144 Ceresit Ceretherm oraz do tradycyjnych tynk\u00f3w. Preparatem CT 16 mo\u017cna te\u017c pokrywa\u0107 powierzchnie p\u0142yt wi\u00f3rowych, gipsowo-kartonowych, tynk\u00f3w gipsowych, wszelkich beton\u00f3w i mocnych pow\u0142ok malarskich. Zagruntowanie pod\u0142o\u017ca preparatem CT 16 zdecydowanie zmniejsza jego nasi\u0105kliwo\u015b\u0107, co zapobiega zbyt szybkiemu przesychaniu nak\u0142adanych potem materia\u0142\u00f3w. Zawarte w CT 16 drobne kruszywo czyni gruntowane powierzchnie szorstkimi i odpornymi na zarysowanie. Rozwija powierzchni\u0119, przez co zwi\u0119ksza przyczepno\u015b\u0107 tynk\u00f3w, szpachl\u00f3wek i farb. Materia\u0142 ma du\u017c\u0105 si\u0142\u0119 krycia i skutecznie ujednolica pod\u0142o\u017ce, zapobiegaj\u0105c powstawaniu plam na kolorowych tynkach akrylowych, mineralnych, silikatowo-silikonowych i silikonowych. Do powierzchniowego wzmacniania nasi\u0105kliwych pod\u0142o\u017cy nale\u017cy stosowa\u0107 preparat Ceresit CT 17.<\/p>\n<p>&#8211; u\u0142atwia nak\u0142adanie tynk\u00f3w<br \/>\n&#8211; zwi\u0119ksza przyczepno\u015b\u0107 do pod\u0142o\u017ca<br \/>\n&#8211; wodoodporny<br \/>\n&#8211; du\u017ca si\u0142a krycia<br \/>\n&#8211; do malowania wa\u0142kiem lub p\u0119dzlem<br \/>\n&#8211; gotowy do u\u017cycia<br \/>\n&#8211; mo\u017cliwo\u015b\u0107 zabarwienia<\/p>\n","protected":false},"excerpt":{"rendered":"<h3 style=\"color: #0099cc;\">Sprawd\u017a cen\u0119 i aktualny stan w sklepie<br \/>\n<strong>Kontakt:<\/strong> <a href=\"mailto:info@e-adams.pl\"><u><b>info@e-adams.pl<\/b><\/u><\/a><\/h3>\n","protected":false},"featured_media":12220,"comment_status":"open","ping_status":"closed","template":"","meta":{"_acf_changed":false,"inline_featured_image":false},"product_cat":[279],"product_tag":[158,772,950],"class_list":{"0":"post-12158","1":"product","2":"type-product","3":"status-publish","4":"has-post-thumbnail","6":"product_cat-podklady-gruntujace-zaprawy-kleje-cementy","7":"product_tag-ceresit","8":"product_tag-grunt","9":"product_tag-materialy-budowlane","11":"first","12":"instock","13":"shipping-taxable","14":"purchasable","15":"product-type-simple"},"acf":[],"_links":{"self":[{"href":"https:\/\/e-adams.pl\/de\/wp-json\/wp\/v2\/product\/12158","targetHints":{"allow":["GET"]}}],"collection":[{"href":"https:\/\/e-adams.pl\/de\/wp-json\/wp\/v2\/product"}],"about":[{"href":"https:\/\/e-adams.pl\/de\/wp-json\/wp\/v2\/types\/product"}],"replies":[{"embeddable":true,"href":"https:\/\/e-adams.pl\/de\/wp-json\/wp\/v2\/comments?post=12158"}],"wp:featuredmedia":[{"embeddable":true,"href":"https:\/\/e-adams.pl\/de\/wp-json\/wp\/v2\/media\/12220"}],"wp:attachment":[{"href":"https:\/\/e-adams.pl\/de\/wp-json\/wp\/v2\/media?parent=12158"}],"wp:term":[{"taxonomy":"product_cat","embeddable":true,"href":"https:\/\/e-adams.pl\/de\/wp-json\/wp\/v2\/product_cat?post=12158"},{"taxonomy":"product_tag","embeddable":true,"href":"https:\/\/e-adams.pl\/de\/wp-json\/wp\/v2\/product_tag?post=12158"}],"curies":[{"name":"wp","href":"https:\/\/api.w.org\/{rel}","templated":true}]}}