{"id":12160,"date":"2018-11-29T15:30:12","date_gmt":"2018-11-29T14:30:12","guid":{"rendered":"https:\/\/e-adams.pl\/sklep\/atlas-optigrunt-5-kg\/"},"modified":"2024-02-15T11:48:53","modified_gmt":"2024-02-15T10:48:53","slug":"emulsja-gruntujaca-atlas-optigrunt-5kg","status":"publish","type":"product","link":"https:\/\/e-adams.pl\/de\/produkt\/emulsja-gruntujaca-atlas-optigrunt-5kg\/","title":{"rendered":"Emulsja gruntuj\u0105ca ATLAS OPTIGRUNT &#8211; 5kg"},"content":{"rendered":"<h3>Emulsja gruntuj\u0105ca ATLAS OPTIGRUNT &#8211; 5kg<\/h3>\n<p><strong>Uniwersalna emulsja gruntuj\u0105ca pod farby i tapety<br \/>\nZu\u017cycie:<\/strong> ok.0,05 &#8211; 0,2 kg emulsji na 1 m2<\/p>\n<p><img loading=\"lazy\" decoding=\"async\" class=\"aligncenter size-full wp-image-12179\" src=\"https:\/\/e-adams.pl\/wp-content\/uploads\/2018\/11\/emulsja-gruntujaca-atlas-optigrunt-5kg.jpg\" alt=\"emulsja gruntuj\u0105ca pod farby, atlas optigrunt 5kg, emulsja gruntuj\u0105ca pod tapety, uniwersalna emulsja gruntuj\u0105ca, gruntowanie pod\u0142o\u017ca \u017bary\" width=\"400\" height=\"400\" title=\"\"><\/p>\n<p style=\"text-align: justify;\">ATLAS optiGRUNT to uniwersalna emulsja gruntuj\u0105ca pod\u0142o\u017ca przed dalszymi pracami wyko\u0144czeniowymi: malowaniem farbami czy tapetowaniem. Ogranicza ch\u0142onno\u015b\u0107 pod\u0142o\u017ca zapobiegaj\u0105c \u201eodci\u0105ganiu\u201d przez pod\u0142o\u017ce wody z farby lub kleju do tapet oraz zmniejsza ich zu\u017cycie. Produkt ujednolica ch\u0142onno\u015b\u0107 ca\u0142ej gruntowanej powierzchni, a nak\u0142adana warstwa ma zbli\u017cone warunki wi\u0105zania bez wzgl\u0119du na lokalne zmiany parametr\u00f3w pod\u0142o\u017ca. Posiada kr\u00f3tki czas schni\u0119cia, wi\u0119c warstwy wyko\u0144czeniowe mo\u017cna nak\u0142ada\u0107 ju\u017c po 2 godzinach od aplikacji. ATLAS optiGRUNT jest bezbarwny (po wyschni\u0119ciu jest transparentny) i bezrozpuszczalnikowy. Nie zmydla si\u0119 w trakcie stosowania. Przepuszcza par\u0119 wodn\u0105. Jest niepalny i mo\u017cna go u\u017cywa\u0107 w pomieszczeniach bez okien.<\/p>\n","protected":false},"excerpt":{"rendered":"<h3 style=\"color: #0099cc;\">Sprawd\u017a cen\u0119 i aktualny stan w sklepie<br \/>\n<strong>Kontakt:<\/strong> <a href=\"mailto:info@e-adams.pl\"><u><b>info@e-adams.pl<\/b><\/u><\/a><\/h3>\n","protected":false},"featured_media":12179,"comment_status":"open","ping_status":"closed","template":"","meta":{"_acf_changed":false,"inline_featured_image":false},"product_cat":[279],"product_tag":[265,772,950],"class_list":{"0":"post-12160","1":"product","2":"type-product","3":"status-publish","4":"has-post-thumbnail","6":"product_cat-podklady-gruntujace-zaprawy-kleje-cementy","7":"product_tag-atlas","8":"product_tag-grunt","9":"product_tag-materialy-budowlane","11":"first","12":"outofstock","13":"shipping-taxable","14":"purchasable","15":"product-type-simple"},"acf":[],"_links":{"self":[{"href":"https:\/\/e-adams.pl\/de\/wp-json\/wp\/v2\/product\/12160","targetHints":{"allow":["GET"]}}],"collection":[{"href":"https:\/\/e-adams.pl\/de\/wp-json\/wp\/v2\/product"}],"about":[{"href":"https:\/\/e-adams.pl\/de\/wp-json\/wp\/v2\/types\/product"}],"replies":[{"embeddable":true,"href":"https:\/\/e-adams.pl\/de\/wp-json\/wp\/v2\/comments?post=12160"}],"wp:featuredmedia":[{"embeddable":true,"href":"https:\/\/e-adams.pl\/de\/wp-json\/wp\/v2\/media\/12179"}],"wp:attachment":[{"href":"https:\/\/e-adams.pl\/de\/wp-json\/wp\/v2\/media?parent=12160"}],"wp:term":[{"taxonomy":"product_cat","embeddable":true,"href":"https:\/\/e-adams.pl\/de\/wp-json\/wp\/v2\/product_cat?post=12160"},{"taxonomy":"product_tag","embeddable":true,"href":"https:\/\/e-adams.pl\/de\/wp-json\/wp\/v2\/product_tag?post=12160"}],"curies":[{"name":"wp","href":"https:\/\/api.w.org\/{rel}","templated":true}]}}