{"id":12162,"date":"2018-11-29T15:30:15","date_gmt":"2018-11-29T14:30:15","guid":{"rendered":"https:\/\/e-adams.pl\/sklep\/grunt-10l-designer-primer-beckers\/"},"modified":"2023-08-18T10:39:59","modified_gmt":"2023-08-18T08:39:59","slug":"grunt-beckers-designer-primer-10l","status":"publish","type":"product","link":"https:\/\/e-adams.pl\/de\/produkt\/grunt-beckers-designer-primer-10l\/","title":{"rendered":"Grunt BECKERS DESIGNER PRIMER &#8211; 10l"},"content":{"rendered":"<h3>Grunt BECKERS DESIGNER PRIMER &#8211; 10l<\/h3>\n<p><strong>Wodorozcie\u0144czalna farba akrylowa farba do \u015bcian i sufit\u00f3w<br \/>\nWydajno\u015b\u0107: <\/strong>do 6-8m2\/l<br \/>\nZmniejsza i wyr\u00f3wnuje ch\u0142onno\u015b\u0107 pod\u0142o\u017ca zwi\u0119kszaj\u0105c wydajno\u015b\u0107 farb nawierzchniowych. U\u0142atwia malowanie poprzez popraw\u0119 przyczepno\u015bci farby nawierzchniowej do pod\u0142o\u017ca.<\/p>\n<p><img loading=\"lazy\" decoding=\"async\" class=\"aligncenter size-full wp-image-12200\" src=\"https:\/\/e-adams.pl\/wp-content\/uploads\/2018\/11\/grunt-beckers-designer-primer-10l.jpg\" alt=\"grunt beckers designer primer 10l, farby beckers \u017bary, Adams \u017bary, beckers designer, Wodorozcie\u0144czalna farba akrylowa, bia\u0142a farba podk\u0142adowa\" width=\"400\" height=\"400\" title=\"\"><\/p>\n<p style=\"text-align: justify;\">BECKERS DESIGNER PRIMER \u2013 podk\u0142adowa, bia\u0142a, wodorozcie\u0144czalna, matowa farba akrylowa, Zmniejsza ch\u0142onno\u015b\u0107 pod\u0142o\u017ca, poprawia przyczepno\u015b\u0107 i zwi\u0119ksza wydajno\u015b\u0107 wodorozcie\u0144czalnych farb nawierzchniowych takich jak: farby dyspersyjne, farby lateksowe, farby akrylowe, itd. Farba BECKERS DESIGNER PRIMER jest rekomendowana przez Polskie Towarzystwo Alergologiczne. Rekomendacja Polskiego Towarzystwa Alergologicznego dotyczy produktu po ca\u0142kowitym wyschni\u0119ciu pomalowanej powierzchni i dok\u0142adnym wywietrzeniu pomieszczenia.<\/p>\n<p>&#8211; Zwi\u0119ksza wydajno\u015b\u0107 farb nawierzchniowych.<br \/>\n&#8211; U\u0142atwia malowanie poprzez popraw\u0119 przyczepno\u015bci farby nawierzchniowej do pod\u0142o\u017ca.<br \/>\n&#8211; Kolorystyka: bia\u0142y, pe\u0142ny mat<\/p>\n<h3>ZASTOSOWANIE<\/h3>\n<p>Do gruntowania \u015bcian i sufit\u00f3w wewn\u0105trz pomieszcze\u0144 mieszkalnych, biurowych i u\u017cyteczno\u015bci publicznej, w tym w obiektach szkolno-wychowawczych, s\u0142u\u017cby zdrowia (szpitale, szko\u0142y, przedszkola) oraz w zak\u0142adach us\u0142ugowych i produkcyjnych, tak\u017ce bran\u017cy spo\u017cywczej z wykluczeniem bezpo\u015bredniego kontaktu z \u017cywno\u015bci\u0105. Mo\u017cna stosowa\u0107 do malowanie p\u0142yt kartonowo-gipsowych, tynk\u00f3w gipsowych, cementowo-wapiennych, pod\u0142o\u017cy betonowych.<\/p>\n<h3>WYDAJNO\u015a\u0106<\/h3>\n<p>6-8 m2\/l przy jednokrotnym malowaniu. Wydajno\u015b\u0107 w du\u017cej mierze uzale\u017cniona jest od takich czynnik\u00f3w, jak ch\u0142onno\u015b\u0107, struktura pod\u0142o\u017ca oraz metoda aplikacji.<\/p>\n<h3>CZAS SCHNI\u0118CIA<\/h3>\n<p>W temperaturze +23\u00b0C, przy wilgotno\u015bci wzgl\u0119dnej powietrza 50%, farba schnie ok. 1 godziny. Malowanie warstwy nawierzchniowej najkorzystniej przeprowadzi\u0107 po min. 4 godzinach.<\/p>\n","protected":false},"excerpt":{"rendered":"<h3 style=\"color: #0099cc;\">Sprawd\u017a cen\u0119 i aktualny stan w sklepie<br \/>\n<strong>Kontakt:<\/strong> <a href=\"mailto:info@e-adams.pl\"><u><b>info@e-adams.pl<\/b><\/u><\/a><\/h3>\n","protected":false},"featured_media":12200,"comment_status":"open","ping_status":"closed","template":"","meta":{"_acf_changed":false,"inline_featured_image":false},"product_cat":[279],"product_tag":[990,993,772,950],"class_list":{"0":"post-12162","1":"product","2":"type-product","3":"status-publish","4":"has-post-thumbnail","6":"product_cat-podklady-gruntujace-zaprawy-kleje-cementy","7":"product_tag-beckers","8":"product_tag-farby","9":"product_tag-grunt","10":"product_tag-materialy-budowlane","12":"first","13":"onbackorder","14":"shipping-taxable","15":"product-type-simple"},"acf":[],"_links":{"self":[{"href":"https:\/\/e-adams.pl\/de\/wp-json\/wp\/v2\/product\/12162","targetHints":{"allow":["GET"]}}],"collection":[{"href":"https:\/\/e-adams.pl\/de\/wp-json\/wp\/v2\/product"}],"about":[{"href":"https:\/\/e-adams.pl\/de\/wp-json\/wp\/v2\/types\/product"}],"replies":[{"embeddable":true,"href":"https:\/\/e-adams.pl\/de\/wp-json\/wp\/v2\/comments?post=12162"}],"wp:featuredmedia":[{"embeddable":true,"href":"https:\/\/e-adams.pl\/de\/wp-json\/wp\/v2\/media\/12200"}],"wp:attachment":[{"href":"https:\/\/e-adams.pl\/de\/wp-json\/wp\/v2\/media?parent=12162"}],"wp:term":[{"taxonomy":"product_cat","embeddable":true,"href":"https:\/\/e-adams.pl\/de\/wp-json\/wp\/v2\/product_cat?post=12162"},{"taxonomy":"product_tag","embeddable":true,"href":"https:\/\/e-adams.pl\/de\/wp-json\/wp\/v2\/product_tag?post=12162"}],"curies":[{"name":"wp","href":"https:\/\/api.w.org\/{rel}","templated":true}]}}