{"id":12163,"date":"2018-11-29T15:30:16","date_gmt":"2018-11-29T14:30:16","guid":{"rendered":"https:\/\/e-adams.pl\/sklep\/magnat-style-grunt-akrylowy-1l\/"},"modified":"2023-08-18T09:31:04","modified_gmt":"2023-08-18T07:31:04","slug":"grunt-akrylowy-magnat-style-1l","status":"publish","type":"product","link":"https:\/\/e-adams.pl\/de\/produkt\/grunt-akrylowy-magnat-style-1l\/","title":{"rendered":"Grunt akrylowy MAGNAT STYLE &#8211; 1l"},"content":{"rendered":"<h3>Grunt akrylowy MAGNAT STYLE &#8211; 1l<\/h3>\n<p><strong>\u015arodek gruntuj\u0105cy przeznaczony do wyr\u00f3wnywania ch\u0142onno\u015bci oraz wzmacniania pod\u0142o\u017ca przed aplikacj\u0105 Stiuku Weneckiego MAGNAT Style<br \/>\nWydajno\u015b\u0107: <\/strong>ok. 12 m2\/L<\/p>\n<p><img loading=\"lazy\" decoding=\"async\" class=\"aligncenter size-full wp-image-12243\" src=\"https:\/\/e-adams.pl\/wp-content\/uploads\/2018\/12\/grunt-akrylowy-magnat-style-1l.jpg\" alt=\"grunt akrylowy \u017bary, grunt akrylowy magnat style 1l, magnat farby, \u015brodek gruntuj\u0105cy, grunt magnat style\" width=\"400\" height=\"400\" title=\"\"><\/p>\n<p style=\"text-align: justify;\">Grunt Akrylowy MAGNAT Style to \u015brodek gruntuj\u0105cy przeznaczony do wyr\u00f3wnywania ch\u0142onno\u015bci oraz wzmacniania pod\u0142o\u017ca przed aplikacj\u0105 Stiuku Weneckiego MAGNAT Style. Produkowany jest na bazie \u017cywicy akrylowej i dodatk\u00f3w u\u0142atwiaj\u0105cych penetracj\u0119 i stabilizacj\u0119 pod\u0142o\u017ca. Przyjazny dla cz\u0142owieka i \u015brodowiska. Mo\u017ce by\u0107 stosowany do przygotowania pod\u0142o\u017cy z p\u0142yt gipsowo-kartonowych, tynk\u00f3w gipsowych, cementowych i cementowo-wapiennych lub jako warstwa \u201eodcinaj\u0105ca\u201d w wybranych wyrobach i Systemach Dekoracyjnych MAGNAT Style.<\/p>\n<p>&#8211; zapewnia w\u0142a\u015bciwe wysychanie wyrob\u00f3w nawierzchniowych<br \/>\n&#8211; zapewnia \u201eoddychanie\u201d \u015bcian<br \/>\n&#8211; nie pozostawia struktury na pod\u0142o\u017cu<br \/>\n&#8211; u\u0142atwia penetracj\u0119 i stabilizacj\u0119 pod\u0142o\u017ca<\/p>\n","protected":false},"excerpt":{"rendered":"<h3 style=\"color: #0099cc;\">Sprawd\u017a cen\u0119 i aktualny stan w sklepie<br \/>\n<strong>Kontakt:<\/strong> <a href=\"mailto:info@e-adams.pl\"><u><b>info@e-adams.pl<\/b><\/u><\/a><\/h3>\n","protected":false},"featured_media":12243,"comment_status":"open","ping_status":"closed","template":"","meta":{"_acf_changed":false,"inline_featured_image":false},"product_cat":[279],"product_tag":[772,166,950],"class_list":{"0":"post-12163","1":"product","2":"type-product","3":"status-publish","4":"has-post-thumbnail","6":"product_cat-podklady-gruntujace-zaprawy-kleje-cementy","7":"product_tag-grunt","8":"product_tag-magnat","9":"product_tag-materialy-budowlane","11":"first","12":"onbackorder","13":"shipping-taxable","14":"product-type-simple"},"acf":[],"_links":{"self":[{"href":"https:\/\/e-adams.pl\/de\/wp-json\/wp\/v2\/product\/12163","targetHints":{"allow":["GET"]}}],"collection":[{"href":"https:\/\/e-adams.pl\/de\/wp-json\/wp\/v2\/product"}],"about":[{"href":"https:\/\/e-adams.pl\/de\/wp-json\/wp\/v2\/types\/product"}],"replies":[{"embeddable":true,"href":"https:\/\/e-adams.pl\/de\/wp-json\/wp\/v2\/comments?post=12163"}],"wp:featuredmedia":[{"embeddable":true,"href":"https:\/\/e-adams.pl\/de\/wp-json\/wp\/v2\/media\/12243"}],"wp:attachment":[{"href":"https:\/\/e-adams.pl\/de\/wp-json\/wp\/v2\/media?parent=12163"}],"wp:term":[{"taxonomy":"product_cat","embeddable":true,"href":"https:\/\/e-adams.pl\/de\/wp-json\/wp\/v2\/product_cat?post=12163"},{"taxonomy":"product_tag","embeddable":true,"href":"https:\/\/e-adams.pl\/de\/wp-json\/wp\/v2\/product_tag?post=12163"}],"curies":[{"name":"wp","href":"https:\/\/api.w.org\/{rel}","templated":true}]}}