{"id":12165,"date":"2018-11-29T15:30:19","date_gmt":"2018-11-29T14:30:19","guid":{"rendered":"https:\/\/e-adams.pl\/sklep\/aquagrunt-1l-koncentrat\/"},"modified":"2023-08-18T09:30:42","modified_gmt":"2023-08-18T07:30:42","slug":"grunt-koncentrat-dekoral-aquagrunt-1l","status":"publish","type":"product","link":"https:\/\/e-adams.pl\/de\/produkt\/grunt-koncentrat-dekoral-aquagrunt-1l\/","title":{"rendered":"Grunt koncentrat DEKORAL AQUAGRUNT &#8211; 1l"},"content":{"rendered":"<h3>Grunt koncentrat DEKORAL AQUAGRUNT &#8211; 1l<\/h3>\n<p><strong>Bezbarwny grunt do \u015bcian<\/strong><\/p>\n<p><img loading=\"lazy\" decoding=\"async\" class=\"aligncenter size-full wp-image-12168\" src=\"https:\/\/e-adams.pl\/wp-content\/uploads\/2018\/11\/grunt-koncentrat-dekoral-aquagrunt-1l.jpg\" alt=\"grunt do farb \u017bary, Grunt koncentrat dekoral aquagrunt1l, grunt dekoral, grunt do \u015bcian dekoral\" width=\"400\" height=\"400\" title=\"\"><\/p>\n<p style=\"text-align: justify;\">Aquagrunt Koncentrat przeznaczony jest do gruntowania pod\u0142o\u017cy wykonanych z zapraw cementowych, cementowo-wapiennych, gipsowych, betonu, gazobetonu, p\u0142yt kartonowo-gipsowych, p\u0142yt gipsowych i innych pod\u0142o\u017cy mineralnych w celu ich wzmocnienia i wyr\u00f3wnania ch\u0142onno\u015bci. Produkt wodorozcie\u0144czalny, nieodporny na mr\u00f3z. Przechowywa\u0107 w temp. powy\u017cej 0\u00baC.<\/p>\n<p>&#8211; Z 1 litra koncentratu &#8211; 5 litr\u00f3w gruntu!<br \/>\n&#8211; Wnika w g\u0142\u0105b pod\u0142o\u017ca<br \/>\n&#8211; Ekologiczna<br \/>\n&#8211; Wyr\u00f3wnuje ch\u0142onno\u015b\u0107 pod\u0142o\u017ca<br \/>\n&#8211; Wzmacnia pod\u0142o\u017ce<br \/>\n&#8211; Pow\u0142oka: mat<\/p>\n","protected":false},"excerpt":{"rendered":"<h3 style=\"color: #0099cc;\">Sprawd\u017a cen\u0119 i aktualny stan w sklepie<br \/>\n<strong>Kontakt:<\/strong> <a href=\"mailto:info@e-adams.pl\"><u><b>info@e-adams.pl<\/b><\/u><\/a><\/h3>\n","protected":false},"featured_media":12168,"comment_status":"open","ping_status":"closed","template":"","meta":{"_acf_changed":false,"inline_featured_image":false},"product_cat":[279],"product_tag":[987,772,950],"class_list":{"0":"post-12165","1":"product","2":"type-product","3":"status-publish","4":"has-post-thumbnail","6":"product_cat-podklady-gruntujace-zaprawy-kleje-cementy","7":"product_tag-dekoral","8":"product_tag-grunt","9":"product_tag-materialy-budowlane","11":"first","12":"onbackorder","13":"shipping-taxable","14":"product-type-simple"},"acf":[],"_links":{"self":[{"href":"https:\/\/e-adams.pl\/de\/wp-json\/wp\/v2\/product\/12165","targetHints":{"allow":["GET"]}}],"collection":[{"href":"https:\/\/e-adams.pl\/de\/wp-json\/wp\/v2\/product"}],"about":[{"href":"https:\/\/e-adams.pl\/de\/wp-json\/wp\/v2\/types\/product"}],"replies":[{"embeddable":true,"href":"https:\/\/e-adams.pl\/de\/wp-json\/wp\/v2\/comments?post=12165"}],"wp:featuredmedia":[{"embeddable":true,"href":"https:\/\/e-adams.pl\/de\/wp-json\/wp\/v2\/media\/12168"}],"wp:attachment":[{"href":"https:\/\/e-adams.pl\/de\/wp-json\/wp\/v2\/media?parent=12165"}],"wp:term":[{"taxonomy":"product_cat","embeddable":true,"href":"https:\/\/e-adams.pl\/de\/wp-json\/wp\/v2\/product_cat?post=12165"},{"taxonomy":"product_tag","embeddable":true,"href":"https:\/\/e-adams.pl\/de\/wp-json\/wp\/v2\/product_tag?post=12165"}],"curies":[{"name":"wp","href":"https:\/\/api.w.org\/{rel}","templated":true}]}}