{"id":12166,"date":"2018-11-29T15:30:20","date_gmt":"2018-11-29T14:30:20","guid":{"rendered":"https:\/\/e-adams.pl\/sklep\/atlas-uni-grunt-plus-5kg\/"},"modified":"2024-02-15T11:49:01","modified_gmt":"2024-02-15T10:49:01","slug":"emulsja-penetrujaca-atlas-uni-grunt-plus-5kg","status":"publish","type":"product","link":"https:\/\/e-adams.pl\/de\/produkt\/emulsja-penetrujaca-atlas-uni-grunt-plus-5kg\/","title":{"rendered":"Emulsja penetruj\u0105ca ATLAS-UNI GRUNT PLUS &#8211; 5kg"},"content":{"rendered":"<h3>Emulsja penetruj\u0105ca ATLAS-UNI GRUNT PLUS &#8211; 5kg<\/h3>\n<p><strong>Emulsja g\u0142\u0119boko penetruj\u0105ca, wzmacniaj\u0105ca pod\u0142o\u017ca pod posadzki, hydroizolacje, kleje, tynki, g\u0142adzie, farby<br \/>\nZu\u017cycie:<\/strong> 0,05\u00f70,2 kg na 1 m2<\/p>\n<p><img loading=\"lazy\" decoding=\"async\" class=\"aligncenter size-full wp-image-12189\" src=\"https:\/\/e-adams.pl\/wp-content\/uploads\/2018\/11\/emulsja-penetrujaca-atlas-uni-grunt-plus-5kg.jpg\" alt=\"emulsja g\u0142\u0119boko penetruj\u0105ca atlas, Atlas uni-grunt plus 5kg, Adams \u017bary, Emulsja wzmacniaj\u0105ca pod\u0142o\u017ca atlas, impregnat do gruntowania, grunt penetracyjny \u017bary\" width=\"400\" height=\"400\" title=\"\"><\/p>\n<p style=\"text-align: justify;\">ATLAS UNI-GRUNT PLUS jest impregnatem do gruntowania na bazie drobnocz\u0105steczkowej dyspersji \u017cywic polimerowych. Przeznaczony do aplikacji w zakresie temperatur od 5 \u00b0C do 35 \u00b0C, zar\u00f3wno wewn\u0105trz i na zewn\u0105trz budynk\u00f3w. Jest bezbarwny, bezrozpuszczalnikowy i wodorozcie\u0144czalny. Po wyschni\u0119ciu, nie powoduje przebarwie\u0144 pod\u0142o\u017ca. Dzi\u0119ki mniejszym cz\u0105steczkom polimer\u00f3w, ATLAS UNI-GRUNT PLUS wnika w pod\u0142o\u017ce na g\u0142\u0119boko\u015b\u0107 nawet kilku milimetr\u00f3w, przez co jego dzia\u0142anie ma charakter nie tylko powierzchniowy. Wzmacnia strukturalnie gruntowane pod\u0142o\u017ca i poprawia no\u015bno\u015b\u0107 pod nowe warstwy. Uszczelniaj\u0105c struktur\u0119 gruntowanego pod\u0142o\u017ca, redukuje zu\u017cycie materia\u0142\u00f3w u\u017cytych do wykonania kolejnej warstwy. W\u0142a\u015bciwo\u015bci penetracyjne ATLAS UNI-GRUNT PLUS umo\u017cliwiaj\u0105 zastosowanie na niech\u0142onnych pod\u0142o\u017cach, bez ryzyka tworzenia pow\u0142oki, zaciek\u00f3w czy wyb\u0142yszczenia.<\/p>\n","protected":false},"excerpt":{"rendered":"<h3 style=\"color: #0099cc;\">Sprawd\u017a cen\u0119 i aktualny stan w sklepie<br \/>\n<strong>Kontakt:<\/strong> <a href=\"mailto:info@e-adams.pl\"><u><b>info@e-adams.pl<\/b><\/u><\/a><\/h3>\n","protected":false},"featured_media":12189,"comment_status":"open","ping_status":"closed","template":"","meta":{"_acf_changed":false,"inline_featured_image":false},"product_cat":[279],"product_tag":[265,772,950],"class_list":{"0":"post-12166","1":"product","2":"type-product","3":"status-publish","4":"has-post-thumbnail","6":"product_cat-podklady-gruntujace-zaprawy-kleje-cementy","7":"product_tag-atlas","8":"product_tag-grunt","9":"product_tag-materialy-budowlane","11":"first","12":"outofstock","13":"shipping-taxable","14":"purchasable","15":"product-type-simple"},"acf":[],"_links":{"self":[{"href":"https:\/\/e-adams.pl\/de\/wp-json\/wp\/v2\/product\/12166","targetHints":{"allow":["GET"]}}],"collection":[{"href":"https:\/\/e-adams.pl\/de\/wp-json\/wp\/v2\/product"}],"about":[{"href":"https:\/\/e-adams.pl\/de\/wp-json\/wp\/v2\/types\/product"}],"replies":[{"embeddable":true,"href":"https:\/\/e-adams.pl\/de\/wp-json\/wp\/v2\/comments?post=12166"}],"wp:featuredmedia":[{"embeddable":true,"href":"https:\/\/e-adams.pl\/de\/wp-json\/wp\/v2\/media\/12189"}],"wp:attachment":[{"href":"https:\/\/e-adams.pl\/de\/wp-json\/wp\/v2\/media?parent=12166"}],"wp:term":[{"taxonomy":"product_cat","embeddable":true,"href":"https:\/\/e-adams.pl\/de\/wp-json\/wp\/v2\/product_cat?post=12166"},{"taxonomy":"product_tag","embeddable":true,"href":"https:\/\/e-adams.pl\/de\/wp-json\/wp\/v2\/product_tag?post=12166"}],"curies":[{"name":"wp","href":"https:\/\/api.w.org\/{rel}","templated":true}]}}