{"id":12286,"date":"2018-12-03T13:30:01","date_gmt":"2018-12-03T12:30:01","guid":{"rendered":"https:\/\/e-adams.pl\/sklep\/zaprawa-wyrownawcza-zw-50-25kg\/"},"modified":"2024-02-15T11:48:59","modified_gmt":"2024-02-15T10:48:59","slug":"zaprawa-wyrownawcza-atlas-zw-50-25kg","status":"publish","type":"product","link":"https:\/\/e-adams.pl\/de\/produkt\/zaprawa-wyrownawcza-atlas-zw-50-25kg\/","title":{"rendered":"Zaprawa wyr\u00f3wnawcza ATLAS ZW 50 &#8211; 25kg"},"content":{"rendered":"<h3>Zaprawa wyr\u00f3wnawcza ATLAS ZW 50 &#8211; 25kg<\/h3>\n<p><strong>Uniwersalna zaprawa wyr\u00f3wnuj\u0105ca (3-50 mm)<br \/>\nZu\u017cycie:<\/strong> ok. 18 kg suchej masy na 1m2, na ka\u017cde 10 mm grubo\u015bci<\/p>\n<p><img loading=\"lazy\" decoding=\"async\" class=\"aligncenter size-full wp-image-12321\" src=\"https:\/\/e-adams.pl\/wp-content\/uploads\/2018\/12\/zaprawa-wyrownawcza-atlas-zw-50-25kg.jpg\" alt=\"zaprawa wyr\u00f3wnawcza \u017bary, atlas zw 50 25kg, Atlas ZW50 uniwersalna zaprawa wyr\u00f3wnuj\u0105ca, plastyczna zaprawa\" width=\"400\" height=\"400\" title=\"\"><\/p>\n<p style=\"text-align: justify;\">Zaprawa wyr\u00f3wnawcza Atlas ZW50 przeznaczona do naprawiania pod\u0142o\u017cy budowlanych, przeznaczonych pod p\u0142ytki, g\u0142adzie, tynki, podk\u0142ady pod\u0142ogowe. Pozwala na wype\u0142nianie ubytk\u00f3w, zag\u0142\u0119bie\u0144 i niwelowanie innych nier\u00f3wno\u015bci pod\u0142o\u017ca. S\u0142u\u017cy r\u00f3wnie\u017c do wykonywania podk\u0142ad\u00f3w pod\u0142ogowych zespolonych z pod\u0142o\u017cem. Produkt cechuje plastyczna konsystencja oraz brak rys skurczowych.<\/p>\n<p>&#8211; wytrzyma\u0142o\u015b\u0107 na \u015bciskanie: min. 25,0 MPa<\/p>\n","protected":false},"excerpt":{"rendered":"<h3 style=\"color: #0099cc;\">Sprawd\u017a cen\u0119 i aktualny stan w sklepie<br \/>\n<strong>Kontakt:<\/strong> <a href=\"mailto:info@e-adams.pl\"><u><b>info@e-adams.pl<\/b><\/u><\/a><\/h3>\n","protected":false},"featured_media":12321,"comment_status":"open","ping_status":"closed","template":"","meta":{"_acf_changed":false,"inline_featured_image":false},"product_cat":[281],"product_tag":[265,950,957],"class_list":{"0":"post-12286","1":"product","2":"type-product","3":"status-publish","4":"has-post-thumbnail","6":"product_cat-wylewki-posadzkowe","7":"product_tag-atlas","8":"product_tag-materialy-budowlane","9":"product_tag-zaprawa","11":"first","12":"outofstock","13":"shipping-taxable","14":"purchasable","15":"product-type-simple"},"acf":[],"_links":{"self":[{"href":"https:\/\/e-adams.pl\/de\/wp-json\/wp\/v2\/product\/12286","targetHints":{"allow":["GET"]}}],"collection":[{"href":"https:\/\/e-adams.pl\/de\/wp-json\/wp\/v2\/product"}],"about":[{"href":"https:\/\/e-adams.pl\/de\/wp-json\/wp\/v2\/types\/product"}],"replies":[{"embeddable":true,"href":"https:\/\/e-adams.pl\/de\/wp-json\/wp\/v2\/comments?post=12286"}],"wp:featuredmedia":[{"embeddable":true,"href":"https:\/\/e-adams.pl\/de\/wp-json\/wp\/v2\/media\/12321"}],"wp:attachment":[{"href":"https:\/\/e-adams.pl\/de\/wp-json\/wp\/v2\/media?parent=12286"}],"wp:term":[{"taxonomy":"product_cat","embeddable":true,"href":"https:\/\/e-adams.pl\/de\/wp-json\/wp\/v2\/product_cat?post=12286"},{"taxonomy":"product_tag","embeddable":true,"href":"https:\/\/e-adams.pl\/de\/wp-json\/wp\/v2\/product_tag?post=12286"}],"curies":[{"name":"wp","href":"https:\/\/api.w.org\/{rel}","templated":true}]}}