{"id":12287,"date":"2018-12-03T13:30:02","date_gmt":"2018-12-03T12:30:02","guid":{"rendered":"https:\/\/e-adams.pl\/sklep\/nivoplan-plus-25-kg-zaprawa-wyrownujaca\/"},"modified":"2024-07-15T11:31:15","modified_gmt":"2024-07-15T09:31:15","slug":"zaprawa-wyrownujaca-mapei-nivoplan-plus-25kg","status":"publish","type":"product","link":"https:\/\/e-adams.pl\/de\/produkt\/zaprawa-wyrownujaca-mapei-nivoplan-plus-25kg\/","title":{"rendered":"Zaprawa wyr\u00f3wnuj\u0105ca MAPEI NIVOPLAN PLUS &#8211; 25kg"},"content":{"rendered":"<h3>Zaprawa wyr\u00f3wnuj\u0105ca MAPEI NIVOPLAN PLUS &#8211; 25kg<\/h3>\n<p><strong>Cementowa zaprawa wyr\u00f3wnuj\u0105ca przeznaczona do \u015bcian i pod\u0142\u00f3g wewn\u0105trz i na zewn\u0105trz budynk\u00f3w (warstwa 3 do 50 mm)<br \/>\nZu\u017cycie: <\/strong>ok.1,4 kg\/m\u00b2 na 1 mm grubo\u015bci warstwy.<\/p>\n<p><img loading=\"lazy\" decoding=\"async\" class=\"aligncenter size-full wp-image-12334\" src=\"https:\/\/e-adams.pl\/wp-content\/uploads\/2018\/12\/zaprawa-wyrownujaca-mapei-nivoplan-plus-25kg.jpg\" alt=\"zaprawa wyr\u00f3wnuj\u0105ca \u017bary, mapei nivoplan plus 25kg, zaprawa wyr\u00f3wnawcza, zaprawa cementowa, zaprawa do wyr\u00f3wnywania powierzchni, Adams \u017bary, sklady budowlane \u017bary\" width=\"400\" height=\"400\" title=\"\"><\/p>\n<p style=\"text-align: justify;\">Nivoplan Plus jest proszkow\u0105 zapraw\u0105 wyr\u00f3wnuj\u0105c\u0105 w kolorze szarym, sk\u0142adaj\u0105c\u0105 si\u0119 z cementu, wyselekcjonowanych kruszyw, \u017cywic syntetycznych oraz specjalnych dodatk\u00f3w opracowanych w laboratoriach badawczych MAPEI. Nivoplan Plus po zmieszaniu z wod\u0105, tworzy mieszank\u0119 \u0142atw\u0105 do nak\u0142adania na powierzchnie pionowe i poziome. Aplikacj\u0119 produktu nale\u017cy przeprowadzi\u0107 przy u\u017cyciu kielni, pacy lub maszyny tynkarskiej. Parametry techniczne zaprawy wyr\u00f3wnuj\u0105cej Nivoplan Plus, takie jak: przyczepno\u015b\u0107 do powierzchni, odporno\u015b\u0107 na \u015bcieranie i wytrzyma\u0142o\u015b\u0107 mechaniczna, mog\u0105 zosta\u0107 zmodyfikowane poprzez dodanie podczas mieszania, preparatu Planicrete w ilo\u015bci maksymalnie 1,25 litra na 25 kg zaprawy wyr\u00f3wnuj\u0105cej (u\u017cywa\u0107 jako cz\u0119\u015bciowego zamiennika wody!).<\/p>\n<p style=\"text-align: justify;\">Mapei Nivoplan Plus s\u0142u\u017cy do wyr\u00f3wnywania powierzchni poziomych i pionowych, wewn\u0105trz i na zewn\u0105trz budynk\u00f3w oraz do uzupe\u0142niania ubytk\u00f3w i miejscowych nier\u00f3wno\u015bci pod\u0142o\u017ca i wyr\u00f3wnywania podk\u0142ad\u00f3w pod\u0142ogowych. Mo\u017ce by\u0107 stosowana w warstwie od 3 do 50 mm w celu przygotowania pod\u0142o\u017cy przed uk\u0142adaniem p\u0142ytek ceramicznych i kamienia naturalnego oraz innych materia\u0142\u00f3w ok\u0142adzinowych.<\/p>\n<h3>ZASTOSOWANIE<\/h3>\n<p>&#8211; Miejscowe naprawy ubytk\u00f3w na pod\u0142ogach i \u015bcianach.<br \/>\n&#8211; Wyr\u00f3wnywanie nier\u00f3wnych powierzchni pod\u0142\u00f3g, \u015bcian i sufit\u00f3w przed uk\u0142adaniem p\u0142ytek ceramicznych i kamienia naturalnego.<br \/>\n&#8211; Wyr\u00f3wnywanie powierzchni betonowych, przed instalacj\u0105 ok\u0142adzin ceramicznych, wykonaniem izolacji przeciwwilgociowych i przeciwwodnych itp.<br \/>\n&#8211; Wyr\u00f3wnywanie \u015bcian z gazobetonu, cegie\u0142 itp.<\/p>\n<h3>ZALECENIA<\/h3>\n<p>Zaprawa Nivoplan Plus nie mo\u017ce by\u0107 stosowana w nast\u0119puj\u0105cych przypadkach:<br \/>\n&#8211; na pod\u0142o\u017ca zawieraj\u0105ce gips, chyba \u017ce zostan\u0105 one zagruntowane uprzednio preparatem gruntuj\u0105cym Primer G;<br \/>\n&#8211; Nivoplan Plus nie mo\u017cna miesza\u0107 z gipsem, kruszywem lub innymi dodatkami.<\/p>\n","protected":false},"excerpt":{"rendered":"<h3 style=\"color: #0099cc;\">Sprawd\u017a cen\u0119 i aktualny stan w sklepie<br \/>\n<strong>Kontakt:<\/strong> <a href=\"mailto:info@e-adams.pl\"><u><b>info@e-adams.pl<\/b><\/u><\/a><\/h3>\n","protected":false},"featured_media":12334,"comment_status":"open","ping_status":"closed","template":"","meta":{"_acf_changed":false,"inline_featured_image":false},"product_cat":[281],"product_tag":[984,950,957],"class_list":{"0":"post-12287","1":"product","2":"type-product","3":"status-publish","4":"has-post-thumbnail","6":"product_cat-wylewki-posadzkowe","7":"product_tag-mapei","8":"product_tag-materialy-budowlane","9":"product_tag-zaprawa","11":"first","12":"instock","13":"shipping-taxable","14":"purchasable","15":"product-type-simple"},"acf":[],"_links":{"self":[{"href":"https:\/\/e-adams.pl\/de\/wp-json\/wp\/v2\/product\/12287","targetHints":{"allow":["GET"]}}],"collection":[{"href":"https:\/\/e-adams.pl\/de\/wp-json\/wp\/v2\/product"}],"about":[{"href":"https:\/\/e-adams.pl\/de\/wp-json\/wp\/v2\/types\/product"}],"replies":[{"embeddable":true,"href":"https:\/\/e-adams.pl\/de\/wp-json\/wp\/v2\/comments?post=12287"}],"wp:featuredmedia":[{"embeddable":true,"href":"https:\/\/e-adams.pl\/de\/wp-json\/wp\/v2\/media\/12334"}],"wp:attachment":[{"href":"https:\/\/e-adams.pl\/de\/wp-json\/wp\/v2\/media?parent=12287"}],"wp:term":[{"taxonomy":"product_cat","embeddable":true,"href":"https:\/\/e-adams.pl\/de\/wp-json\/wp\/v2\/product_cat?post=12287"},{"taxonomy":"product_tag","embeddable":true,"href":"https:\/\/e-adams.pl\/de\/wp-json\/wp\/v2\/product_tag?post=12287"}],"curies":[{"name":"wp","href":"https:\/\/api.w.org\/{rel}","templated":true}]}}