{"id":12288,"date":"2018-12-03T13:30:03","date_gmt":"2018-12-03T12:30:03","guid":{"rendered":"https:\/\/e-adams.pl\/sklep\/atlas-postar-10-posadzka-cementowa-25kg-10-100mm\/"},"modified":"2024-02-15T11:48:54","modified_gmt":"2024-02-15T10:48:54","slug":"posadzka-cementowa-10-100mm-atlas-postar-10-25kg","status":"publish","type":"product","link":"https:\/\/e-adams.pl\/de\/produkt\/posadzka-cementowa-10-100mm-atlas-postar-10-25kg\/","title":{"rendered":"Posadzka cementowa 10-100mm ATLAS POSTAR 10 &#8211; 25kg"},"content":{"rendered":"<h3>Posadzka cementowa 10-100mm ATLAS POSTAR 10 &#8211; 25kg<\/h3>\n<p><strong>Tradycyjna posadzka cementowa pod p\u0142ytki, parkiet i panele<br \/>\nZu\u017cycie:<\/strong> ok. 20 kg zaprawy na 1 m\u00b2 i na ka\u017cde 10 mm grubo\u015bci warstwy<\/p>\n<p><img loading=\"lazy\" decoding=\"async\" class=\"aligncenter size-full wp-image-12305\" src=\"https:\/\/e-adams.pl\/wp-content\/uploads\/2018\/12\/posadzka-cementowa-10-100mm-atlas-postar-10-25kg.jpg\" alt=\"posadzka cementowa Atlas, posadzka cementowa 10-100mm, atlas postar 10 25kg, posadzki cementowe \u017bary, tradycyjna posadzka atlas, podk\u0142ad pod\u0142ogowy, podk\u0142ad dla warstw posadzkowych\" width=\"400\" height=\"400\" title=\"\"><\/p>\n<p style=\"text-align: justify;\">Tworzy podk\u0142ad pod\u0142ogowy lub posadzk\u0119 o grubo\u015bci 10-100 mm. Mo\u017ce stanowi\u0107 podk\u0142ad dla warstw posadzkowych, takich jak p\u0142ytki, parkiet. Zalecany jest wykonywania podk\u0142ad\u00f3w lub posadzek w budynkach mieszkalnych, magazynach, obiektach przemys\u0142owych itd. Pozwala na uzyskanie spadk\u00f3w. Nadaje si\u0119 do wykorzystania jako podk\u0142ad z ogrzewaniem pod\u0142ogowym. Atlas Postar 10 jest g\u0119stoplastyczny \u2013 konsystencja robocza zaprawy umo\u017cliwia \u0142atwe rozprowadzenie masy, zatarcie oraz uzyskanie r\u00f3wnej powierzchni. Produkt posiada bardzo niski skurcz liniowy \u2013 minimalne zmiany liniowe podk\u0142adu w trakcie wysychania (rz\u0119du 0,6 mm\/mb) ograniczaj\u0105 mo\u017cliwo\u015b\u0107 jego sp\u0119kania, pozwala na uzyskanie spadk\u00f3w, przystosowany jest do uk\u0142adania r\u0119cznego.<\/p>\n<p>&#8211; wytrzyma\u0142o\u015b\u0107 na \u015bciskanie: \u2265 25,0 N\/mm2<br \/>\n&#8211; wytrzyma\u0142o\u015b\u0107 na zginanie: \u2265 6,0 N\/mm2<\/p>\n","protected":false},"excerpt":{"rendered":"<h3 style=\"color: #0099cc;\">Sprawd\u017a cen\u0119 i aktualny stan w sklepie<br \/>\n<strong>Kontakt:<\/strong> <a href=\"mailto:info@e-adams.pl\"><u><b>info@e-adams.pl<\/b><\/u><\/a><\/h3>\n","protected":false},"featured_media":12305,"comment_status":"open","ping_status":"closed","template":"","meta":{"_acf_changed":false,"inline_featured_image":false},"product_cat":[281],"product_tag":[265,950,994],"class_list":{"0":"post-12288","1":"product","2":"type-product","3":"status-publish","4":"has-post-thumbnail","6":"product_cat-wylewki-posadzkowe","7":"product_tag-atlas","8":"product_tag-materialy-budowlane","9":"product_tag-posadzka","11":"first","12":"outofstock","13":"shipping-taxable","14":"purchasable","15":"product-type-simple"},"acf":[],"_links":{"self":[{"href":"https:\/\/e-adams.pl\/de\/wp-json\/wp\/v2\/product\/12288","targetHints":{"allow":["GET"]}}],"collection":[{"href":"https:\/\/e-adams.pl\/de\/wp-json\/wp\/v2\/product"}],"about":[{"href":"https:\/\/e-adams.pl\/de\/wp-json\/wp\/v2\/types\/product"}],"replies":[{"embeddable":true,"href":"https:\/\/e-adams.pl\/de\/wp-json\/wp\/v2\/comments?post=12288"}],"wp:featuredmedia":[{"embeddable":true,"href":"https:\/\/e-adams.pl\/de\/wp-json\/wp\/v2\/media\/12305"}],"wp:attachment":[{"href":"https:\/\/e-adams.pl\/de\/wp-json\/wp\/v2\/media?parent=12288"}],"wp:term":[{"taxonomy":"product_cat","embeddable":true,"href":"https:\/\/e-adams.pl\/de\/wp-json\/wp\/v2\/product_cat?post=12288"},{"taxonomy":"product_tag","embeddable":true,"href":"https:\/\/e-adams.pl\/de\/wp-json\/wp\/v2\/product_tag?post=12288"}],"curies":[{"name":"wp","href":"https:\/\/api.w.org\/{rel}","templated":true}]}}