{"id":12289,"date":"2018-12-03T13:30:05","date_gmt":"2018-12-03T12:30:05","guid":{"rendered":"https:\/\/e-adams.pl\/sklep\/atlas-sms-30-wylewka-samopoziomujacy-25kg\/"},"modified":"2024-07-15T11:31:09","modified_gmt":"2024-07-15T09:31:09","slug":"wylewka-samopoziomujaca-atlas-sms-30-25kg","status":"publish","type":"product","link":"https:\/\/e-adams.pl\/de\/produkt\/wylewka-samopoziomujaca-atlas-sms-30-25kg\/","title":{"rendered":"Wylewka samopoziomuj\u0105ca ATLAS SMS 30 &#8211; 25kg"},"content":{"rendered":"<h3>Wylewka samopoziomuj\u0105ca ATLAS SMS 30 &#8211; 25kg<\/h3>\n<p><strong>szybkosprawny, samopoziomuj\u0105cy podk\u0142ad pod\u0142ogowy (3-30 mm) pod parkiet, p\u0142ytki, wyk\u0142adziny i panele<br \/>\nZu\u017cycie:<\/strong> ok. 16,5 kg zaprawy na 1 m\u00b2 i na ka\u017cde 10 mm grubo\u015bci warstwy<\/p>\n<p><img loading=\"lazy\" decoding=\"async\" class=\"aligncenter size-full wp-image-12318\" src=\"https:\/\/e-adams.pl\/wp-content\/uploads\/2018\/12\/wylewka-samopoziomujaca-atlas-sms-30-25kg.jpg\" alt=\"wylewka samopoziomuj\u0105ca atlas, Atlas sms 30 25kg, Adams \u017bary, masa szpachlowa, szybkosprawna wylewka, wylewki poziomuj\u0105ce \u017bary, wylewka pod g\u0142adk\u0105 powierzchni\u0119, atlas sms30\" width=\"400\" height=\"400\" title=\"\"><\/p>\n<p style=\"text-align: justify;\">ATLAS SMS30 wyr\u00f3wnuje pod\u0142o\u017ca w zakresie 3-30 mm \u2013 zar\u00f3wno gdy pod\u0142o\u017ce posiada jedynie miejscowe nier\u00f3wno\u015bci, a tak\u017ce gdy w ca\u0142o\u015bci wykonane jest z niewielkim spadkiem.<br \/>\nPodnosi poziom pod\u0142ogi w ca\u0142ym pomieszczeniu \u2013 np. gdy zachodzi konieczno\u015b\u0107 zr\u00f3wnania poziom\u00f3w dw\u00f3ch s\u0105siednich pomieszcze\u0144. Mo\u017ce by\u0107 stosowany w pomieszczeniach suchych: w pokojach mieszkalnych, przedpokojach, holach, salonach, biurach, korytarzach, poczekalniach itp. Mo\u017ce by\u0107 u\u017cywany w pomieszczeniach o podwy\u017cszonej wilgotno\u015bci, takich jak domowe \u0142azienki. Ze wzgl\u0119du na g\u0142adk\u0105 powierzchni\u0119 jak\u0105 tworzy i na drobne kruszywo zalecany jako podk\u0142ad pod wyk\u0142adziny.<\/p>\n<p style=\"text-align: justify;\">Produkt posiada doskona\u0142\u0105 rozlewno\u015b\u0107 \u2013 pozwala uzyska\u0107 poziom\u0105 i g\u0142adk\u0105 powierzchni\u0119 nawet w du\u017cych pomieszczeniach, bez konieczno\u015bci stosowania listew prowadz\u0105cych i \u015bci\u0105gania masy \u0142atami. SMS 30 posiada bardzo niski skurcz liniowy \u2013 minimalne zmiany liniowe podk\u0142adu w trakcie wi\u0105zania (\u2264 0,6 mm\/mb) ograniczaj\u0105 mo\u017cliwo\u015b\u0107 jego sp\u0119kania i odspajania si\u0119 od s\u0142abych pod\u0142o\u017cy (o niskiej spoisto\u015bci). Jest szybkosprawny \u2013 szybki przyrost wytrzyma\u0142o\u015bci umo\u017cliwia ruch pieszy ju\u017c po 4 godzinach od wykonania podk\u0142adu. Produkt przystosowany jest do wykonywania r\u0119cznego lub maszynowego &#8211; mo\u017cna go \u0142atwo i szybko nak\u0142ada\u0107 zar\u00f3wno r\u0119cznie jak i przy u\u017cyciu maszyn wyposa\u017conych w pompy \u015blimakowe, dzi\u0119ki czemu osi\u0105ga si\u0119 du\u017c\u0105 wydajno\u015b\u0107. Ruch pieszy ju\u017c po 4 godzinach<\/p>\n<p>&#8211; wytrzyma\u0142o\u015b\u0107 na \u015bciskanie: \u2265 30 N\/mm2<br \/>\n&#8211; wytrzyma\u0142o\u015b\u0107 na zginanie: \u2265 7 N\/mm2<\/p>\n","protected":false},"excerpt":{"rendered":"<h3 style=\"color: #0099cc;\">Sprawd\u017a cen\u0119 i aktualny stan w sklepie<br \/>\n<strong>Kontakt:<\/strong> <a href=\"mailto:info@e-adams.pl\"><u><b>info@e-adams.pl<\/b><\/u><\/a><\/h3>\n","protected":false},"featured_media":12318,"comment_status":"open","ping_status":"closed","template":"","meta":{"_acf_changed":false,"inline_featured_image":false},"product_cat":[281],"product_tag":[265,950,995],"class_list":{"0":"post-12289","1":"product","2":"type-product","3":"status-publish","4":"has-post-thumbnail","6":"product_cat-wylewki-posadzkowe","7":"product_tag-atlas","8":"product_tag-materialy-budowlane","9":"product_tag-wylewka","11":"first","12":"instock","13":"shipping-taxable","14":"purchasable","15":"product-type-simple"},"acf":[],"_links":{"self":[{"href":"https:\/\/e-adams.pl\/de\/wp-json\/wp\/v2\/product\/12289","targetHints":{"allow":["GET"]}}],"collection":[{"href":"https:\/\/e-adams.pl\/de\/wp-json\/wp\/v2\/product"}],"about":[{"href":"https:\/\/e-adams.pl\/de\/wp-json\/wp\/v2\/types\/product"}],"replies":[{"embeddable":true,"href":"https:\/\/e-adams.pl\/de\/wp-json\/wp\/v2\/comments?post=12289"}],"wp:featuredmedia":[{"embeddable":true,"href":"https:\/\/e-adams.pl\/de\/wp-json\/wp\/v2\/media\/12318"}],"wp:attachment":[{"href":"https:\/\/e-adams.pl\/de\/wp-json\/wp\/v2\/media?parent=12289"}],"wp:term":[{"taxonomy":"product_cat","embeddable":true,"href":"https:\/\/e-adams.pl\/de\/wp-json\/wp\/v2\/product_cat?post=12289"},{"taxonomy":"product_tag","embeddable":true,"href":"https:\/\/e-adams.pl\/de\/wp-json\/wp\/v2\/product_tag?post=12289"}],"curies":[{"name":"wp","href":"https:\/\/api.w.org\/{rel}","templated":true}]}}