{"id":12290,"date":"2018-12-03T13:30:06","date_gmt":"2018-12-03T12:30:06","guid":{"rendered":"https:\/\/e-adams.pl\/sklep\/atlas-sms-15-wylewka-samopoziomujacy-25kg\/"},"modified":"2024-07-15T11:31:09","modified_gmt":"2024-07-15T09:31:09","slug":"wylewka-samopoziomujaca-atlas-sms-15-25kg","status":"publish","type":"product","link":"https:\/\/e-adams.pl\/de\/produkt\/wylewka-samopoziomujaca-atlas-sms-15-25kg\/","title":{"rendered":"Wylewka samopoziomuj\u0105ca ATLAS SMS 15 &#8211; 25kg"},"content":{"rendered":"<h3>Wylewka samopoziomuj\u0105ca ATLAS SMS 15 &#8211; 25kg<\/h3>\n<p><strong>Szybkosprawna samopoziomuj\u0105ca masa szpachlowa (1-15 mm) pod parkiet, wyk\u0142adziny, p\u0142ytki, panele<br \/>\nZu\u017cycie:<\/strong> ok. 16,6 kg zaprawy na 1 m\u00b2 i na ka\u017cde 10 mm grubo\u015bci warstwy<\/p>\n<p><img loading=\"lazy\" decoding=\"async\" class=\"aligncenter size-full wp-image-12315\" src=\"https:\/\/e-adams.pl\/wp-content\/uploads\/2018\/12\/wylewka-samopoziomujaca-atlas-sms-15-25kg.jpg\" alt=\"wylewka samopoziomuj\u0105ca atlas, Atlas sms 15 25kg, Adams \u017bary, masa szpachlowa, szybkosprawna wylewka, wylewki poziomuj\u0105ce \u017bary, wylewka pod g\u0142adk\u0105 powierzchni\u0119\" width=\"400\" height=\"400\" title=\"\"><\/p>\n<p style=\"text-align: justify;\">Atlas SMS15 tanowi bardzo g\u0142adk\u0105 powierzchni\u0119 \u2013 jest szczeg\u00f3lnie zalecany jako warstwa wyko\u0144czeniowa dla podk\u0142ad\u00f3w pod\u0142ogowych wykonywanych pod wyk\u0142adziny. Mo\u017ce by\u0107 stosowany w pokojach, przedpokojach, holach, salonach, biurach, korytarzach, poczekalniach, kuchniach i \u0142azienkach. Produkt samopoziomuj\u0105cy, o doskona\u0142ej rozlewno\u015bci, wyr\u00f3wnuje pod\u0142o\u017ca w zakresie grubo\u015bci warstwy 1-15 mm, posiada niski skurcz liniowy. Zalecany do stosowania w pomieszczeniach budownictwa og\u00f3lnego, mieszkaniowego, jest przystosowany jest do wykonywania r\u0119cznego lub maszynowego. Pozwala na wchodzenie na podk\u0142ad po 6 godzinach, przyklejanie p\u0142ytek ju\u017c po 24 godzinach, a monta\u017c parkietu po 7 dniach. Ruch pieszy po 4 godzinach.<\/p>\n<p>&#8211; wytrzyma\u0142o\u015b\u0107 na \u015bciskanie: \u2265 25 N\/mm2<br \/>\n&#8211; wytrzyma\u0142o\u015b\u0107 na zginanie: \u2265 7 N\/mm2<\/p>\n","protected":false},"excerpt":{"rendered":"<h3 style=\"color: #0099cc;\">Sprawd\u017a cen\u0119 i aktualny stan w sklepie<br \/>\n<strong>Kontakt:<\/strong> <a href=\"mailto:info@e-adams.pl\"><u><b>info@e-adams.pl<\/b><\/u><\/a><\/h3>\n","protected":false},"featured_media":12315,"comment_status":"open","ping_status":"closed","template":"","meta":{"_acf_changed":false,"inline_featured_image":false},"product_cat":[281],"product_tag":[265,950,995],"class_list":{"0":"post-12290","1":"product","2":"type-product","3":"status-publish","4":"has-post-thumbnail","6":"product_cat-wylewki-posadzkowe","7":"product_tag-atlas","8":"product_tag-materialy-budowlane","9":"product_tag-wylewka","11":"first","12":"instock","13":"shipping-taxable","14":"purchasable","15":"product-type-simple"},"acf":[],"_links":{"self":[{"href":"https:\/\/e-adams.pl\/de\/wp-json\/wp\/v2\/product\/12290","targetHints":{"allow":["GET"]}}],"collection":[{"href":"https:\/\/e-adams.pl\/de\/wp-json\/wp\/v2\/product"}],"about":[{"href":"https:\/\/e-adams.pl\/de\/wp-json\/wp\/v2\/types\/product"}],"replies":[{"embeddable":true,"href":"https:\/\/e-adams.pl\/de\/wp-json\/wp\/v2\/comments?post=12290"}],"wp:featuredmedia":[{"embeddable":true,"href":"https:\/\/e-adams.pl\/de\/wp-json\/wp\/v2\/media\/12315"}],"wp:attachment":[{"href":"https:\/\/e-adams.pl\/de\/wp-json\/wp\/v2\/media?parent=12290"}],"wp:term":[{"taxonomy":"product_cat","embeddable":true,"href":"https:\/\/e-adams.pl\/de\/wp-json\/wp\/v2\/product_cat?post=12290"},{"taxonomy":"product_tag","embeddable":true,"href":"https:\/\/e-adams.pl\/de\/wp-json\/wp\/v2\/product_tag?post=12290"}],"curies":[{"name":"wp","href":"https:\/\/api.w.org\/{rel}","templated":true}]}}