{"id":12291,"date":"2018-12-03T13:30:07","date_gmt":"2018-12-03T12:30:07","guid":{"rendered":"https:\/\/e-adams.pl\/sklep\/atlas-postar-20-25kg-10-80mm\/"},"modified":"2024-02-15T11:48:54","modified_gmt":"2024-02-15T10:48:54","slug":"posadzka-cementowa-10-80mm-atlas-postar-20-25kg","status":"publish","type":"product","link":"https:\/\/e-adams.pl\/de\/produkt\/posadzka-cementowa-10-80mm-atlas-postar-20-25kg\/","title":{"rendered":"Posadzka cementowa 10-80mm ATLAS POSTAR 20 &#8211; 25kg"},"content":{"rendered":"<h3>Posadzka cementowa 10-80mm ATLAS POSTAR 20 &#8211; 25kg<\/h3>\n<p><strong>Szybkoschn\u0105cy podk\u0142ad cementowy do miejsc nara\u017conych na trwa\u0142e zawilgocenia<br \/>\nZu\u017cycie:<\/strong> ok. 20 kg zaprawy na 1 m\u00b2 i na ka\u017cde 10 mm grubo\u015bci warstwy<\/p>\n<p><img loading=\"lazy\" decoding=\"async\" class=\"aligncenter size-full wp-image-12311\" src=\"https:\/\/e-adams.pl\/wp-content\/uploads\/2018\/12\/posadzka-cementowa-10-80mm-atlas-postar-20-25kg.jpg\" alt=\"posadzka cementowa 10-80mm, atlas postar 20 25kg, podk\u0142ad cementowy, podk\u0142ad posadzkowy atlas \u017bary, podk\u0142ad pod p\u0142ytki\" width=\"400\" height=\"400\" title=\"\"><\/p>\n<p style=\"text-align: justify;\">Atlas Postar 20 posiada ograniczony skurcz liniowy, zalecany jest do miejsc nara\u017conych na trwa\u0142e zawilgocenia. Podk\u0142ad pod\u0142ogowy stosowany pod p\u0142ytki ceramiczne i kamienne, wyk\u0142adziny PVC i dywanowe, panele \u2013 zalecany do wszelkiego rodzaju powierzchni o \u015brednim i du\u017cym obci\u0105\u017ceniu. Grubo\u015b\u0107 warstwy od 10 do 80 mm, mo\u017cliwe przyklejanie ju\u017c po 2 dniach, a ruch pieszy ju\u017c po 24 godzinach!<\/p>\n<p>&#8211; wytrzyma\u0142o\u015b\u0107 na \u015bciskanie: min 20 N\/mm2<\/p>\n","protected":false},"excerpt":{"rendered":"<h3 style=\"color: #0099cc;\">Sprawd\u017a cen\u0119 i aktualny stan w sklepie<br \/>\n<strong>Kontakt:<\/strong> <a href=\"mailto:info@e-adams.pl\"><u><b>info@e-adams.pl<\/b><\/u><\/a><\/h3>\n","protected":false},"featured_media":12311,"comment_status":"open","ping_status":"closed","template":"","meta":{"_acf_changed":false,"inline_featured_image":false},"product_cat":[281],"product_tag":[265,950,994],"class_list":{"0":"post-12291","1":"product","2":"type-product","3":"status-publish","4":"has-post-thumbnail","6":"product_cat-wylewki-posadzkowe","7":"product_tag-atlas","8":"product_tag-materialy-budowlane","9":"product_tag-posadzka","11":"first","12":"outofstock","13":"shipping-taxable","14":"purchasable","15":"product-type-simple"},"acf":[],"_links":{"self":[{"href":"https:\/\/e-adams.pl\/de\/wp-json\/wp\/v2\/product\/12291","targetHints":{"allow":["GET"]}}],"collection":[{"href":"https:\/\/e-adams.pl\/de\/wp-json\/wp\/v2\/product"}],"about":[{"href":"https:\/\/e-adams.pl\/de\/wp-json\/wp\/v2\/types\/product"}],"replies":[{"embeddable":true,"href":"https:\/\/e-adams.pl\/de\/wp-json\/wp\/v2\/comments?post=12291"}],"wp:featuredmedia":[{"embeddable":true,"href":"https:\/\/e-adams.pl\/de\/wp-json\/wp\/v2\/media\/12311"}],"wp:attachment":[{"href":"https:\/\/e-adams.pl\/de\/wp-json\/wp\/v2\/media?parent=12291"}],"wp:term":[{"taxonomy":"product_cat","embeddable":true,"href":"https:\/\/e-adams.pl\/de\/wp-json\/wp\/v2\/product_cat?post=12291"},{"taxonomy":"product_tag","embeddable":true,"href":"https:\/\/e-adams.pl\/de\/wp-json\/wp\/v2\/product_tag?post=12291"}],"curies":[{"name":"wp","href":"https:\/\/api.w.org\/{rel}","templated":true}]}}