{"id":12292,"date":"2018-12-03T13:30:08","date_gmt":"2018-12-03T12:30:08","guid":{"rendered":"https:\/\/e-adams.pl\/sklep\/atlas-monter-t5-5kg-szybkowiazaca-zaprawa-montazo\/"},"modified":"2024-07-15T11:31:10","modified_gmt":"2024-07-15T09:31:10","slug":"zaprawa-montazowa-atlas-monter-t5-5kg","status":"publish","type":"product","link":"https:\/\/e-adams.pl\/de\/produkt\/zaprawa-montazowa-atlas-monter-t5-5kg\/","title":{"rendered":"Zaprawa monta\u017cowa ATLAS MONTER T-5 &#8211; 5kg"},"content":{"rendered":"<h3>Zaprawa monta\u017cowa ATLAS MONTER T5 &#8211; 5kg<\/h3>\n<p><strong>Szybkowi\u0105\u017c\u0105ca zaprawa monta\u017cowa mrozoodporna<br \/>\nZu\u017cycie:<\/strong> ok. 1,8 kg suchej masy na 1dm\u00b3 masy wype\u0142niaj\u0105cej<\/p>\n<p><img loading=\"lazy\" decoding=\"async\" class=\"aligncenter size-full wp-image-12300\" src=\"https:\/\/e-adams.pl\/wp-content\/uploads\/2018\/12\/zaprawa-montazowa-atlas-monter-t5-5kg.jpg\" alt=\"zaprawa monta\u017cowa atlas \u017bary. Atlas monter t5 5kg, szybkowi\u0105\u017c\u0105ca zaprawa, Adams \u017bary\" width=\"400\" height=\"400\" title=\"\"><\/p>\n<p style=\"text-align: justify;\">Atlas Monter T5 zalecany jest do kotwienia element\u00f3w na powierzchniach poziomych i pionowych \u2013 \u015brub fundamentowych, s\u0142upk\u00f3w ogrodzeniowych, balustrad balkonowych i schodowych, kotew, hak\u00f3w, ko\u0142k\u00f3w, dybli, zawiesi, zawias\u00f3w okien, bram i drzwi, wspornik\u00f3w instalacji wodnych, gazowych i c-o, element\u00f3w instalacji elektrycznych &#8211; puszek i skrzynek elektrycznych, itp. Umo\u017cliwia osadzanie i \u0142\u0105czenie element\u00f3w betonowych. Skutecznie odtwarza pierwotny kszta\u0142t element\u00f3w betonowych, np. kraw\u0119dzi.<\/p>\n<p>&#8211; jest wyrobem szybkosprawnym \u2013 odznacza si\u0119 bardzo kr\u00f3tkim czasem wi\u0105zania<br \/>\n&#8211; bardzo szybki przyrost wytrzyma\u0142o\u015bci na \u015bciskanie \u2013 nie mniej ni\u017c 10,0 MPa ju\u017c po jednej godzinie<br \/>\n&#8211; pozwala uzyska\u0107 trwa\u0142e zamocowanie ju\u017c po 5 minutach<br \/>\n&#8211; pozwala wype\u0142nia\u0107 szczeliny do szeroko\u015bci 40 mm &#8211; po zmieszaniu z piaskiem kwarcowym (wielko\u015b\u0107 ziarna do 2 mm) w proporcji 1:1<br \/>\n&#8211; nie powoduje chlorkowej korozji element\u00f3w metalowych<\/p>\n","protected":false},"excerpt":{"rendered":"<h3 style=\"color: #0099cc;\">Sprawd\u017a cen\u0119 i aktualny stan w sklepie<br \/>\n<strong>Kontakt:<\/strong> <a href=\"mailto:info@e-adams.pl\"><u><b>info@e-adams.pl<\/b><\/u><\/a><\/h3>\n","protected":false},"featured_media":12302,"comment_status":"open","ping_status":"closed","template":"","meta":{"_acf_changed":false,"inline_featured_image":false},"product_cat":[281],"product_tag":[265,950,957],"class_list":{"0":"post-12292","1":"product","2":"type-product","3":"status-publish","4":"has-post-thumbnail","6":"product_cat-wylewki-posadzkowe","7":"product_tag-atlas","8":"product_tag-materialy-budowlane","9":"product_tag-zaprawa","11":"first","12":"outofstock","13":"shipping-taxable","14":"purchasable","15":"product-type-simple"},"acf":[],"_links":{"self":[{"href":"https:\/\/e-adams.pl\/de\/wp-json\/wp\/v2\/product\/12292","targetHints":{"allow":["GET"]}}],"collection":[{"href":"https:\/\/e-adams.pl\/de\/wp-json\/wp\/v2\/product"}],"about":[{"href":"https:\/\/e-adams.pl\/de\/wp-json\/wp\/v2\/types\/product"}],"replies":[{"embeddable":true,"href":"https:\/\/e-adams.pl\/de\/wp-json\/wp\/v2\/comments?post=12292"}],"wp:featuredmedia":[{"embeddable":true,"href":"https:\/\/e-adams.pl\/de\/wp-json\/wp\/v2\/media\/12302"}],"wp:attachment":[{"href":"https:\/\/e-adams.pl\/de\/wp-json\/wp\/v2\/media?parent=12292"}],"wp:term":[{"taxonomy":"product_cat","embeddable":true,"href":"https:\/\/e-adams.pl\/de\/wp-json\/wp\/v2\/product_cat?post=12292"},{"taxonomy":"product_tag","embeddable":true,"href":"https:\/\/e-adams.pl\/de\/wp-json\/wp\/v2\/product_tag?post=12292"}],"curies":[{"name":"wp","href":"https:\/\/api.w.org\/{rel}","templated":true}]}}