{"id":12293,"date":"2018-12-03T13:30:10","date_gmt":"2018-12-03T12:30:10","guid":{"rendered":"https:\/\/e-adams.pl\/sklep\/beton-b20-25kg-baumit\/"},"modified":"2022-09-05T13:40:52","modified_gmt":"2022-09-05T11:40:52","slug":"beton-baumit-b20-25kg","status":"publish","type":"product","link":"https:\/\/e-adams.pl\/de\/produkt\/beton-baumit-b20-25kg\/","title":{"rendered":"Beton BAUMIT B20 &#8211; 25kg"},"content":{"rendered":"<h3>Beton BAUMIT B20 &#8211; 25kg<\/h3>\n<p><strong>Gotowa sucha mieszanka betonowa C16\/20<br \/>\nZu\u017cycie:<\/strong> ok. 20 kg\/m\u00b2\/cm<\/p>\n<p><img loading=\"lazy\" decoding=\"async\" class=\"aligncenter size-full wp-image-12327\" src=\"https:\/\/e-adams.pl\/wp-content\/uploads\/2018\/12\/beton-baumit-b20-25kg.jpg\" alt=\"beton \u017bary, baumit b20 25kg, Gotowa sucha mieszanka betonowa, C16\/20, sucha mieszanka do zaprawy betonowej, beton mrozoodporny\" width=\"400\" height=\"400\" title=\"\"><\/p>\n<p style=\"text-align: justify;\">Fabrycznie przygotowana, sucha mieszanka do wykonywania zaprawy betonowej klasy C16\/20. Przeznaczona do wykonywania drobnych rob\u00f3t betoniarskich i naprawczych (np. podk\u0142ad\u00f3w, murk\u00f3w itp.), element\u00f3w ma\u0142ej architektury, jak r\u00f3wnie\u017c do betonowych podk\u0142ad\u00f3w pod\u0142ogowych, wewn\u0105trz i na zewn\u0105trz budynk\u00f3w. Zaprawa betonowa wykonana dzi\u0119ki mieszance Baumit to r\u00f3wnie\u017c znakomity spos\u00f3b na stworzenie wysokiej jako\u015bci betonowego podk\u0142adu pod\u0142ogowego lub wyr\u00f3wnanie istniej\u0105cej warstwy. Baumit B20 masa betonowa mo\u017ce by\u0107 z powodzeniem wykorzystywana wewn\u0105trz i na zewn\u0105trz. Doskonale zniesie trudne warunki atmosferyczne i zmiany temperatury. Mieszanka jest odporna na mr\u00f3z.<\/p>\n<p>&#8211; podk\u0142ady i warstwy wyr\u00f3wnuj\u0105ce<br \/>\n&#8211; drobne elementy betonowe<br \/>\n&#8211; mrozoodporny<\/p>\n","protected":false},"excerpt":{"rendered":"<h3 style=\"color: #0099cc;\">Sprawd\u017a cen\u0119 i aktualny stan w sklepie<br \/>\n<strong>Kontakt:<\/strong> <a href=\"mailto:info@e-adams.pl\"><u><b>info@e-adams.pl<\/b><\/u><\/a><\/h3>\n","protected":false},"featured_media":12327,"comment_status":"open","ping_status":"closed","template":"","meta":{"_acf_changed":false,"inline_featured_image":false},"product_cat":[281],"product_tag":[989,996,950],"class_list":{"0":"post-12293","1":"product","2":"type-product","3":"status-publish","4":"has-post-thumbnail","6":"product_cat-wylewki-posadzkowe","7":"product_tag-baumit","8":"product_tag-beton","9":"product_tag-materialy-budowlane","11":"first","12":"onbackorder","13":"shipping-taxable","14":"product-type-simple"},"acf":[],"_links":{"self":[{"href":"https:\/\/e-adams.pl\/de\/wp-json\/wp\/v2\/product\/12293","targetHints":{"allow":["GET"]}}],"collection":[{"href":"https:\/\/e-adams.pl\/de\/wp-json\/wp\/v2\/product"}],"about":[{"href":"https:\/\/e-adams.pl\/de\/wp-json\/wp\/v2\/types\/product"}],"replies":[{"embeddable":true,"href":"https:\/\/e-adams.pl\/de\/wp-json\/wp\/v2\/comments?post=12293"}],"wp:featuredmedia":[{"embeddable":true,"href":"https:\/\/e-adams.pl\/de\/wp-json\/wp\/v2\/media\/12327"}],"wp:attachment":[{"href":"https:\/\/e-adams.pl\/de\/wp-json\/wp\/v2\/media?parent=12293"}],"wp:term":[{"taxonomy":"product_cat","embeddable":true,"href":"https:\/\/e-adams.pl\/de\/wp-json\/wp\/v2\/product_cat?post=12293"},{"taxonomy":"product_tag","embeddable":true,"href":"https:\/\/e-adams.pl\/de\/wp-json\/wp\/v2\/product_tag?post=12293"}],"curies":[{"name":"wp","href":"https:\/\/api.w.org\/{rel}","templated":true}]}}