{"id":12294,"date":"2018-12-03T13:30:13","date_gmt":"2018-12-03T12:30:13","guid":{"rendered":"https:\/\/e-adams.pl\/sklep\/ultraplan-renovation-23kg-zaprawa-samopoziomujaca-3-30mm-mapei\/"},"modified":"2024-07-15T11:31:16","modified_gmt":"2024-07-15T09:31:16","slug":"zaprawa-samopoziomujaca-mapei-ultraplan-renovation-23kg","status":"publish","type":"product","link":"https:\/\/e-adams.pl\/de\/produkt\/zaprawa-samopoziomujaca-mapei-ultraplan-renovation-23kg\/","title":{"rendered":"Zaprawa samopoziomuj\u0105ca MAPEI ULTRAPLAN RENOVATION &#8211; 23kg"},"content":{"rendered":"<h3>Zaprawa samopoziomuj\u0105ca MAPEI ULTRAPLAN RENOVATION &#8211; 23kg<\/h3>\n<p><strong>Szybkowi\u0105\u017c\u0105ca, cementowa masa samopoziomuj\u0105ca wzmocniona w\u0142\u00f3knami (warstwa 3 do 50 mm)<br \/>\nZu\u017cycie:<\/strong> 1,4 kg\/m\u00b2 na 1 mm grubo\u015bci warstwy.<\/p>\n<p><img loading=\"lazy\" decoding=\"async\" class=\"aligncenter size-full wp-image-12336\" src=\"https:\/\/e-adams.pl\/wp-content\/uploads\/2018\/12\/zaprawa-samopoziomujaca-mapei-ultraplan-renovation-23kg.jpg\" alt=\"zaprawa samopoziomuj\u0105ca \u017bary, mapei ultraplan renovation 23kg, Cementowa masa samopoziomuj\u0105ca, Szybkowi\u0105\u017c\u0105ca masa poziomuj\u0105ca, Adams \u017bary, budowlanka \u017cary\" width=\"400\" height=\"400\" title=\"\"><\/p>\n<p style=\"text-align: justify;\">Ultraplan Renovation jest zbrojon\u0105 w\u0142\u00f3knami cementow\u0105 mas\u0105 samopoziomuj\u0105c\u0105, przeznaczon\u0105 do renowacji istniej\u0105cych posadzek zar\u00f3wno w budownictwie mieszkaniowym jak i w obiektach handlowych i u\u017cyteczno\u015bci publicznej, kt\u00f3ra mo\u017ce by\u0107 aplikowana r\u0119cznie lub mechanicznie.<\/p>\n<h3>ZASTOSOWANIE<\/h3>\n<p style=\"text-align: justify;\">Ultraplan Renovation stosowany jest do wyr\u00f3wnywania, wyg\u0142adzania i usuwania r\u00f3\u017cnic w poziomie w zakresie od 3 do 30 mm, nowych lub ju\u017c istniej\u0105cych pod\u0142o\u017cy tj. np. posadzki betonowe, podk\u0142ady (jastrychy) cementowe i anhydrytowe, posadzki z kamienia, lastryko i p\u0142ytki ceramiczne, stare i nowe, stabilne pod\u0142ogi drewniane i drewnopochodne. Ultraplan Renovation nadaje si\u0119 na pod\u0142o\u017ca, gdzie wymagana jest dobra wytrzyma\u0142o\u015b\u0107 na obci\u0105\u017cenia, r\u00f3wnie\u017c na obci\u0105\u017cenia meblami na k\u00f3\u0142kach. Mo\u017ce by\u0107 stosowany na systemach ogrzewania pod\u0142ogowego.<\/p>\n<h3>ZALECENIA<\/h3>\n<p>&#8211; Nie nale\u017cy dodawa\u0107 wody do mieszanki, kt\u00f3ra zacz\u0119\u0142a ju\u017c wi\u0105za\u0107.<br \/>\n&#8211; Nie nale\u017cy dodawa\u0107 do mieszanki innych spoiw np. wapna, cementu lub gipsu.<br \/>\n&#8211; Nie u\u017cywa\u0107 Ultraplan Renovation do wyr\u00f3wnywania powierzchni na zewn\u0105trz budynk\u00f3w.<br \/>\n&#8211; Nie stosowa\u0107 Ultraplan Renovation na pod\u0142o\u017cach, kt\u00f3re s\u0105 nara\u017cone na ci\u0105g\u0142e podci\u0105ganie wilgoci.<br \/>\n&#8211; Nie nale\u017cy stosowa\u0107 Ultraplan Renovation na powierzchniach metalowych.<br \/>\n&#8211; Ultraplan Renovation nie powinien by\u0107 nanoszony w temperaturach poni\u017cej +5\u00b0C.<br \/>\n&#8211; W przypadku stosowania Ultraplan Renovation na pod\u0142o\u017cach przemys\u0142owych, nale\u017cy skontaktowa\u0107 si\u0119 z Dzia\u0142em Technicznym Mapei w celu ustalenia odpowiedniej technologii aplikacji.<\/p>\n","protected":false},"excerpt":{"rendered":"<h3 style=\"color: #0099cc;\">Sprawd\u017a cen\u0119 i aktualny stan w sklepie<br \/>\n<strong>Kontakt:<\/strong> <a href=\"mailto:info@e-adams.pl\"><u><b>info@e-adams.pl<\/b><\/u><\/a><\/h3>\n","protected":false},"featured_media":12336,"comment_status":"open","ping_status":"closed","template":"","meta":{"_acf_changed":false,"inline_featured_image":false},"product_cat":[281],"product_tag":[984,950,957],"class_list":{"0":"post-12294","1":"product","2":"type-product","3":"status-publish","4":"has-post-thumbnail","6":"product_cat-wylewki-posadzkowe","7":"product_tag-mapei","8":"product_tag-materialy-budowlane","9":"product_tag-zaprawa","11":"first","12":"instock","13":"shipping-taxable","14":"purchasable","15":"product-type-simple"},"acf":[],"_links":{"self":[{"href":"https:\/\/e-adams.pl\/de\/wp-json\/wp\/v2\/product\/12294","targetHints":{"allow":["GET"]}}],"collection":[{"href":"https:\/\/e-adams.pl\/de\/wp-json\/wp\/v2\/product"}],"about":[{"href":"https:\/\/e-adams.pl\/de\/wp-json\/wp\/v2\/types\/product"}],"replies":[{"embeddable":true,"href":"https:\/\/e-adams.pl\/de\/wp-json\/wp\/v2\/comments?post=12294"}],"wp:featuredmedia":[{"embeddable":true,"href":"https:\/\/e-adams.pl\/de\/wp-json\/wp\/v2\/media\/12336"}],"wp:attachment":[{"href":"https:\/\/e-adams.pl\/de\/wp-json\/wp\/v2\/media?parent=12294"}],"wp:term":[{"taxonomy":"product_cat","embeddable":true,"href":"https:\/\/e-adams.pl\/de\/wp-json\/wp\/v2\/product_cat?post=12294"},{"taxonomy":"product_tag","embeddable":true,"href":"https:\/\/e-adams.pl\/de\/wp-json\/wp\/v2\/product_tag?post=12294"}],"curies":[{"name":"wp","href":"https:\/\/api.w.org\/{rel}","templated":true}]}}