{"id":12323,"date":"2018-12-03T14:48:42","date_gmt":"2018-12-03T13:48:42","guid":{"rendered":"https:\/\/e-adams.pl\/sklep\/zaprawa-wyrownujaca-zw330-25kg\/"},"modified":"2024-07-15T11:31:10","modified_gmt":"2024-07-15T09:31:10","slug":"zaprawa-wyrownawcza-atlas-zw-330-25kg","status":"publish","type":"product","link":"https:\/\/e-adams.pl\/de\/produkt\/zaprawa-wyrownawcza-atlas-zw-330-25kg\/","title":{"rendered":"Zaprawa wyr\u00f3wnawcza ATLAS ZW 330 &#8211; 25kg"},"content":{"rendered":"<h3>Zaprawa wyr\u00f3wnawcza ATLAS ZW 330 &#8211; 25kg<\/h3>\n<p><strong>Szybkosprawna zaprawa wyr\u00f3wnuj\u0105ca (3-30 mm)<br \/>\nZu\u017cycie:<\/strong> ok. 15 kg suchej masy na 1m2, na ka\u017cde 10 mm grubo\u015bci<\/p>\n<p><img loading=\"lazy\" decoding=\"async\" class=\"aligncenter size-full wp-image-12325\" src=\"https:\/\/e-adams.pl\/wp-content\/uploads\/2018\/12\/zaprawa-wyrownawcza-atlas-zw-330-25kg.jpg\" alt=\"zaprawa wyr\u00f3wnawcza \u017bary, atlas zw 330 25kg, Atlas ZW330 szybkosprawna zaprawa wyr\u00f3wnuj\u0105ca, plastyczna zaprawa\" width=\"400\" height=\"400\" title=\"\"><\/p>\n<p style=\"text-align: justify;\">Zaprawa Atlas ZW330 Przeznaczona do naprawiania pod\u0142o\u017cy budowlanych wewn\u0105trz i na zewn\u0105trz, przeznaczonych pod p\u0142ytki, g\u0142adzie, tynki, podk\u0142ady pod\u0142ogowe. Pozwala na wype\u0142nianie ubytk\u00f3w, zag\u0142\u0119bie\u0144 i niwelowanie innych nier\u00f3wno\u015bci pod\u0142o\u017ca. S\u0142u\u017cy r\u00f3wnie\u017c do wykonywania podk\u0142ad\u00f3w pod\u0142ogowych zespolonych z pod\u0142o\u017cem. Zaprawa jest wzmocniona w\u0142\u00f3knami polipropylenowymi. Produkt cechuje brak rys skurczowych i plastyczna konsystencja. Przyklejanie p\u0142ytek mo\u017cliwe ju\u017c po 5 godzinach przy 5 mm grubo\u015bci warstwy.<\/p>\n<p>&#8211; wytrzyma\u0142o\u015b\u0107 na \u015bciskanie: min. 20,0 MPa<\/p>\n","protected":false},"excerpt":{"rendered":"<h3 style=\"color: #0099cc;\">Sprawd\u017a cen\u0119 i aktualny stan w sklepie<br \/>\n<strong>Kontakt:<\/strong> <a href=\"mailto:info@e-adams.pl\"><u><b>info@e-adams.pl<\/b><\/u><\/a><\/h3>\n","protected":false},"featured_media":12325,"comment_status":"open","ping_status":"closed","template":"","meta":{"_acf_changed":false,"inline_featured_image":false},"product_cat":[281],"product_tag":[265,950,957],"class_list":{"0":"post-12323","1":"product","2":"type-product","3":"status-publish","4":"has-post-thumbnail","6":"product_cat-wylewki-posadzkowe","7":"product_tag-atlas","8":"product_tag-materialy-budowlane","9":"product_tag-zaprawa","11":"first","12":"instock","13":"shipping-taxable","14":"purchasable","15":"product-type-simple"},"acf":[],"_links":{"self":[{"href":"https:\/\/e-adams.pl\/de\/wp-json\/wp\/v2\/product\/12323","targetHints":{"allow":["GET"]}}],"collection":[{"href":"https:\/\/e-adams.pl\/de\/wp-json\/wp\/v2\/product"}],"about":[{"href":"https:\/\/e-adams.pl\/de\/wp-json\/wp\/v2\/types\/product"}],"replies":[{"embeddable":true,"href":"https:\/\/e-adams.pl\/de\/wp-json\/wp\/v2\/comments?post=12323"}],"wp:featuredmedia":[{"embeddable":true,"href":"https:\/\/e-adams.pl\/de\/wp-json\/wp\/v2\/media\/12325"}],"wp:attachment":[{"href":"https:\/\/e-adams.pl\/de\/wp-json\/wp\/v2\/media?parent=12323"}],"wp:term":[{"taxonomy":"product_cat","embeddable":true,"href":"https:\/\/e-adams.pl\/de\/wp-json\/wp\/v2\/product_cat?post=12323"},{"taxonomy":"product_tag","embeddable":true,"href":"https:\/\/e-adams.pl\/de\/wp-json\/wp\/v2\/product_tag?post=12323"}],"curies":[{"name":"wp","href":"https:\/\/api.w.org\/{rel}","templated":true}]}}