{"id":12630,"date":"2018-12-05T10:34:55","date_gmt":"2018-12-05T09:34:55","guid":{"rendered":"https:\/\/e-adams.pl\/sklep\/siatka-do-wylewek-1x2-metry-szt-mata-zgrzewna\/"},"modified":"2023-08-18T09:25:12","modified_gmt":"2023-08-18T07:25:12","slug":"siatka-do-wylewek-1x2m-mata-zgrzewna","status":"publish","type":"product","link":"https:\/\/e-adams.pl\/de\/produkt\/siatka-do-wylewek-1x2m-mata-zgrzewna\/","title":{"rendered":"Siatka do wylewek 1x2m &#8211; Mata zgrzewna"},"content":{"rendered":"<h3>Siatka do wylewek 1x2m &#8211; Mata zgrzewna<\/h3>\n<p><strong>Siatka zbrojeniowa do wykonywania warstwy zbroj\u0105cej<\/strong><br \/>\n&#8211; rozproszenie napr\u0119\u017ce\u0144,<br \/>\n&#8211; zwi\u0119kszenie wytrzyma\u0142o\u015bci mechanicznej posadzki,<br \/>\n&#8211; zwi\u0119kszenie wytrzyma\u0142o\u015bci termicznej posadzki,<br \/>\n&#8211; likwidacja koszt\u00f3w p\u00f3\u017aniejszej wymiany p\u0142ytek u\u0142o\u017conych na posadce.<\/p>\n","protected":false},"excerpt":{"rendered":"<h3 style=\"color: #0099cc;\">Sprawd\u017a cen\u0119 i aktualny stan w sklepie<br \/>\n<strong>Kontakt:<\/strong> <a href=\"mailto:info@e-adams.pl\"><u><b>info@e-adams.pl<\/b><\/u><\/a><\/h3>\n","protected":false},"featured_media":7527,"comment_status":"open","ping_status":"closed","template":"","meta":{"_acf_changed":false,"inline_featured_image":false},"product_cat":[278],"product_tag":[1002],"class_list":{"0":"post-12630","1":"product","2":"type-product","3":"status-publish","4":"has-post-thumbnail","6":"product_cat-zbrojenie","7":"product_tag-zbrojenie","9":"first","10":"onbackorder","11":"shipping-taxable","12":"product-type-simple"},"acf":[],"_links":{"self":[{"href":"https:\/\/e-adams.pl\/de\/wp-json\/wp\/v2\/product\/12630","targetHints":{"allow":["GET"]}}],"collection":[{"href":"https:\/\/e-adams.pl\/de\/wp-json\/wp\/v2\/product"}],"about":[{"href":"https:\/\/e-adams.pl\/de\/wp-json\/wp\/v2\/types\/product"}],"replies":[{"embeddable":true,"href":"https:\/\/e-adams.pl\/de\/wp-json\/wp\/v2\/comments?post=12630"}],"wp:featuredmedia":[{"embeddable":true,"href":"https:\/\/e-adams.pl\/de\/wp-json\/wp\/v2\/media\/7527"}],"wp:attachment":[{"href":"https:\/\/e-adams.pl\/de\/wp-json\/wp\/v2\/media?parent=12630"}],"wp:term":[{"taxonomy":"product_cat","embeddable":true,"href":"https:\/\/e-adams.pl\/de\/wp-json\/wp\/v2\/product_cat?post=12630"},{"taxonomy":"product_tag","embeddable":true,"href":"https:\/\/e-adams.pl\/de\/wp-json\/wp\/v2\/product_tag?post=12630"}],"curies":[{"name":"wp","href":"https:\/\/api.w.org\/{rel}","templated":true}]}}