{"id":12636,"date":"2018-12-05T11:58:35","date_gmt":"2018-12-05T10:58:35","guid":{"rendered":"https:\/\/e-adams.pl\/sklep\/zaprawa-do-suporeksu-m5-silmur-szary-25kg\/"},"modified":"2024-07-15T11:31:14","modified_gmt":"2024-07-15T09:31:14","slug":"zaprawa-do-suporeksu-altas-silmur-szary-25kg","status":"publish","type":"product","link":"https:\/\/e-adams.pl\/de\/produkt\/zaprawa-do-suporeksu-altas-silmur-szary-25kg\/","title":{"rendered":"Zaprawa do suporeksu ALTAS SILMUR SZARY &#8211; 25kg"},"content":{"rendered":"<h3>Zaprawa do suporeksu ALTAS SILMUR SZARY &#8211; 25kg<\/h3>\n<p><strong>Zaprawy murarska do element\u00f3w silikatowych<br \/>\nZu\u017cycie: <\/strong>ok. 4 kg\/1 m2 \/ 2 cm<\/p>\n<p><img loading=\"lazy\" decoding=\"async\" class=\"size-full wp-image-12646 aligncenter\" src=\"https:\/\/e-adams.pl\/wp-content\/uploads\/2018\/12\/zaprawa-do-suporeksu-altas-silmur-25kg.jpg\" alt=\"zaprawa do suporeksu, altas silmur 25kg, Zaprawy murarska, zaprawa silikatowa, Atlas SILMUR M-15, bia\u0142y, szary\" width=\"400\" height=\"400\" title=\"\"><\/p>\n<p style=\"text-align: justify;\">Zalecane do wznoszenia mur\u00f3w z element\u00f3w silikatowych (wszystkie wersje) oraz betonu kom\u00f3rkowego i gazobetonu (SILMURY M-10, M-7,5 oraz M-5). Stosowane do murowania na cienkie spoiny \u2013 zalecana grubo\u015b\u0107 warstwy od 2 do 10 mm (optymalna grubo\u015b\u0107: 2-3 mm). Mo\u017cliwo\u015b\u0107 stosowania zaprawy ATLAS SILMUR M-15 w obni\u017conych temperaturach &#8211; nie mniej ni\u017c 0 \u00b0C w trakcie prowadzenia prac i nie mniej ni\u017c -10\u00b0C po 8 godzinach od ich zako\u0144czenia. Uwaga: praca w obni\u017conych temperaturach powoduje obni\u017cenie parametr\u00f3w wytrzyma\u0142o\u015bciowych zaprawy.<\/p>\n<h3>W\u0141A\u015aCIWO\u015aCI<\/h3>\n<p>&#8211; Dost\u0119pne w dw\u00f3ch odmianach \u2013 ka\u017cdy z SILMUR\u00d3W dost\u0119pny jest w kolorze bia\u0142ym i szarym.<br \/>\n&#8211; \u0141atwe i wygodne w u\u017cyciu \u2013 charakteryzuj\u0105 si\u0119 bardzo dobr\u0105 urabialno\u015bci\u0105, plastyczno\u015bci\u0105 i wysok\u0105 przyczepno\u015bci\u0105.<br \/>\n&#8211; do silikat\u00f3w i betonu kom\u00f3rkowego<br \/>\n&#8211; cztery wersje wytrzyma\u0142o\u015bciach na \u015bciskanie<br \/>\n&#8211; mo\u017cliwo\u015b\u0107 stosowania w obni\u017conych temperaturach (tylko SILMUR M-15)<br \/>\n&#8211; Wysoce wydajne \u2013 mo\u017cliwo\u015b\u0107 kontrolowania grubo\u015bci warstwy przy nak\u0142adaniu pac\u0105 z\u0105bkowan\u0105 lub dozownikiem, zmniejsza zu\u017cycie zaprawy i przyspiesza prace.<\/p>\n<p style=\"text-align: center;\"><strong>Przyk\u0142adowe warto\u015bci zu\u017cycia dla bloczk\u00f3w o wysoko\u015bci 20 cm, murowanych tylko na spoin\u0119 poziom\u0105.<\/strong><\/p>\n<p><img loading=\"lazy\" decoding=\"async\" class=\"aligncenter size-full wp-image-12644\" src=\"https:\/\/e-adams.pl\/wp-content\/uploads\/2018\/12\/Atlas-Silmur-Przykladowe-Zuzycie.jpg\" alt=\"Atlas Silmur Przykladowe Zu\u017cycie, Produkty Atlas \u017bary, Centrum Handlowe Adams, w\u0142a\u015bciwo\u015bci, dane techniczne, Budowlanka \u017bary\" width=\"964\" height=\"269\" title=\"\"><\/p>\n","protected":false},"excerpt":{"rendered":"<h3 style=\"color: #0099cc;\">Sprawd\u017a cen\u0119 i aktualny stan w sklepie<br \/>\n<strong>Kontakt:<\/strong> <a href=\"mailto:info@e-adams.pl\"><u><b>info@e-adams.pl<\/b><\/u><\/a><\/h3>\n","protected":false},"featured_media":12646,"comment_status":"open","ping_status":"closed","template":"","meta":{"_acf_changed":false,"inline_featured_image":false},"product_cat":[275],"product_tag":[265,950,957],"class_list":{"0":"post-12636","1":"product","2":"type-product","3":"status-publish","4":"has-post-thumbnail","6":"product_cat-gipsy-zaprawy","7":"product_tag-atlas","8":"product_tag-materialy-budowlane","9":"product_tag-zaprawa","11":"first","12":"instock","13":"shipping-taxable","14":"purchasable","15":"product-type-simple"},"acf":[],"_links":{"self":[{"href":"https:\/\/e-adams.pl\/de\/wp-json\/wp\/v2\/product\/12636","targetHints":{"allow":["GET"]}}],"collection":[{"href":"https:\/\/e-adams.pl\/de\/wp-json\/wp\/v2\/product"}],"about":[{"href":"https:\/\/e-adams.pl\/de\/wp-json\/wp\/v2\/types\/product"}],"replies":[{"embeddable":true,"href":"https:\/\/e-adams.pl\/de\/wp-json\/wp\/v2\/comments?post=12636"}],"wp:featuredmedia":[{"embeddable":true,"href":"https:\/\/e-adams.pl\/de\/wp-json\/wp\/v2\/media\/12646"}],"wp:attachment":[{"href":"https:\/\/e-adams.pl\/de\/wp-json\/wp\/v2\/media?parent=12636"}],"wp:term":[{"taxonomy":"product_cat","embeddable":true,"href":"https:\/\/e-adams.pl\/de\/wp-json\/wp\/v2\/product_cat?post=12636"},{"taxonomy":"product_tag","embeddable":true,"href":"https:\/\/e-adams.pl\/de\/wp-json\/wp\/v2\/product_tag?post=12636"}],"curies":[{"name":"wp","href":"https:\/\/api.w.org\/{rel}","templated":true}]}}