{"id":12637,"date":"2018-12-05T11:58:38","date_gmt":"2018-12-05T10:58:38","guid":{"rendered":"https:\/\/e-adams.pl\/sklep\/atlas-zaprawa-murarska-25kg\/"},"modified":"2024-07-15T11:31:14","modified_gmt":"2024-07-15T09:31:14","slug":"zaprawa-murarska-atlas-25kg","status":"publish","type":"product","link":"https:\/\/e-adams.pl\/de\/produkt\/zaprawa-murarska-atlas-25kg\/","title":{"rendered":"Zaprawa murarska ATLAS &#8211; 25kg"},"content":{"rendered":"<h3>Zaprawa murarska ATLAS &#8211; 25kg<\/h3>\n<p><strong>Tradycyjna zaprawa murarska do element\u00f3w ceramicznych, betonowych i silikatowych<br \/>\nZu\u017cycie:<\/strong> od 34 kg\/1 m2 muru o grubo\u015bci 1\/2 ceg\u0142y<\/p>\n<p><img loading=\"lazy\" decoding=\"async\" class=\"aligncenter size-full wp-image-12649\" src=\"https:\/\/e-adams.pl\/wp-content\/uploads\/2018\/12\/zaprawa-murarska-atlas-25kg.jpg\" alt=\"zaprawa murarska atlas 25kg, zaprawy murarskie Lubuskie, zaprawa do ceramiki, zaprawa do betonu, zaprawa do silikatu, tradycyjne zaprawy murarskie \u017bary, Adams \u017bary\" width=\"400\" height=\"400\" title=\"\"><\/p>\n<p style=\"text-align: justify;\">ZAPRAWA MURARSKA ATLAS polecana jest do murowania na tradycyjne, grube spoiny. Umo\u017cliwia korygowanie niedok\u0142adno\u015bci wymiarowych element\u00f3w \u015bciennych. Pozwala na wznoszenie kondygnacji nadziemnych, \u015bcian piwnic i fundament\u00f3w \u2013 w elementach zbrojonych i niezbrojnych, podlegaj\u0105cych wymaganiom konstrukcyjnym.<br \/>\n<strong>Wytrzyma\u0142o\u015b\u0107 &#8211; kategoria M5. Grubo\u015b\u0107 warstwy: 6 &#8211; 40 mm<\/strong><\/p>\n","protected":false},"excerpt":{"rendered":"<h3 style=\"color: #0099cc;\">Sprawd\u017a cen\u0119 i aktualny stan w sklepie<br \/>\n<strong>Kontakt:<\/strong> <a href=\"mailto:info@e-adams.pl\"><u><b>info@e-adams.pl<\/b><\/u><\/a><\/h3>\n","protected":false},"featured_media":12649,"comment_status":"open","ping_status":"closed","template":"","meta":{"_acf_changed":false,"inline_featured_image":false},"product_cat":[275],"product_tag":[265,950,957],"class_list":{"0":"post-12637","1":"product","2":"type-product","3":"status-publish","4":"has-post-thumbnail","6":"product_cat-gipsy-zaprawy","7":"product_tag-atlas","8":"product_tag-materialy-budowlane","9":"product_tag-zaprawa","11":"first","12":"instock","13":"shipping-taxable","14":"purchasable","15":"product-type-simple"},"acf":[],"_links":{"self":[{"href":"https:\/\/e-adams.pl\/de\/wp-json\/wp\/v2\/product\/12637","targetHints":{"allow":["GET"]}}],"collection":[{"href":"https:\/\/e-adams.pl\/de\/wp-json\/wp\/v2\/product"}],"about":[{"href":"https:\/\/e-adams.pl\/de\/wp-json\/wp\/v2\/types\/product"}],"replies":[{"embeddable":true,"href":"https:\/\/e-adams.pl\/de\/wp-json\/wp\/v2\/comments?post=12637"}],"wp:featuredmedia":[{"embeddable":true,"href":"https:\/\/e-adams.pl\/de\/wp-json\/wp\/v2\/media\/12649"}],"wp:attachment":[{"href":"https:\/\/e-adams.pl\/de\/wp-json\/wp\/v2\/media?parent=12637"}],"wp:term":[{"taxonomy":"product_cat","embeddable":true,"href":"https:\/\/e-adams.pl\/de\/wp-json\/wp\/v2\/product_cat?post=12637"},{"taxonomy":"product_tag","embeddable":true,"href":"https:\/\/e-adams.pl\/de\/wp-json\/wp\/v2\/product_tag?post=12637"}],"curies":[{"name":"wp","href":"https:\/\/api.w.org\/{rel}","templated":true}]}}