{"id":12638,"date":"2018-12-05T11:58:39","date_gmt":"2018-12-05T10:58:39","guid":{"rendered":"https:\/\/e-adams.pl\/sklep\/atlas-zaprawa-tynkarska-25kg\/"},"modified":"2024-07-15T11:31:15","modified_gmt":"2024-07-15T09:31:15","slug":"zaprawa-tynkarska-atlas-25kg","status":"publish","type":"product","link":"https:\/\/e-adams.pl\/de\/produkt\/zaprawa-tynkarska-atlas-25kg\/","title":{"rendered":"Zaprawa tynkarska ATLAS &#8211; 25kg"},"content":{"rendered":"<h3>Zaprawa tynkarska ATLAS &#8211; 25kg<\/h3>\n<p><strong>Tradycyjny tynk cementowy kat. III do tynkowania \u015bcian i sufit\u00f3w<br \/>\nZu\u017cycie: <\/strong>25 kg\/ 1,3-1,4 m2\/ 1 cm<\/p>\n<p><img loading=\"lazy\" decoding=\"async\" class=\"aligncenter size-full wp-image-12654\" src=\"https:\/\/e-adams.pl\/wp-content\/uploads\/2018\/12\/zaprawa-tynkarska-atlas-25kg.jpg\" alt=\"zaprawa tynkarska atlas 25kg, tynk cementowy \u017cary, zaprawy tynkarskie sklep budowlany lubuskie, powiat \u017carski zaprawy tynkarskie, Adams \u017bary tynk cementowy\" width=\"400\" height=\"400\" title=\"\"><\/p>\n<p style=\"text-align: justify;\">ZAPRAWA TYNKARSKA ATLAS tworzy tynk dwuwarstwowy kat. 0 \u2013 III. Tynk sk\u0142ada si\u0119 z dw\u00f3ch warstw: \u201eobrzutki wst\u0119pnej\u201d i \u201enarzutu wierzchniego\u201d (dodatkowo mo\u017cna wykona\u0107 na nim warstw\u0119 szpachlow\u0105 z bia\u0142ej, cementowej zaprawy szpachlowej ATLAS REKORD). ZAPRAWA TYNKARSKA ATLAS oferowana jest w dw\u00f3ch wersjach: do tynkowania r\u0119cznego b\u0105d\u017a mechanicznego (opakowania oznaczone dodatkowo liter\u0105 M). Grubo\u015b\u0107 warstwy: 6 &#8211; 30 mm, wytrzyma\u0142o\u015b\u0107 na \u015bciskanie: kategoria CS II.<\/p>\n","protected":false},"excerpt":{"rendered":"<h3 style=\"color: #0099cc;\">Sprawd\u017a cen\u0119 i aktualny stan w sklepie<br \/>\n<strong>Kontakt:<\/strong> <a href=\"mailto:info@e-adams.pl\"><u><b>info@e-adams.pl<\/b><\/u><\/a><\/h3>\n","protected":false},"featured_media":12654,"comment_status":"open","ping_status":"closed","template":"","meta":{"_acf_changed":false,"inline_featured_image":false},"product_cat":[275],"product_tag":[265,950,175],"class_list":{"0":"post-12638","1":"product","2":"type-product","3":"status-publish","4":"has-post-thumbnail","6":"product_cat-gipsy-zaprawy","7":"product_tag-atlas","8":"product_tag-materialy-budowlane","9":"product_tag-tynk","11":"first","12":"instock","13":"shipping-taxable","14":"purchasable","15":"product-type-simple"},"acf":[],"_links":{"self":[{"href":"https:\/\/e-adams.pl\/de\/wp-json\/wp\/v2\/product\/12638","targetHints":{"allow":["GET"]}}],"collection":[{"href":"https:\/\/e-adams.pl\/de\/wp-json\/wp\/v2\/product"}],"about":[{"href":"https:\/\/e-adams.pl\/de\/wp-json\/wp\/v2\/types\/product"}],"replies":[{"embeddable":true,"href":"https:\/\/e-adams.pl\/de\/wp-json\/wp\/v2\/comments?post=12638"}],"wp:featuredmedia":[{"embeddable":true,"href":"https:\/\/e-adams.pl\/de\/wp-json\/wp\/v2\/media\/12654"}],"wp:attachment":[{"href":"https:\/\/e-adams.pl\/de\/wp-json\/wp\/v2\/media?parent=12638"}],"wp:term":[{"taxonomy":"product_cat","embeddable":true,"href":"https:\/\/e-adams.pl\/de\/wp-json\/wp\/v2\/product_cat?post=12638"},{"taxonomy":"product_tag","embeddable":true,"href":"https:\/\/e-adams.pl\/de\/wp-json\/wp\/v2\/product_tag?post=12638"}],"curies":[{"name":"wp","href":"https:\/\/api.w.org\/{rel}","templated":true}]}}