{"id":12642,"date":"2018-12-05T11:58:47","date_gmt":"2018-12-05T10:58:47","guid":{"rendered":"https:\/\/e-adams.pl\/sklep\/atlas-zaprawa-do-klinkieru-grafit-037-25kg\/"},"modified":"2024-07-15T11:31:15","modified_gmt":"2024-07-15T09:31:15","slug":"zaprawa-do-klinkieru-atlas-grafit-25kg","status":"publish","type":"product","link":"https:\/\/e-adams.pl\/de\/produkt\/zaprawa-do-klinkieru-atlas-grafit-25kg\/","title":{"rendered":"Zaprawa do klinkieru ATLAS GRAFIT &#8211; 25kg"},"content":{"rendered":"<h3>Zaprawa do klinkieru ATLAS GRAFIT &#8211; 25kg<\/h3>\n<p><strong>Zawiera TRAS &#8211; zwi\u0119kszona odporno\u015b\u0107 na wykwity<br \/>\nZu\u017cycie:<\/strong> ok. 34 kg\/1 m2 muru o grubo\u015bci 1\/2 ceg\u0142y<\/p>\n<p><img loading=\"lazy\" decoding=\"async\" class=\"aligncenter size-full wp-image-12657\" src=\"https:\/\/e-adams.pl\/wp-content\/uploads\/2018\/12\/zaprawa-do-klinkieru-atlas-25kg.jpg\" alt=\"zaprawa do klinkieru atlas 25kg, zaprawa murarska do klinkieru, klinkier zaprawa, zaprawa do spoinowania, zaprawa do murowania, zaprawa murarska tras, zaprawa murarska odporna na wykwity\" width=\"400\" height=\"400\" title=\"\"><\/p>\n<p style=\"text-align: justify;\">ZAPRAWA MURARSKA DO KLINKIERU ATLAS zawiera sk\u0142adzie tras (minera\u0142 pochodzenia wulkanicznego), kt\u00f3ry znacz\u0105co ogranicza wyst\u0119powanie wykwit\u00f3w na powierzchni zaprawy. Posiada bardzo dobre parametry robocze \u2013 odpowiednio dobrany stos kruszywowy (do 1,2 mm) sprawia, \u017ce zapraw\u0119 mo\u017cna \u0142atwo nak\u0142ada\u0107 i formowa\u0107. Mo\u017cliwe jest murowanie du\u017cych powierzchni bez efektu wyp\u0142ywania materia\u0142u z dolnych warstw. U\u017cyte do produkcji zaprawy kruszywo jest specjalnie filtrowane i p\u0142ukane. Zawiera tras &#8211; minera\u0142 pochodzenia wulkanicznego &#8211; kt\u00f3ry ogranicza mo\u017cliwo\u015b\u0107 wyst\u0105pienia wykwit\u00f3w na powierzchni zaprawy. Filtrowane kruszywo &#8211; kruszywo kwarcowe u\u017cyte do wyprodukowania zaprawy poddane zosta\u0142o procesowi przesiewania i p\u0142ukania, dzi\u0119ki czemu ziarna \u017cwiru zosta\u0142y oczyszczone z zanieczyszcze\u0144, rozpuszczalnych soli i innych minera\u0142\u00f3w, b\u0119d\u0105cych przyczynami powstawania wysole\u0144. Grubo\u015b\u0107 warstwy: 6 &#8211; 40 mm, wytrzyma\u0142o\u015b\u0107 &#8211; kategoria M5.<\/p>\n","protected":false},"excerpt":{"rendered":"<h3 style=\"color: #0099cc;\">Sprawd\u017a cen\u0119 i aktualny stan w sklepie<br \/>\n<strong>Kontakt:<\/strong> <a href=\"mailto:info@e-adams.pl\"><u><b>info@e-adams.pl<\/b><\/u><\/a><\/h3>\n","protected":false},"featured_media":12657,"comment_status":"open","ping_status":"closed","template":"","meta":{"_acf_changed":false,"inline_featured_image":false},"product_cat":[275],"product_tag":[265,950,957],"class_list":{"0":"post-12642","1":"product","2":"type-product","3":"status-publish","4":"has-post-thumbnail","6":"product_cat-gipsy-zaprawy","7":"product_tag-atlas","8":"product_tag-materialy-budowlane","9":"product_tag-zaprawa","11":"first","12":"instock","13":"shipping-taxable","14":"purchasable","15":"product-type-simple"},"acf":[],"_links":{"self":[{"href":"https:\/\/e-adams.pl\/de\/wp-json\/wp\/v2\/product\/12642","targetHints":{"allow":["GET"]}}],"collection":[{"href":"https:\/\/e-adams.pl\/de\/wp-json\/wp\/v2\/product"}],"about":[{"href":"https:\/\/e-adams.pl\/de\/wp-json\/wp\/v2\/types\/product"}],"replies":[{"embeddable":true,"href":"https:\/\/e-adams.pl\/de\/wp-json\/wp\/v2\/comments?post=12642"}],"wp:featuredmedia":[{"embeddable":true,"href":"https:\/\/e-adams.pl\/de\/wp-json\/wp\/v2\/media\/12657"}],"wp:attachment":[{"href":"https:\/\/e-adams.pl\/de\/wp-json\/wp\/v2\/media?parent=12642"}],"wp:term":[{"taxonomy":"product_cat","embeddable":true,"href":"https:\/\/e-adams.pl\/de\/wp-json\/wp\/v2\/product_cat?post=12642"},{"taxonomy":"product_tag","embeddable":true,"href":"https:\/\/e-adams.pl\/de\/wp-json\/wp\/v2\/product_tag?post=12642"}],"curies":[{"name":"wp","href":"https:\/\/api.w.org\/{rel}","templated":true}]}}