{"id":12867,"date":"2018-12-06T14:37:13","date_gmt":"2018-12-06T13:37:13","guid":{"rendered":"https:\/\/e-adams.pl\/sklep\/folia-membrana-100-15m-x-50m-topdach\/"},"modified":"2023-08-23T13:30:34","modified_gmt":"2023-08-23T11:30:34","slug":"membrana-dachowa-100-jafra-15m-x-1m","status":"publish","type":"product","link":"https:\/\/e-adams.pl\/de\/produkt\/membrana-dachowa-100-jafra-15m-x-1m\/","title":{"rendered":"Membrana dachowa 100 JAFRA &#8211; 1,5m x 1m"},"content":{"rendered":"<h3>Membrana dachowa 100 JAFRA &#8211; 1,5m x 1m<\/h3>\n<p><strong>Tr\u00f3jwarstwowa paroprzepuszczalna membrana dachowa 100g<\/strong><\/p>\n<p><img loading=\"lazy\" decoding=\"async\" class=\"aligncenter size-full wp-image-12873\" src=\"https:\/\/e-adams.pl\/wp-content\/uploads\/2018\/12\/Membrana-dachowa-jafra.jpg\" alt=\"Membrana dachowa jafra, membrana dachowa paroprzepuszczalna \u017bary, membrana poliestrowa \u017bary, membrana poliuretanowa \u017bary, Membrany dachowe Adams \u017bary\" width=\"400\" height=\"400\" title=\"\"><\/p>\n<p style=\"text-align: justify;\">Tr\u00f3jwarstwowa, wysoko paroprzepuszczalna folia dachowa (otwarta dyfuzyjnie membrana dachowa) laminowana w technologii termobonding, do wst\u0119pnego krycia konstrukcji dachowych niedeskowanych, w dachach sko\u015bnych, ocieplanych i wentylowanych.<\/p>\n<p style=\"text-align: justify;\">Wytrzyma\u0142a na rozerwanie tr\u00f3jwarstwowa struktura z\u0142o\u017cona z zewn\u0119trznych warstw w\u0142\u00f3kniny polipropylenowej i wewn\u0119trznej warstwy mikroporowatego filmu funkcyjnego. Dodatkowa trzecia warstwa w strukturze membrany chroni delikatny i czu\u0142y film funkcyjny przed uszkodzeniami mog\u0105cymi powsta\u0107 w zwi\u0105zku z tarciem spodniej cz\u0119\u015bci membrany po chropowatej, cz\u0119sto nier\u00f3wnej czy nawet ostrej powierzchni krokwi. Niski op\u00f3r dyfuzyjny membrany umo\u017cliwia skuteczne odprowadzenie pary wodnej, zabezpieczaj\u0105c jednocze\u015bnie poddasze przed dostawaniem si\u0119 wody. Nie wymaga tworzenia szczeliny wentylacyjnej (mo\u017ce by\u0107 stosowana w bezpo\u015brednim kontakcie z izolacj\u0105 termiczn\u0105 wg zalecanej linii zak\u0142adkowej), gdy\u017c praktycznie nie tworzy oporu dla pary wodnej \u2013 umo\u017cliwia to zastosowanie grubszej warstwy ocieplenia i przek\u0142ada si\u0119 na oszcz\u0119dno\u015b\u0107 energii. Chroni izolacj\u0119 ciepln\u0105 przed nawiewanym deszczem i \u015bniegiem. Posiada specjalne dodatki stabilizacyjne, kt\u00f3re sprawiaj\u0105, \u017ce odporno\u015b\u0107 produktu na promieniowanie UV wynosi 4 miesi\u0105ce.<\/p>\n<p>10624 DEN BRAVEN<\/p>\n","protected":false},"excerpt":{"rendered":"<h3 style=\"color: #0099cc;\">Sprawd\u017a cen\u0119 i aktualny stan w sklepie<br \/>\n<strong>Kontakt:<\/strong> <a href=\"mailto:info@e-adams.pl\"><u><b>info@e-adams.pl<\/b><\/u><\/a><\/h3>\n","protected":false},"featured_media":12873,"comment_status":"open","ping_status":"closed","template":"","meta":{"_acf_changed":false,"inline_featured_image":false},"product_cat":[302],"product_tag":[1012,950,1013],"class_list":{"0":"post-12867","1":"product","2":"type-product","3":"status-publish","4":"has-post-thumbnail","6":"product_cat-folie-dachowe-membrany","7":"product_tag-jafra","8":"product_tag-materialy-budowlane","9":"product_tag-membrana-dachowa","11":"first","12":"instock","13":"shipping-taxable","14":"product-type-simple"},"acf":[],"_links":{"self":[{"href":"https:\/\/e-adams.pl\/de\/wp-json\/wp\/v2\/product\/12867","targetHints":{"allow":["GET"]}}],"collection":[{"href":"https:\/\/e-adams.pl\/de\/wp-json\/wp\/v2\/product"}],"about":[{"href":"https:\/\/e-adams.pl\/de\/wp-json\/wp\/v2\/types\/product"}],"replies":[{"embeddable":true,"href":"https:\/\/e-adams.pl\/de\/wp-json\/wp\/v2\/comments?post=12867"}],"wp:featuredmedia":[{"embeddable":true,"href":"https:\/\/e-adams.pl\/de\/wp-json\/wp\/v2\/media\/12873"}],"wp:attachment":[{"href":"https:\/\/e-adams.pl\/de\/wp-json\/wp\/v2\/media?parent=12867"}],"wp:term":[{"taxonomy":"product_cat","embeddable":true,"href":"https:\/\/e-adams.pl\/de\/wp-json\/wp\/v2\/product_cat?post=12867"},{"taxonomy":"product_tag","embeddable":true,"href":"https:\/\/e-adams.pl\/de\/wp-json\/wp\/v2\/product_tag?post=12867"}],"curies":[{"name":"wp","href":"https:\/\/api.w.org\/{rel}","templated":true}]}}