{"id":12868,"date":"2018-12-06T14:37:15","date_gmt":"2018-12-06T13:37:15","guid":{"rendered":"https:\/\/e-adams.pl\/sklep\/folia-membrana-200-15m-x-50m-topdach\/"},"modified":"2023-08-18T09:23:11","modified_gmt":"2023-08-18T07:23:11","slug":"membrana-dachowa-200-jafra-15m-x-50m","status":"publish","type":"product","link":"https:\/\/e-adams.pl\/de\/produkt\/membrana-dachowa-200-jafra-15m-x-50m\/","title":{"rendered":"Membrana dachowa 200 JAFRA &#8211; 1,5m x 50m"},"content":{"rendered":"<h3>Membrana dachowa 200 JAFRA &#8211; 1,5m x 50m<\/h3>\n<p><strong>Tr\u00f3jwarstwowa paroprzepuszczalna membrana dachowa 200g &#8211; 75m2<\/strong><\/p>\n<p><img loading=\"lazy\" decoding=\"async\" class=\"aligncenter size-full wp-image-12873\" src=\"https:\/\/e-adams.pl\/wp-content\/uploads\/2018\/12\/Membrana-dachowa-jafra.jpg\" alt=\"Membrana dachowa jafra, membrana dachowa paroprzepuszczalna \u017bary, membrana poliestrowa \u017bary, membrana poliuretanowa \u017bary, Membrany dachowe Adams \u017bary\" width=\"400\" height=\"400\" title=\"\"><\/p>\n<p style=\"text-align: justify;\">Membrana dachowa jest ekstremalnie wytrzyma\u0142\u0105 na rozerwanie membran\u0105 dachow\u0105 przeznaczon\u0105 do stosowania w budownictwie do dach\u00f3w spadzistych wentylowanych i dach\u00f3w z pe\u0142nym deskowaniem. Zbudowana z w\u0142\u00f3kniny poliestrowej i poliuretanowego filmu funkcyjnego, posiada niespotykan\u0105 w innych produktach wytrzyma\u0142o\u015b\u0107 na rozci\u0105ganie i rozrywanie oraz unikaln\u0105 zdolno\u015b\u0107 do magazynowania nadmiar\u00f3w wilgoci w spodniej swojej warstwie \u2013 w\u0142\u00f3kninie poliestrowej i dalszego jej odprowadzania na zewn\u0105trz w odpowiednim czasie.<\/p>\n<p style=\"text-align: justify;\">Membrana znajduje zastosowanie jako wst\u0119pne krycie do dach\u00f3w spadzistych, ocieplonych, wentylowanych r\u00f3wnie\u017c z pe\u0142nym deskowaniem. Dzi\u0119ki swojej budowie i wytrzyma\u0142o\u015bci jako jeden z niewielu produkt\u00f3w na rynku jest zalecana r\u00f3wnie\u017c przy kryciu \u0142upkiem. Stanowi ochron\u0119 poddasza podczas prac dekarskich, a po zamkni\u0119ciu systemu dachowego os\u0142ania przed wilgoci\u0105 i wod\u0105 opadow\u0105 ( deszcz, \u015bnieg, mg\u0142a ) podwiewan\u0105 pod pokrycie dachowe. Produkt nie wymaga stosowania szczeliny wentylacyjnej mi\u0119dzy membran\u0105 a izolacj\u0105 termiczn\u0105 (we\u0142na mineralna, szklana itp.), czyli membrana mo\u017ce styka\u0107 si\u0119 bezpo\u015brednio z izolacj\u0105 termiczn\u0105. Nale\u017cy pami\u0119ta\u0107 \u017ce membrany dachowe s\u0105 produktami do izolacji dach\u00f3w sko\u015bnych ocieplonych wi\u0119c wskazane jest aby monta\u017c izolacji termicznej poddasza by\u0142 wykonany w mo\u017cliwie kr\u00f3tkim terminie co zapewni sprawne dzia\u0142anie systemu dachowego. Monta\u017c ostatecznego pokrycia dachowego na membranie nale\u017cy wykona\u0107 zawsze z zastosowaniem \u0142aty i kontr\u0142aty.<\/p>\n","protected":false},"excerpt":{"rendered":"<h3 style=\"color: #0099cc;\">Sprawd\u017a cen\u0119 i aktualny stan w sklepie<br \/>\n<strong>Kontakt:<\/strong> <a href=\"mailto:info@e-adams.pl\"><u><b>info@e-adams.pl<\/b><\/u><\/a><\/h3>\n","protected":false},"featured_media":12873,"comment_status":"open","ping_status":"closed","template":"","meta":{"_acf_changed":false,"inline_featured_image":false},"product_cat":[302],"product_tag":[1012,950,1013],"class_list":{"0":"post-12868","1":"product","2":"type-product","3":"status-publish","4":"has-post-thumbnail","6":"product_cat-folie-dachowe-membrany","7":"product_tag-jafra","8":"product_tag-materialy-budowlane","9":"product_tag-membrana-dachowa","11":"first","12":"onbackorder","13":"shipping-taxable","14":"product-type-simple"},"acf":[],"_links":{"self":[{"href":"https:\/\/e-adams.pl\/de\/wp-json\/wp\/v2\/product\/12868","targetHints":{"allow":["GET"]}}],"collection":[{"href":"https:\/\/e-adams.pl\/de\/wp-json\/wp\/v2\/product"}],"about":[{"href":"https:\/\/e-adams.pl\/de\/wp-json\/wp\/v2\/types\/product"}],"replies":[{"embeddable":true,"href":"https:\/\/e-adams.pl\/de\/wp-json\/wp\/v2\/comments?post=12868"}],"wp:featuredmedia":[{"embeddable":true,"href":"https:\/\/e-adams.pl\/de\/wp-json\/wp\/v2\/media\/12873"}],"wp:attachment":[{"href":"https:\/\/e-adams.pl\/de\/wp-json\/wp\/v2\/media?parent=12868"}],"wp:term":[{"taxonomy":"product_cat","embeddable":true,"href":"https:\/\/e-adams.pl\/de\/wp-json\/wp\/v2\/product_cat?post=12868"},{"taxonomy":"product_tag","embeddable":true,"href":"https:\/\/e-adams.pl\/de\/wp-json\/wp\/v2\/product_tag?post=12868"}],"curies":[{"name":"wp","href":"https:\/\/api.w.org\/{rel}","templated":true}]}}