{"id":12883,"date":"2018-12-06T15:17:07","date_gmt":"2018-12-06T14:17:07","guid":{"rendered":"https:\/\/e-adams.pl\/sklep\/folia-z-rastrem-izofolix-krata-czerwona-102mx50mb\/"},"modified":"2023-08-18T09:22:43","modified_gmt":"2023-08-18T07:22:43","slug":"folia-izolacyjna-z-rastrem-izofolix-102m-x-50m","status":"publish","type":"product","link":"https:\/\/e-adams.pl\/de\/produkt\/folia-izolacyjna-z-rastrem-izofolix-102m-x-50m\/","title":{"rendered":"Folia izolacyjna z rastrem IZOFOLIX &#8211; 1,02m x 50m"},"content":{"rendered":"<h3>Folia izolacyjna z rastrem IZOFOLIX &#8211; 1,02m x 50m<\/h3>\n<p><img loading=\"lazy\" decoding=\"async\" class=\"aligncenter size-full wp-image-12909\" src=\"https:\/\/e-adams.pl\/wp-content\/uploads\/2018\/12\/folia-izolacyjna-z-rastrem-izofolix-102m-x-50m.jpg\" alt=\"folia izolacyjna z rastrem, folia izolacyjna izofolix, 1,02m x 50m, Folia IZOFOLIX, folia izolacyjna czerwona krata, folia izolacyjna do styropianu, ogrzewanie pod\u0142ogowe izofolix\" width=\"400\" height=\"400\" title=\"\"><\/p>\n<p style=\"text-align: justify;\">Folia ma za zadanie ochron\u0119 p\u0142yt styropianowych przed przenikaniem wilgoci zawartej w masie betonowej jak r\u00f3wnie\u017c samej masy betonowej, podczas wykonywania jastrychu. Dodatkowo folia wspomaga p\u0142yty styropianowe w celu w\u0142a\u015bciwego zakotwienia klips\u00f3w monta\u017cowych do rur ogrzewania pod\u0142ogowego.<\/p>\n<p style=\"text-align: justify;\">Folia IZOFOLIX do ogrzewania pod\u0142ogowego jest to laminat folii polietylenowej i polipropylenowej metalizowanej o \u0142\u0105cznej grubo\u015bci 0,105 mm. Na wierzchniej stronie folii wykonany jest nadruk w postaci linii ci\u0105g\u0142ych tworz\u0105cych krat\u0119 o boku 10cm, oraz przerywanych tworz\u0105cych krat\u0119 o boku 5cm, u\u0142atwiaj\u0105cych prawid\u0142owe roz\u0142o\u017cenie na niej rur grzewczych.<\/p>\n<h3>W\u0141A\u015aCIWO\u015aCI<\/h3>\n<p>\u2022 Szeroko\u015b\u0107 folii &#8211; 102 cm \u00b1 2%<br \/>\n\u2022 Grubo\u015b\u0107 &#8211; 0,105mm \u00b1 10%<br \/>\n\u2022 Folia dostarczana jest w postaci wst\u0119gi o d\u0142ugo\u015bci 50 mb<br \/>\n\u2022 Masa powierzchniowa \u2013 100 g\/m\u00b2 \u00b1 5%<br \/>\n\u2022 Wytrzyma\u0142o\u015b\u0107 na rozci\u0105ganie a. maksymalnie napr\u0119\u017cenie rozci\u0105gaj\u0105ce:<br \/>\n&#8211; wzd\u0142u\u017c \u2265 25 MPA<br \/>\n&#8211; w poprzek \u2265 35 MPA<br \/>\n\u2022 Wyd\u0142u\u017cenie przy maksymalnym napr\u0119\u017ceniu:<br \/>\n&#8211; wzd\u0142u\u017c \u2265 70%<br \/>\n&#8211; w poprzek \u2265 15%<\/p>\n","protected":false},"excerpt":{"rendered":"<h3 style=\"color: #0099cc;\">Sprawd\u017a cen\u0119 i aktualny stan w sklepie<br \/>\n<strong>Kontakt:<\/strong> <a href=\"mailto:info@e-adams.pl\"><u><b>info@e-adams.pl<\/b><\/u><\/a><\/h3>\n","protected":false},"featured_media":12909,"comment_status":"open","ping_status":"closed","template":"","meta":{"_acf_changed":false,"inline_featured_image":false},"product_cat":[303],"product_tag":[1014,1018,950],"class_list":{"0":"post-12883","1":"product","2":"type-product","3":"status-publish","4":"has-post-thumbnail","6":"product_cat-folie-posadzkowe-fundamentowe-geowloknina-izolacje","7":"product_tag-folia","8":"product_tag-izofolix","9":"product_tag-materialy-budowlane","11":"first","12":"onbackorder","13":"shipping-taxable","14":"product-type-simple"},"acf":[],"_links":{"self":[{"href":"https:\/\/e-adams.pl\/de\/wp-json\/wp\/v2\/product\/12883","targetHints":{"allow":["GET"]}}],"collection":[{"href":"https:\/\/e-adams.pl\/de\/wp-json\/wp\/v2\/product"}],"about":[{"href":"https:\/\/e-adams.pl\/de\/wp-json\/wp\/v2\/types\/product"}],"replies":[{"embeddable":true,"href":"https:\/\/e-adams.pl\/de\/wp-json\/wp\/v2\/comments?post=12883"}],"wp:featuredmedia":[{"embeddable":true,"href":"https:\/\/e-adams.pl\/de\/wp-json\/wp\/v2\/media\/12909"}],"wp:attachment":[{"href":"https:\/\/e-adams.pl\/de\/wp-json\/wp\/v2\/media?parent=12883"}],"wp:term":[{"taxonomy":"product_cat","embeddable":true,"href":"https:\/\/e-adams.pl\/de\/wp-json\/wp\/v2\/product_cat?post=12883"},{"taxonomy":"product_tag","embeddable":true,"href":"https:\/\/e-adams.pl\/de\/wp-json\/wp\/v2\/product_tag?post=12883"}],"curies":[{"name":"wp","href":"https:\/\/api.w.org\/{rel}","templated":true}]}}