{"id":12886,"date":"2018-12-06T15:17:13","date_gmt":"2018-12-06T14:17:13","guid":{"rendered":"https:\/\/e-adams.pl\/sklep\/folia-fundamentowa-05m-x-50m-gr-03mm\/"},"modified":"2023-08-18T09:22:25","modified_gmt":"2023-08-18T07:22:25","slug":"folia-fundamentowa-03mm-jafra-den-braven-05m-x-50m","status":"publish","type":"product","link":"https:\/\/e-adams.pl\/de\/produkt\/folia-fundamentowa-03mm-jafra-den-braven-05m-x-50m\/","title":{"rendered":"Folia fundamentowa 0,3mm JAFRA DEN BRAVEN &#8211; 0,5m x 50m"},"content":{"rendered":"<h3>Folia fundamentowa 0,3mm JAFRA DEN BRAVEN &#8211; 0,5m x 50m<\/h3>\n<p><img loading=\"lazy\" decoding=\"async\" class=\"aligncenter size-full wp-image-12917\" src=\"https:\/\/e-adams.pl\/wp-content\/uploads\/2018\/12\/folia-fundamentowa-jafra-den-braven.jpg\" alt=\"folia fundamentowa jafra, folia fundamentowa den braven, folia fundamentowa do izolacji poziomych \u017bary, folia izolacyjna pozioma, Folia do izolacji mur\u00f3w fundament\u00f3w, Folia do izolacji \u015bcian budynk\u00f3w\" width=\"400\" height=\"400\" title=\"\"><\/p>\n<p style=\"text-align: justify;\">Folia do izolacji mur\u00f3w fundament\u00f3w oraz \u015bcian budynk\u00f3w przed wilgoci\u0105 pochodz\u0105c\u0105 z gruntu. Z powodzeniem zast\u0119puje chudy beton.<\/p>\n","protected":false},"excerpt":{"rendered":"<h3 style=\"color: #0099cc;\">Sprawd\u017a cen\u0119 i aktualny stan w sklepie<br \/>\n<strong>Kontakt:<\/strong> <a href=\"mailto:info@e-adams.pl\"><u><b>info@e-adams.pl<\/b><\/u><\/a><\/h3>\n","protected":false},"featured_media":12917,"comment_status":"open","ping_status":"closed","template":"","meta":{"_acf_changed":false,"inline_featured_image":false},"product_cat":[303],"product_tag":[955,1014,1012,950],"class_list":{"0":"post-12886","1":"product","2":"type-product","3":"status-publish","4":"has-post-thumbnail","6":"product_cat-folie-posadzkowe-fundamentowe-geowloknina-izolacje","7":"product_tag-den-braven","8":"product_tag-folia","9":"product_tag-jafra","10":"product_tag-materialy-budowlane","12":"first","13":"onbackorder","14":"shipping-taxable","15":"product-type-simple"},"acf":[],"_links":{"self":[{"href":"https:\/\/e-adams.pl\/de\/wp-json\/wp\/v2\/product\/12886","targetHints":{"allow":["GET"]}}],"collection":[{"href":"https:\/\/e-adams.pl\/de\/wp-json\/wp\/v2\/product"}],"about":[{"href":"https:\/\/e-adams.pl\/de\/wp-json\/wp\/v2\/types\/product"}],"replies":[{"embeddable":true,"href":"https:\/\/e-adams.pl\/de\/wp-json\/wp\/v2\/comments?post=12886"}],"wp:featuredmedia":[{"embeddable":true,"href":"https:\/\/e-adams.pl\/de\/wp-json\/wp\/v2\/media\/12917"}],"wp:attachment":[{"href":"https:\/\/e-adams.pl\/de\/wp-json\/wp\/v2\/media?parent=12886"}],"wp:term":[{"taxonomy":"product_cat","embeddable":true,"href":"https:\/\/e-adams.pl\/de\/wp-json\/wp\/v2\/product_cat?post=12886"},{"taxonomy":"product_tag","embeddable":true,"href":"https:\/\/e-adams.pl\/de\/wp-json\/wp\/v2\/product_tag?post=12886"}],"curies":[{"name":"wp","href":"https:\/\/api.w.org\/{rel}","templated":true}]}}