{"id":12888,"date":"2018-12-06T15:17:16","date_gmt":"2018-12-06T14:17:16","guid":{"rendered":"https:\/\/e-adams.pl\/sklep\/folia-kubelkowa-wytlaczana-15m-x-20-m\/"},"modified":"2023-08-18T08:28:55","modified_gmt":"2023-08-18T06:28:55","slug":"folia-kubelkowa-wytlaczana-jafra-15m-x-20m","status":"publish","type":"product","link":"https:\/\/e-adams.pl\/de\/produkt\/folia-kubelkowa-wytlaczana-jafra-15m-x-20m\/","title":{"rendered":"Folia kube\u0142kowa wyt\u0142aczana JAFRA &#8211; 1,5m x 20m"},"content":{"rendered":"<h3>Folia kube\u0142kowa wyt\u0142aczana JAFRA &#8211; 1,5m x 20m<\/h3>\n<p><strong>Folia fundamentowa zbudowana z polietylenu wysokiej g\u0119sto\u015bci (HDPE) przeznaczona do tworzenia hydroizolacji budynk\u00f3w<\/strong><\/p>\n<p><img loading=\"lazy\" decoding=\"async\" class=\"aligncenter size-full wp-image-12922\" src=\"https:\/\/e-adams.pl\/wp-content\/uploads\/2018\/12\/folia-kubelkowa-wytlaczana-jafra.jpg\" alt=\"folia kube\u0142kowa wyt\u0142aczana jafra, folia kube\u0142kowa \u017bary Adams Centrum Handlowe, Folia fundamentowa polietylen, folie fundamentowe HDPE, folia do hydroizolacji budynk\u00f3w, hydroizolacja \u017bary\" width=\"400\" height=\"400\" title=\"\"><\/p>\n<p style=\"text-align: justify;\">Folia fundamentowa zbudowana z polietylenu wysokiej g\u0119sto\u015bci (HDPE). Przeznaczona do tworzenia hydroizolacji budynk\u00f3w. Jest bardzo odporna na zgniatanie, zapewnia wentylacj\u0119 obszaru na kt\u00f3rym jest zamontowana oraz zabezpiecza go przed wod\u0105 gruntow\u0105 oraz wilgoci\u0105. Dodatkowo tworzy warstw\u0119 izolacji termicznej i akustycznej. Jest odporna na dzia\u0142anie kwas\u00f3w, zasad, rozpuszczalnik\u00f3w, bakterii, grzyb\u00f3w i korzeni ro\u015blin.<\/p>\n<p style=\"text-align: justify;\">Folia kube\u0142kowa znajduje zastosowanie w kilku obszarach budynk\u00f3w mieszkalnych i przemys\u0142owych. Przede wszystkim stosowana jest jako izolacja pionowa \u015bcian fundamentowych, izolacja strop\u00f3w i pod\u0142\u00f3g budynk\u00f3w, izolacja dach\u00f3w p\u0142askich zw\u0142aszcza przy zak\u0142adaniu ogrod\u00f3w zielonych, izolacja pozioma ( zast\u0119puj\u0105ca np. \u201echudy beton\u201d). Przy izolacji pionowej \u015bcian budynk\u00f3w folia u\u017cywana jest do przeciwwilgociowej izolacji \u015bcian fundamentowych, cz\u0119sto r\u00f3wnie\u017c jako ochrona bitumicznej masy uszczelniaj\u0105cej, kt\u00f3ra izolowane s\u0105 \u015bciany. Montowana pomi\u0119dzy \u015bcian\u0105 fundamentow\u0105 a gruntem tworzy idealn\u0105 barier\u0119 przeciwwilgociow\u0105, zabezpieczenie przed uszkodzeniami mechanicznymi, przed szkodliwym dzia\u0142aniem korzeni drzew i krzew\u00f3w. Jednocze\u015bnie stanowi idealny drena\u017c i wentylacj\u0119 dla pionowych \u015bcian fundamentowych.<\/p>\n<p style=\"text-align: justify;\">Stosowana w obszarach taras\u00f3w, balkon\u00f3w zapobiega przedostawaniu si\u0119 wilgoci do warstwy betonu, wyr\u00f3wnuje ci\u015bnienie hydrostatyczne, stanowi warstw\u0119 drena\u017cow\u0105 odprowadzaj\u0105c\u0105 wod\u0119 przeciekaj\u0105c\u0105 z pod\u0142ogi lub \u017cwiru do rur odwadniaj\u0105cych. Przy izolacji strop\u00f3w budynk\u00f3w folia mo\u017ce by\u0107 stosowana w budynkach ju\u017c istniej\u0105cych i nowo budowanych. W miejscach takich zabezpiecza stropy przed wilgoci\u0105 i umo\u017cliwia r\u00f3wnomierne i g\u0142adkie wylanie betonu posadzkowego. Folia kube\u0142kowa jest jednym z niewielu materia\u0142\u00f3w izolacyjnych idealnie nadaj\u0105cym si\u0119 do zak\u0142adania ogrod\u00f3w zielonych na dachach budynk\u00f3w. W zastosowaniu takim chroni beton przed kwa\u015bnym odczynem pr\u00f3chnicy i du\u017c\u0105 wilgotno\u015bci\u0105 pod\u0142o\u017ca. Idealnie drenuje wilgo\u0107 z ro\u015blinno\u015bci znajduj\u0105cej si\u0119 na dachu.<\/p>\n","protected":false},"excerpt":{"rendered":"<h3 style=\"color: #0099cc;\">Sprawd\u017a cen\u0119 i aktualny stan w sklepie<br \/>\n<strong>Kontakt:<\/strong> <a href=\"mailto:info@e-adams.pl\"><u><b>info@e-adams.pl<\/b><\/u><\/a><\/h3>\n","protected":false},"featured_media":12922,"comment_status":"open","ping_status":"closed","template":"","meta":{"_acf_changed":false,"inline_featured_image":false},"product_cat":[303],"product_tag":[1014,1012,950],"class_list":{"0":"post-12888","1":"product","2":"type-product","3":"status-publish","4":"has-post-thumbnail","6":"product_cat-folie-posadzkowe-fundamentowe-geowloknina-izolacje","7":"product_tag-folia","8":"product_tag-jafra","9":"product_tag-materialy-budowlane","11":"first","12":"onbackorder","13":"shipping-taxable","14":"product-type-simple"},"acf":[],"_links":{"self":[{"href":"https:\/\/e-adams.pl\/de\/wp-json\/wp\/v2\/product\/12888","targetHints":{"allow":["GET"]}}],"collection":[{"href":"https:\/\/e-adams.pl\/de\/wp-json\/wp\/v2\/product"}],"about":[{"href":"https:\/\/e-adams.pl\/de\/wp-json\/wp\/v2\/types\/product"}],"replies":[{"embeddable":true,"href":"https:\/\/e-adams.pl\/de\/wp-json\/wp\/v2\/comments?post=12888"}],"wp:featuredmedia":[{"embeddable":true,"href":"https:\/\/e-adams.pl\/de\/wp-json\/wp\/v2\/media\/12922"}],"wp:attachment":[{"href":"https:\/\/e-adams.pl\/de\/wp-json\/wp\/v2\/media?parent=12888"}],"wp:term":[{"taxonomy":"product_cat","embeddable":true,"href":"https:\/\/e-adams.pl\/de\/wp-json\/wp\/v2\/product_cat?post=12888"},{"taxonomy":"product_tag","embeddable":true,"href":"https:\/\/e-adams.pl\/de\/wp-json\/wp\/v2\/product_tag?post=12888"}],"curies":[{"name":"wp","href":"https:\/\/api.w.org\/{rel}","templated":true}]}}