{"id":12891,"date":"2018-12-06T15:17:21","date_gmt":"2018-12-06T14:17:21","guid":{"rendered":"https:\/\/e-adams.pl\/sklep\/folia-budowlana-czarna-4m-x-25m-gr-200\/"},"modified":"2023-10-06T13:07:03","modified_gmt":"2023-10-06T11:07:03","slug":"folia-budowlana-izolacyjna-200-jafra-czarna-4m-x-25m","status":"publish","type":"product","link":"https:\/\/e-adams.pl\/de\/produkt\/folia-budowlana-izolacyjna-200-jafra-czarna-4m-x-25m\/","title":{"rendered":"Folia budowlana izolacyjna 200 JAFRA CZARNA &#8211; 4m x 25m"},"content":{"rendered":"<h3>Folia budowlana izolacyjna 200 JAFRA CZARNA &#8211; 4m x 25m<\/h3>\n<p><img loading=\"lazy\" decoding=\"async\" class=\"aligncenter size-full wp-image-12902\" src=\"https:\/\/e-adams.pl\/wp-content\/uploads\/2018\/12\/folia-budowlana-izolacyjna-200-jafra-czarna-4m-x-25m.jpg\" alt=\"folia budowlana izolacyjna \u017bary, Folia budowlana 200g, folia izolacyjna jafra, folia budowlana czarna \u017bary\" width=\"400\" height=\"400\" title=\"\"><\/p>\n<p style=\"text-align: justify;\">Folia do wykonania warstwy przeciwwilgociowej pod pod\u0142ogi, posadzki i wylewki, chroni przed zawilgoceniem izolacji termicznej i akustycznej. Mo\u017ce stanowi\u0107 warstw\u0119 po\u015blizgow\u0105 na nawierzchni taras\u00f3w. S\u0142u\u017cy te\u017c do prowizorycznego zabezpieczenia po\u0142aci dachowych oraz ochrony elewacji podczas remont\u00f3w. Grubo\u015b\u0107 0,2mm<\/p>\n","protected":false},"excerpt":{"rendered":"<h3 style=\"color: #0099cc;\">Sprawd\u017a cen\u0119 i aktualny stan w sklepie<br \/>\n<strong>Kontakt:<\/strong> <a href=\"mailto:info@e-adams.pl\"><u><b>info@e-adams.pl<\/b><\/u><\/a><\/h3>\n","protected":false},"featured_media":12902,"comment_status":"open","ping_status":"closed","template":"","meta":{"_acf_changed":false,"inline_featured_image":false},"product_cat":[303],"product_tag":[1014,1012,950],"class_list":{"0":"post-12891","1":"product","2":"type-product","3":"status-publish","4":"has-post-thumbnail","6":"product_cat-folie-posadzkowe-fundamentowe-geowloknina-izolacje","7":"product_tag-folia","8":"product_tag-jafra","9":"product_tag-materialy-budowlane","11":"first","12":"instock","13":"shipping-taxable","14":"purchasable","15":"product-type-simple"},"acf":[],"_links":{"self":[{"href":"https:\/\/e-adams.pl\/de\/wp-json\/wp\/v2\/product\/12891","targetHints":{"allow":["GET"]}}],"collection":[{"href":"https:\/\/e-adams.pl\/de\/wp-json\/wp\/v2\/product"}],"about":[{"href":"https:\/\/e-adams.pl\/de\/wp-json\/wp\/v2\/types\/product"}],"replies":[{"embeddable":true,"href":"https:\/\/e-adams.pl\/de\/wp-json\/wp\/v2\/comments?post=12891"}],"wp:featuredmedia":[{"embeddable":true,"href":"https:\/\/e-adams.pl\/de\/wp-json\/wp\/v2\/media\/12902"}],"wp:attachment":[{"href":"https:\/\/e-adams.pl\/de\/wp-json\/wp\/v2\/media?parent=12891"}],"wp:term":[{"taxonomy":"product_cat","embeddable":true,"href":"https:\/\/e-adams.pl\/de\/wp-json\/wp\/v2\/product_cat?post=12891"},{"taxonomy":"product_tag","embeddable":true,"href":"https:\/\/e-adams.pl\/de\/wp-json\/wp\/v2\/product_tag?post=12891"}],"curies":[{"name":"wp","href":"https:\/\/api.w.org\/{rel}","templated":true}]}}