{"id":12893,"date":"2018-12-06T15:17:25","date_gmt":"2018-12-06T14:17:25","guid":{"rendered":"https:\/\/e-adams.pl\/sklep\/folia-paroizolacyjna-2m-x-50m-jafra\/"},"modified":"2023-08-18T09:21:49","modified_gmt":"2023-08-18T07:21:49","slug":"folia-paroizolacyjna-jafra-den-braven-2m-x-50m","status":"publish","type":"product","link":"https:\/\/e-adams.pl\/de\/produkt\/folia-paroizolacyjna-jafra-den-braven-2m-x-50m\/","title":{"rendered":"Folia paroizolacyjna JAFRA DEN BRAVEN &#8211; 2m x 50m"},"content":{"rendered":"<h3>Folia paroizolacyjna JAFRA &#8211; 2m x 50m<\/h3>\n<p><img loading=\"lazy\" decoding=\"async\" class=\"aligncenter size-full wp-image-12899\" src=\"https:\/\/e-adams.pl\/wp-content\/uploads\/2018\/12\/folia-paroizolacyjna-jafra-den-braven-2m-x-50m.jpg\" alt=\"folia paroizolacyjna jafra \u017bary, Folia den braven \u017bary, Folia izolacyjna 2m x 50m, izolacje \u017bary, izolacja termiczna \u017bary, izolacja akustyczna \u017bary\" width=\"400\" height=\"400\" title=\"\"><\/p>\n<p style=\"text-align: justify;\">Folia do paroszczelnej izolacji w konstrukcjach \u015bcian i strop\u00f3w, zabezpieczaj\u0105ca izolacj\u0119 termiczn\u0105 lub akustyczn\u0105 przed zawilgoceniem pochodz\u0105cym z wn\u0119trza budynku. Mo\u017ce r\u00f3wnie\u017c prowizorycznie zabezpieczy\u0107 po\u0142a\u0107 dachu.<br \/>\n&#8211; izolacja paroszczelna w konstrukcjach \u015bcian i strop\u00f3w<br \/>\n&#8211; zabezpieczaj\u0105ca izolacj\u0119 termiczn\u0105 lub akustyczn\u0105 przed zawilgoceniem pochodz\u0105cym z wn\u0119trza budynku<br \/>\n&#8211; prowizoryczne zabezpieczenie po\u0142aci dachowych<\/p>\n<p><strong>Wymiary:<\/strong><br \/>\ngrub. 0,15 i 0,20 mm<br \/>\nszer. 2 x 50 m<br \/>\n<strong>kolor: <\/strong>\u017c\u00f3\u0142ty<\/p>\n","protected":false},"excerpt":{"rendered":"<h3 style=\"color: #0099cc;\">Sprawd\u017a cen\u0119 i aktualny stan w sklepie<br \/>\n<strong>Kontakt:<\/strong> <a href=\"mailto:info@e-adams.pl\"><u><b>info@e-adams.pl<\/b><\/u><\/a><\/h3>\n","protected":false},"featured_media":12899,"comment_status":"open","ping_status":"closed","template":"","meta":{"_acf_changed":false,"inline_featured_image":false},"product_cat":[303],"product_tag":[955,1014,1012,950],"class_list":{"0":"post-12893","1":"product","2":"type-product","3":"status-publish","4":"has-post-thumbnail","6":"product_cat-folie-posadzkowe-fundamentowe-geowloknina-izolacje","7":"product_tag-den-braven","8":"product_tag-folia","9":"product_tag-jafra","10":"product_tag-materialy-budowlane","12":"first","13":"onbackorder","14":"shipping-taxable","15":"product-type-simple"},"acf":[],"_links":{"self":[{"href":"https:\/\/e-adams.pl\/de\/wp-json\/wp\/v2\/product\/12893","targetHints":{"allow":["GET"]}}],"collection":[{"href":"https:\/\/e-adams.pl\/de\/wp-json\/wp\/v2\/product"}],"about":[{"href":"https:\/\/e-adams.pl\/de\/wp-json\/wp\/v2\/types\/product"}],"replies":[{"embeddable":true,"href":"https:\/\/e-adams.pl\/de\/wp-json\/wp\/v2\/comments?post=12893"}],"wp:featuredmedia":[{"embeddable":true,"href":"https:\/\/e-adams.pl\/de\/wp-json\/wp\/v2\/media\/12899"}],"wp:attachment":[{"href":"https:\/\/e-adams.pl\/de\/wp-json\/wp\/v2\/media?parent=12893"}],"wp:term":[{"taxonomy":"product_cat","embeddable":true,"href":"https:\/\/e-adams.pl\/de\/wp-json\/wp\/v2\/product_cat?post=12893"},{"taxonomy":"product_tag","embeddable":true,"href":"https:\/\/e-adams.pl\/de\/wp-json\/wp\/v2\/product_tag?post=12893"}],"curies":[{"name":"wp","href":"https:\/\/api.w.org\/{rel}","templated":true}]}}