{"id":12894,"date":"2018-12-06T15:17:27","date_gmt":"2018-12-06T14:17:27","guid":{"rendered":"https:\/\/e-adams.pl\/sklep\/folia-fundamentowa-030m-x-50m-gr-030mm-%e2%80%a2-licon\/"},"modified":"2022-09-05T13:47:45","modified_gmt":"2022-09-05T11:47:45","slug":"folia-fundamentowa-03mm-licon-030m-x-50m","status":"publish","type":"product","link":"https:\/\/e-adams.pl\/de\/produkt\/folia-fundamentowa-03mm-licon-030m-x-50m\/","title":{"rendered":"Folia fundamentowa 0,3mm LICON &#8211; 0,30m x 50m"},"content":{"rendered":"<h3>Folia fundamentowa 0,3mm LICON &#8211; 0,30m x 50m<\/h3>\n<p><strong>Folia fundamentowa do izolacji poziomej fundament\u00f3w<\/strong><br \/>\nChroni \u015bciany budynk\u00f3w oraz mury przed wilgoci\u0105 kapilarn\u0105, czyli uniemo\u017cliwia przedostawanie si\u0119 wilgoci pochodz\u0105cej z grunt\u00f3w.<\/p>\n<p><img loading=\"lazy\" decoding=\"async\" class=\"aligncenter size-full wp-image-12906\" src=\"https:\/\/e-adams.pl\/wp-content\/uploads\/2018\/12\/folia-fundamentowa-03mm-licon-030m-x-50m.jpg\" alt=\"folia fundamentowa \u017bary, Folia fundamentowa 0,3mm licon, folie fundamentowe 0,30m x 50m, folia do izolacji fundament\u00f3w, folia izolacyjna do fundament\u00f3w\" width=\"400\" height=\"400\" title=\"\"><\/p>\n<p style=\"text-align: justify;\">Folia Fundamentowa LICON wykonywana jest z najwy\u017cszej jako\u015bci polietylen\u00f3w, specjalnie dobranych dla uzyskania odpowiedniej wytrzyma\u0142o\u015bci na przetarcia i rozerwania.Odpowiednia elastyczno\u015b\u0107 folii zostanie doceniona podczas uk\u0142adania jej w naro\u017cach i wszelkiego rodzaju zagi\u0119ciach bez obawy jej uszkodzenia. W przeciwie\u0144stwie do tradycyjnych metod izolacji nasza folia wykonywana jest we wszystkich szeroko\u015bciach odpowiadaj\u0105cych standardowym szeroko\u015bciom \u015bcian, mur\u00f3w, fundament\u00f3w.<\/p>\n<p style=\"text-align: justify;\">Dobrze wy\u0142o\u017cona folia do izolacji poziomej nie wymaga dodatkowego klejenia czy zgrzewania na \u0142\u0105czeniach. Nacisk \u015bciany jest wystarczaj\u0105cy dla zapewnienia w\u0142a\u015bciwej izolacji na skutek wulkanizacji folii.<\/p>\n<h3>W\u0141A\u015aCIWO\u015aCI<\/h3>\n<p>\u2022 Grubo\u015b\u0107 &#8211; 0,3 mm<br \/>\n\u2022 Szeroko\u015b\u0107 &#8211; 300mm<br \/>\n\u2022 D\u0142ugo\u015b\u0107 &#8211; 50m<br \/>\n\u2022 Maksymalna si\u0142a przy rozci\u0105ganiu N\/50mm &#8211; 396 (wzd\u0142u\u017c), 300 (w poprzek)<br \/>\n\u2022 Wyd\u0142u\u017cenie wzgl\u0119dne przy zerwaniu &#8211; 170% (wzd\u0142u\u017c), 15% (w poprzek)<br \/>\n\u2022 Odporno\u015b\u0107 na obci\u0105\u017cenia statyczne \u2013 Odporna na obci\u0105\u017cenia<br \/>\n\u2022 Przesi\u0105kliwo\u015b\u0107 przy dzia\u0142aniu s\u0142upa wody o wysoko\u015bci 1000mm\/24h &#8211; Odporna na przesi\u0105kania<br \/>\n\u2022 Barwa \u2013 Czarna \/ Grafitowa<\/p>\n","protected":false},"excerpt":{"rendered":"<h3 style=\"color: #0099cc;\">Sprawd\u017a cen\u0119 i aktualny stan w sklepie<br \/>\n<strong>Kontakt:<\/strong> <a href=\"mailto:info@e-adams.pl\"><u><b>info@e-adams.pl<\/b><\/u><\/a><\/h3>\n","protected":false},"featured_media":12906,"comment_status":"open","ping_status":"closed","template":"","meta":{"_acf_changed":false,"inline_featured_image":false},"product_cat":[303],"product_tag":[1014,1016,950],"class_list":{"0":"post-12894","1":"product","2":"type-product","3":"status-publish","4":"has-post-thumbnail","6":"product_cat-folie-posadzkowe-fundamentowe-geowloknina-izolacje","7":"product_tag-folia","8":"product_tag-licon","9":"product_tag-materialy-budowlane","11":"first","12":"onbackorder","13":"shipping-taxable","14":"product-type-simple"},"acf":[],"_links":{"self":[{"href":"https:\/\/e-adams.pl\/de\/wp-json\/wp\/v2\/product\/12894","targetHints":{"allow":["GET"]}}],"collection":[{"href":"https:\/\/e-adams.pl\/de\/wp-json\/wp\/v2\/product"}],"about":[{"href":"https:\/\/e-adams.pl\/de\/wp-json\/wp\/v2\/types\/product"}],"replies":[{"embeddable":true,"href":"https:\/\/e-adams.pl\/de\/wp-json\/wp\/v2\/comments?post=12894"}],"wp:featuredmedia":[{"embeddable":true,"href":"https:\/\/e-adams.pl\/de\/wp-json\/wp\/v2\/media\/12906"}],"wp:attachment":[{"href":"https:\/\/e-adams.pl\/de\/wp-json\/wp\/v2\/media?parent=12894"}],"wp:term":[{"taxonomy":"product_cat","embeddable":true,"href":"https:\/\/e-adams.pl\/de\/wp-json\/wp\/v2\/product_cat?post=12894"},{"taxonomy":"product_tag","embeddable":true,"href":"https:\/\/e-adams.pl\/de\/wp-json\/wp\/v2\/product_tag?post=12894"}],"curies":[{"name":"wp","href":"https:\/\/api.w.org\/{rel}","templated":true}]}}