{"id":13264,"date":"2018-12-13T13:44:10","date_gmt":"2018-12-13T12:44:10","guid":{"rendered":"https:\/\/e-adams.pl\/sklep\/siatka-elewacyjna-11mb-x-50mb-160g-ct325-zielona\/"},"modified":"2023-08-18T09:21:40","modified_gmt":"2023-08-18T07:21:40","slug":"siatka-elewacyjna-z-wlokna-szklanego-ceresit-ct325-11m-x-50m","status":"publish","type":"product","link":"https:\/\/e-adams.pl\/de\/produkt\/siatka-elewacyjna-z-wlokna-szklanego-ceresit-ct325-11m-x-50m\/","title":{"rendered":"Siatka elewacyjna z W\u0142\u00f3kna Szklanego CERESIT CT325 &#8211; 1,1m x 50m"},"content":{"rendered":"<h3>Siatka elewacyjna z W\u0142\u00f3kna Szklanego CERESIT CT325 &#8211; 1,1m x 50m<\/h3>\n<p><strong>Siatka do wykonywania warstwy zbrojonej w systemach ocieple\u0144 Ceresit Ceretherm<\/strong><\/p>\n<p><img loading=\"lazy\" decoding=\"async\" class=\"aligncenter size-full wp-image-13296\" src=\"https:\/\/e-adams.pl\/wp-content\/uploads\/2018\/12\/siatka-elewacyjna-z-wlokna-szklanego-ceresit-ct325-11m-x-50m.jpg\" alt=\"siatka elewacyjna \u017bary, Siatki elewacyjne ceresit ct325, siatka elewacyjna 1,1m x 50m, siatka elewacyjna z w\u0142\u00f3kna szklanego, siatka na elewacj\u0119 \u017bary, Siatka do wykonywania warstwy zbrojonej\" width=\"400\" height=\"400\" title=\"\"><\/p>\n<p style=\"text-align: justify;\">Siatka z w\u0142\u00f3kna szklanego Ceresit CT 325 s\u0142u\u017cy do zatapiania w zaprawy zbroj\u0105ce, do stosowania we wszystkich systemach ocieple\u0144 \u015bcian zewn\u0119trznych Ceresit Ceretherm. Na fasady oraz coko\u0142y nara\u017cone na wi\u0119ksze obci\u0105\u017cenia zaleca si\u0119 stosowanie siatki CT 325 w dw\u00f3ch warstwach lub u\u017cycie siatki Ceresit CT327 o g\u0119sto\u015bci 330g\/m2.<\/p>\n","protected":false},"excerpt":{"rendered":"<h3 style=\"color: #0099cc;\">Sprawd\u017a cen\u0119 i aktualny stan w sklepie<br \/>\n<strong>Kontakt:<\/strong> <a href=\"mailto:info@e-adams.pl\"><u><b>info@e-adams.pl<\/b><\/u><\/a><\/h3>\n","protected":false},"featured_media":13296,"comment_status":"open","ping_status":"closed","template":"","meta":{"_acf_changed":false,"inline_featured_image":false},"product_cat":[297],"product_tag":[158,950,1030],"class_list":{"0":"post-13264","1":"product","2":"type-product","3":"status-publish","4":"has-post-thumbnail","6":"product_cat-siatki-elewacyjne-welna-styropian-siatki","7":"product_tag-ceresit","8":"product_tag-materialy-budowlane","9":"product_tag-siatka-elewacyjna","11":"first","12":"onbackorder","13":"shipping-taxable","14":"product-type-simple"},"acf":[],"_links":{"self":[{"href":"https:\/\/e-adams.pl\/de\/wp-json\/wp\/v2\/product\/13264","targetHints":{"allow":["GET"]}}],"collection":[{"href":"https:\/\/e-adams.pl\/de\/wp-json\/wp\/v2\/product"}],"about":[{"href":"https:\/\/e-adams.pl\/de\/wp-json\/wp\/v2\/types\/product"}],"replies":[{"embeddable":true,"href":"https:\/\/e-adams.pl\/de\/wp-json\/wp\/v2\/comments?post=13264"}],"wp:featuredmedia":[{"embeddable":true,"href":"https:\/\/e-adams.pl\/de\/wp-json\/wp\/v2\/media\/13296"}],"wp:attachment":[{"href":"https:\/\/e-adams.pl\/de\/wp-json\/wp\/v2\/media?parent=13264"}],"wp:term":[{"taxonomy":"product_cat","embeddable":true,"href":"https:\/\/e-adams.pl\/de\/wp-json\/wp\/v2\/product_cat?post=13264"},{"taxonomy":"product_tag","embeddable":true,"href":"https:\/\/e-adams.pl\/de\/wp-json\/wp\/v2\/product_tag?post=13264"}],"curies":[{"name":"wp","href":"https:\/\/api.w.org\/{rel}","templated":true}]}}