{"id":13265,"date":"2018-12-13T13:44:12","date_gmt":"2018-12-13T12:44:12","guid":{"rendered":"https:\/\/e-adams.pl\/sklep\/siatka-elewacyjna-foveo-tech-sw165-czerwona\/"},"modified":"2023-08-18T09:21:30","modified_gmt":"2023-08-18T07:21:30","slug":"siatka-elewacyjna-z-wlokna-szklanego-foveo-tech-sw165-1m-x-50m","status":"publish","type":"product","link":"https:\/\/e-adams.pl\/de\/produkt\/siatka-elewacyjna-z-wlokna-szklanego-foveo-tech-sw165-1m-x-50m\/","title":{"rendered":"Siatka elewacyjna z W\u0142\u00f3kna Szklanego FOVEO TECH SW165 &#8211; 1m x 50m"},"content":{"rendered":"<h3>Siatka elewacyjna FOVEO TECH SW165 &#8211; 1m x 50m<\/h3>\n<p><strong>Siatka podtynkowa SW 165 z w\u0142\u00f3kna szklanego (E-Glas)<\/strong><\/p>\n<p><img loading=\"lazy\" decoding=\"async\" class=\"aligncenter size-full wp-image-13300\" src=\"https:\/\/e-adams.pl\/wp-content\/uploads\/2018\/12\/siatka-elewacyjna-foveo-tech-sw165-1m-x-50m.jpg\" alt=\"siatka elewacyjna foveo \u017bary, Foveo tech Siatka elewacyjna sw165, siatka podtynkowa 1m x 50m, siatka z w\u0142\u00f3kna szklanego \u017bary\" width=\"400\" height=\"400\" title=\"\"><\/p>\n<p style=\"text-align: justify;\">Wysokiej jako\u015bci siatka elewacyjna o podwy\u017cszonych parametrach, kt\u00f3ra znajduje zastosowanie w systemach docieple\u0144 budynk\u00f3w, tam, gdzie liczy si\u0119 jako\u015b\u0107 produktu i \u0142atwo\u015b\u0107 wykonywania prac dociepleniowych. Dzi\u0119ki wysokiej elastyczno\u015bci tkaniny idealnie uk\u0142ada si\u0119 na \u015bcianie, u\u0142atwiaj\u0105c aplikacj\u0119 kleju. Siatki podtynkowe rekomendowane s\u0105 do stosowania jako materia\u0142 zbroj\u0105cy w systemach FOVEO TECH S i FOVEO TECH W. Siatka SW 165 jest szczeg\u00f3lnie polecana przy ociepleniach wykonywanych w oparciu o we\u0142n\u0119 mineraln\u0105.<\/p>\n<h3>W\u0141A\u015aCIWO\u015aCI<\/h3>\n<p>&#8211; niemiecka jako\u015b\u0107 \u2013 \u201emade in Germany\u201d<br \/>\n&#8211; specjalne wyko\u0144czenie antypo\u015blizgowe zapewnia stabilno\u015b\u0107 wymiaru<br \/>\n&#8211; wysoka wytrzyma\u0142o\u015b\u0107 na zrywanie<br \/>\n&#8211; plastyczno\u015b\u0107 (Apretura!)<br \/>\n&#8211; odporna na dzia\u0142anie alkali\u00f3w<br \/>\n&#8211; odporna na gnicie<br \/>\n&#8211; do stosowania wewn\u0105trz i na zewn\u0105trz<br \/>\n&#8211; rozmiar oczka: 4 x 4 mm, splot gazejski<br \/>\n&#8211; gramatura 165g\/m2<br \/>\n&#8211; rekomenduje si\u0119 jej zastosowanie szczeg\u00f3lnie do ocieple\u0144 wykonywanych w oparciu o we\u0142n\u0119 mineraln\u0105.<\/p>\n","protected":false},"excerpt":{"rendered":"<h3 style=\"color: #0099cc;\">Sprawd\u017a cen\u0119 i aktualny stan w sklepie<br \/>\n<strong>Kontakt:<\/strong> <a href=\"mailto:info@e-adams.pl\"><u><b>info@e-adams.pl<\/b><\/u><\/a><\/h3>\n","protected":false},"featured_media":13300,"comment_status":"open","ping_status":"closed","template":"","meta":{"_acf_changed":false,"inline_featured_image":false},"product_cat":[297],"product_tag":[164,950,1030],"class_list":{"0":"post-13265","1":"product","2":"type-product","3":"status-publish","4":"has-post-thumbnail","6":"product_cat-siatki-elewacyjne-welna-styropian-siatki","7":"product_tag-foveo","8":"product_tag-materialy-budowlane","9":"product_tag-siatka-elewacyjna","11":"first","12":"onbackorder","13":"shipping-taxable","14":"product-type-simple"},"acf":[],"_links":{"self":[{"href":"https:\/\/e-adams.pl\/de\/wp-json\/wp\/v2\/product\/13265","targetHints":{"allow":["GET"]}}],"collection":[{"href":"https:\/\/e-adams.pl\/de\/wp-json\/wp\/v2\/product"}],"about":[{"href":"https:\/\/e-adams.pl\/de\/wp-json\/wp\/v2\/types\/product"}],"replies":[{"embeddable":true,"href":"https:\/\/e-adams.pl\/de\/wp-json\/wp\/v2\/comments?post=13265"}],"wp:featuredmedia":[{"embeddable":true,"href":"https:\/\/e-adams.pl\/de\/wp-json\/wp\/v2\/media\/13300"}],"wp:attachment":[{"href":"https:\/\/e-adams.pl\/de\/wp-json\/wp\/v2\/media?parent=13265"}],"wp:term":[{"taxonomy":"product_cat","embeddable":true,"href":"https:\/\/e-adams.pl\/de\/wp-json\/wp\/v2\/product_cat?post=13265"},{"taxonomy":"product_tag","embeddable":true,"href":"https:\/\/e-adams.pl\/de\/wp-json\/wp\/v2\/product_tag?post=13265"}],"curies":[{"name":"wp","href":"https:\/\/api.w.org\/{rel}","templated":true}]}}