{"id":13274,"date":"2018-12-13T13:44:24","date_gmt":"2018-12-13T12:44:24","guid":{"rendered":"https:\/\/e-adams.pl\/sklep\/siatka-elewacyjna-165-atlas\/"},"modified":"2023-08-18T09:20:08","modified_gmt":"2023-08-18T07:20:08","slug":"siatka-elewacyjna-z-wlokna-szklanego-atlas-165-1m-x-50m","status":"publish","type":"product","link":"https:\/\/e-adams.pl\/de\/produkt\/siatka-elewacyjna-z-wlokna-szklanego-atlas-165-1m-x-50m\/","title":{"rendered":"Siatka elewacyjna z W\u0142\u00f3kna Szklanego ATLAS 165 &#8211; 1m x 50m"},"content":{"rendered":"<h3>Siatka elewacyjna z W\u0142\u00f3kna Szklanego ATLAS 165 &#8211; 1m x 50m<\/h3>\n<p><strong>Element systemu ocieple\u0144 ATLAS ETICS<\/strong><\/p>\n<p><img loading=\"lazy\" decoding=\"async\" class=\"aligncenter size-full wp-image-13289\" src=\"https:\/\/e-adams.pl\/wp-content\/uploads\/2018\/12\/siatka-elewacyjna-z-wlokna-szklanego-atlas-150-m2.jpg\" alt=\"Atlas, siatka elewacyjna, ATLAS 150, materia\u0142y budowlane \u017bary, siatki elewacyjne, w\u0142\u00f3kno szklane\" width=\"400\" height=\"400\" title=\"\"><\/p>\n<p style=\"text-align: justify;\">Siatka produkowana jest z w\u0142\u00f3kna szklanego, zabezpieczonego w k\u0105pieli akrylowej przed agresywnymi alkaliami zawartymi w zaprawach klej\u0105cych. Do wykonywania warstwy zbrojonej \u2013 do zatapiania w warstwie kleju podczas wykonywania ocieple\u0144, zar\u00f3wno ze styropianem, jak i z we\u0142n\u0105 mineraln\u0105. Stanowi element system\u00f3w ocieple\u0144 \u2013 wchodzi w sk\u0142ad z\u0142o\u017conych system\u00f3w izolacji cieplnej, posiadaj\u0105cych Aprobaty Techniczne Krajowe (AT ) oraz Europejskie (ETA).<\/p>\n<h3>W\u0141A\u015aCIWO\u015aCI<\/h3>\n<p style=\"text-align: justify;\">&#8211; Wytrzyma\u0142a \u2013 sk\u0142ada si\u0119 z u\u0142o\u017conych naprzemiennie w\u0142\u00f3kien w\u0105tku i osnowy tworz\u0105cych trwa\u0142y i mocny splot gazejski, zapewniaj\u0105cy siatce odpowiednio wysok\u0105 wytrzyma\u0142o\u015b\u0107 mechaniczn\u0105, w\u0142\u00f3kna nie \u0142ami\u0105 si\u0119 i nie przesuwaj\u0105 wzgl\u0119dem siebie.<br \/>\n&#8211; Elastyczna \u2013 zapewnia kompensowanie odkszta\u0142ce\u0144 termicznych i mechanicznych jakim w trakcie eksploatacji podlega uk\u0142ad ociepleniowy, zapobiega powstawaniu rys w warstwach elewacyjnych i umo\u017cliwia uzyskanie stabilnego pod\u0142o\u017ca pod warstw\u0119 tynku.<br \/>\n&#8211; Odporna na alkalia \u2013 w\u0142\u00f3kna zabezpieczone s\u0105 w k\u0105pieli akrylowej przed agresywnymi alkaliami zawartymi w zaprawach klej\u0105cych.<\/p>\n","protected":false},"excerpt":{"rendered":"<h3 style=\"color: #0099cc;\">Sprawd\u017a cen\u0119 i aktualny stan w sklepie<br \/>\n<strong>Kontakt:<\/strong> <a href=\"mailto:info@e-adams.pl\"><u><b>info@e-adams.pl<\/b><\/u><\/a><\/h3>\n","protected":false},"featured_media":13289,"comment_status":"open","ping_status":"closed","template":"","meta":{"_acf_changed":false,"inline_featured_image":false},"product_cat":[297],"product_tag":[265,950,1030],"class_list":{"0":"post-13274","1":"product","2":"type-product","3":"status-publish","4":"has-post-thumbnail","6":"product_cat-siatki-elewacyjne-welna-styropian-siatki","7":"product_tag-atlas","8":"product_tag-materialy-budowlane","9":"product_tag-siatka-elewacyjna","11":"first","12":"onbackorder","13":"shipping-taxable","14":"product-type-simple"},"acf":[],"_links":{"self":[{"href":"https:\/\/e-adams.pl\/de\/wp-json\/wp\/v2\/product\/13274","targetHints":{"allow":["GET"]}}],"collection":[{"href":"https:\/\/e-adams.pl\/de\/wp-json\/wp\/v2\/product"}],"about":[{"href":"https:\/\/e-adams.pl\/de\/wp-json\/wp\/v2\/types\/product"}],"replies":[{"embeddable":true,"href":"https:\/\/e-adams.pl\/de\/wp-json\/wp\/v2\/comments?post=13274"}],"wp:featuredmedia":[{"embeddable":true,"href":"https:\/\/e-adams.pl\/de\/wp-json\/wp\/v2\/media\/13289"}],"wp:attachment":[{"href":"https:\/\/e-adams.pl\/de\/wp-json\/wp\/v2\/media?parent=13274"}],"wp:term":[{"taxonomy":"product_cat","embeddable":true,"href":"https:\/\/e-adams.pl\/de\/wp-json\/wp\/v2\/product_cat?post=13274"},{"taxonomy":"product_tag","embeddable":true,"href":"https:\/\/e-adams.pl\/de\/wp-json\/wp\/v2\/product_tag?post=13274"}],"curies":[{"name":"wp","href":"https:\/\/api.w.org\/{rel}","templated":true}]}}