{"id":13276,"date":"2018-12-13T13:44:27","date_gmt":"2018-12-13T12:44:27","guid":{"rendered":"https:\/\/e-adams.pl\/sklep\/welna-mineralna-ursa-silver-gr180-rolka-475m2-df-0039\/"},"modified":"2023-08-18T09:20:06","modified_gmt":"2023-08-18T07:20:06","slug":"welna-mineralna-mata-ursa-silver-39-gr-180","status":"publish","type":"product","link":"https:\/\/e-adams.pl\/de\/produkt\/welna-mineralna-mata-ursa-silver-39-gr-180\/","title":{"rendered":"We\u0142na mineralna mata URSA SILVER 39 &#8211; gr. 180"},"content":{"rendered":"<h3>We\u0142na mineralna URSA SILVER 39 &#8211; gr. 180<\/h3>\n<p><strong>We\u0142na szklana Mata izolacyjna \u03bbD= 0,039 W\/mK<\/strong><br \/>\nMata izolacyjna z mineralnej we\u0142ny szklanej w rolce. Produkt jest paroprzepuszczalny oraz kompresowany.<br \/>\n<img loading=\"lazy\" decoding=\"async\" class=\"aligncenter size-full wp-image-13332\" src=\"https:\/\/e-adams.pl\/wp-content\/uploads\/2018\/12\/welna-mineralna-mata-ursa-silver-39.jpg\" alt=\"we\u0142na mineralna \u017bary, We\u0142na szklana \u017bary, mata izolacyjna ursa silver 39, We\u0142na minerana 0,039 W\/mK, We\u0142na do poddaszy \u017bary, izolacja dachu sko\u015bnego, izolacja \u015bcianki dzia\u0142owej, izolacja \u015bciany zewn\u0119trznej, izolacja stropu, izolacja sufitu podwieszanego, izolacja dachu, we\u0142na izolacyjna rolka \u017bary\" width=\"400\" height=\"400\" title=\"\"><\/p>\n<p style=\"text-align: justify;\">Mata do izolacji cieplnej, ogniochronnej i akustycznej, z we\u0142ny mineralnej. Materia\u0142 niepalny, d\u017awi\u0119koch\u0142onny, paroprzepuszczalny, kompresowany, odporny na ple\u015b\u0144 i grzyby, wykonany z w\u0142\u00f3kien spr\u0119\u017cystych. Doskona\u0142e w\u0142asno\u015bci izolacyjne we\u0142ny utrzymuj\u0105 ciep\u0142o w pomieszczeniu w okresie zimowym oraz zapewniaj\u0105 przyjemny ch\u0142\u00f3d w okresie upa\u0142\u00f3w. We\u0142na szklana URSA GLASSWOOL chroni r\u00f3wnie\u017c przed niechcianym ha\u0142asem, a jako materia\u0142 niepalny, o klasie reakcji na ogie\u0144 (euroklasa) A1 skutecznie redukuje ryzyko wyst\u0105pienia i rozwoju po\u017caru.<\/p>\n<h3>ZASTOSOWANIE<\/h3>\n<p>\u2022 izolacja dachu sko\u015bnego;<br \/>\n\u2022 izolacja \u015bcianki dzia\u0142owej;<br \/>\n\u2022 izolacja \u015bciany zewn\u0119trznej \u2013 budownictwo szkieletowe-drewniane;<br \/>\n\u2022 izolacja stropu;<br \/>\n\u2022 izolacja sufitu podwieszanego;<br \/>\n\u2022 izolacja dachu \u2013 budownictwo szkieletowe-metalowe.<\/p>\n<h3>W\u0141A\u015aCIWO\u015aCI<\/h3>\n<p>\u2022 sta\u0142o\u015b\u0107 i stabilno\u015b\u0107 w\u0142asno\u015bci izolacyjnych.<br \/>\n\u2022 bezpiecze\u0144stwo po\u017carowe (euroklasa A1 &#8211; wyr\u00f3b NIEPALNY),<br \/>\n\u2022 zdolno\u015b\u0107 do kompresji,<br \/>\n\u2022 bardzo niska masa w\u0142asna,<br \/>\n\u2022 \u0142atwo\u015b\u0107 w transporcie i przechowywaniu,<br \/>\n\u2022 \u0142atwo\u015b\u0107 stosowania,<br \/>\n\u2022 brak oporu dla przenikaj\u0105cej pary wodnej;<br \/>\n\u2022 grubo\u015b\u0107: 180mm, szeroko\u015b\u0107: 1250mm, d\u0142ugo\u015b\u0107: 3800mm<br \/>\n\u2022 op\u00f3r cieplny: 4,60 (m2\u2219K\/W)<\/p>\n","protected":false},"excerpt":{"rendered":"<h3 style=\"color: #0099cc;\">Sprawd\u017a cen\u0119 i aktualny stan w sklepie<br \/>\n<strong>Kontakt:<\/strong> <a href=\"mailto:info@e-adams.pl\"><u><b>info@e-adams.pl<\/b><\/u><\/a><\/h3>\n","protected":false},"featured_media":13332,"comment_status":"open","ping_status":"closed","template":"","meta":{"_acf_changed":false,"inline_featured_image":false},"product_cat":[293],"product_tag":[950,1036,1037,1038],"class_list":{"0":"post-13276","1":"product","2":"type-product","3":"status-publish","4":"has-post-thumbnail","6":"product_cat-welna-mineralna-na-poddasza","7":"product_tag-materialy-budowlane","8":"product_tag-ursa","9":"product_tag-welna-mineralna","10":"product_tag-welna-szklana","12":"first","13":"onbackorder","14":"shipping-taxable","15":"product-type-simple"},"acf":[],"_links":{"self":[{"href":"https:\/\/e-adams.pl\/de\/wp-json\/wp\/v2\/product\/13276","targetHints":{"allow":["GET"]}}],"collection":[{"href":"https:\/\/e-adams.pl\/de\/wp-json\/wp\/v2\/product"}],"about":[{"href":"https:\/\/e-adams.pl\/de\/wp-json\/wp\/v2\/types\/product"}],"replies":[{"embeddable":true,"href":"https:\/\/e-adams.pl\/de\/wp-json\/wp\/v2\/comments?post=13276"}],"wp:featuredmedia":[{"embeddable":true,"href":"https:\/\/e-adams.pl\/de\/wp-json\/wp\/v2\/media\/13332"}],"wp:attachment":[{"href":"https:\/\/e-adams.pl\/de\/wp-json\/wp\/v2\/media?parent=13276"}],"wp:term":[{"taxonomy":"product_cat","embeddable":true,"href":"https:\/\/e-adams.pl\/de\/wp-json\/wp\/v2\/product_cat?post=13276"},{"taxonomy":"product_tag","embeddable":true,"href":"https:\/\/e-adams.pl\/de\/wp-json\/wp\/v2\/product_tag?post=13276"}],"curies":[{"name":"wp","href":"https:\/\/api.w.org\/{rel}","templated":true}]}}