{"id":13278,"date":"2018-12-13T13:44:30","date_gmt":"2018-12-13T12:44:30","guid":{"rendered":"https:\/\/e-adams.pl\/sklep\/welna-mineralna-ursa-plyta-gr50-silentio-0038-opk15m2%e2%80%a2-ursa\/"},"modified":"2022-09-05T13:59:22","modified_gmt":"2022-09-05T11:59:22","slug":"welna-mineralna-plyta-ursa-silentio-38-gr-50","status":"publish","type":"product","link":"https:\/\/e-adams.pl\/de\/produkt\/welna-mineralna-plyta-ursa-silentio-38-gr-50\/","title":{"rendered":"We\u0142na mineralna p\u0142yta URSA SILENTIO 38 &#8211; gr. 50"},"content":{"rendered":"<h3>We\u0142na mineralna p\u0142yta URSA SILENTIO 38 &#8211; gr. 50<\/h3>\n<p><strong>We\u0142na szklana P\u0142yta izolacyjna \u03bbD= 0,038 W\/mK<\/strong><\/p>\n<p style=\"text-align: justify;\">P\u0142yta izolacyjna z mineralnej we\u0142ny szklanej. Produkt jest nielaminowany, paroprzepuszczalny i kompresowany.<\/p>\n<p><img loading=\"lazy\" decoding=\"async\" src=\"https:\/\/e-adams.pl\/wp-content\/uploads\/2018\/12\/welna-mineralna-plyta-ursa-silentio-38.jpg\" alt=\"we\u0142na mineralna \u017bary, p\u0142yta izolacyjna ursa silentio 38, we\u0142na mineralna 0,038, izolacja \u015bcianki dzia\u0142owej \u017bary, izolacja dachu sko\u015bnego \u017bary, izolacja stropu \u017bary, izolacja sufitu podwieszanego \u017bary, Ursa Glasswool, We\u0142na szklana \u017bary, P\u0142yta do izolacji akustycznej i termicznej\" width=\"400\" height=\"400\" class=\"aligncenter size-full wp-image-13327\" title=\"\"><\/p>\n<p style=\"text-align: justify;\">P\u0142yta do izolacji akustycznej i termicznej, z we\u0142ny mineralnej o najwy\u017cszych parametrach akustycznych. Materia\u0142 niepalny, d\u017awi\u0119koch\u0142onny, paroprzepuszczalny, kompresowany, odporny na ple\u015b\u0144 i grzyby, z w\u0142\u00f3kien spr\u0119\u017cystych. Doskona\u0142e w\u0142asno\u015bci izolacyjne we\u0142ny utrzymuj\u0105 ciep\u0142o w pomieszczeniu w okresie zimowym oraz zapewniaj\u0105 przyjemny ch\u0142\u00f3d w okresie upa\u0142\u00f3w. URSA GLASSWOOL chroni r\u00f3wnie\u017c przed niechcianym ha\u0142asem, a jako materia\u0142 niepalny, o klasie reakcji na ogie\u0144 (euroklasa) A1 skutecznie redukuje ryzyko wyst\u0105pienia i rozwoju po\u017caru. Produkt rekomendowany do monta\u017cu w \u015bciankach dzia\u0142owych.<\/p>\n<h3>ZASTOSOWANIE<\/h3>\n<p>\u2022 izolacja \u015bcianki dzia\u0142owej;<br \/>\n\u2022 izolacja dachu sko\u015bnego;<br \/>\n\u2022 izolacja stropu;<br \/>\n\u2022 izolacja sufitu podwieszanego.<\/p>\n<h3>W\u0141A\u015aCIWO\u015aCI<\/h3>\n<p>\u2022 wsp\u00f3\u0142czynnik przewodzenia ciep\u0142a \u03bbD= 0,038 W\/mK;<br \/>\n\u2022 sta\u0142o\u015b\u0107 i stabilno\u015b\u0107 w\u0142asno\u015bci izolacyjnych.<br \/>\n\u2022 bezpiecze\u0144stwo po\u017carowe (euroklasa A1 &#8211; wyr\u00f3b NIEPALNY),<br \/>\n\u2022 zdolno\u015b\u0107 do kompresji,<br \/>\n\u2022 bardzo niska masa w\u0142asna,<br \/>\n\u2022 \u0142atwo\u015b\u0107 w transporcie i przechowywaniu,<br \/>\n\u2022 \u0142atwo\u015b\u0107 stosowania,<br \/>\n\u2022 brak oporu dla przenikaj\u0105cej pary wodnej;<br \/>\n\u2022 grubo\u015b\u0107: 50mm, szeroko\u015b\u0107: 600mm, d\u0142ugo\u015b\u0107: 1250mm<br \/>\n\u2022 op\u00f3r cieplny: 1,30 (m2\u2219K\/W)<\/p>\n","protected":false},"excerpt":{"rendered":"<h3 style=\"color: #0099cc;\">Sprawd\u017a cen\u0119 i aktualny stan w sklepie<br \/>\n<strong>Kontakt:<\/strong> <a href=\"mailto:info@e-adams.pl\"><u><b>info@e-adams.pl<\/b><\/u><\/a><\/h3>\n","protected":false},"featured_media":13327,"comment_status":"open","ping_status":"closed","template":"","meta":{"_acf_changed":false,"inline_featured_image":false},"product_cat":[294],"product_tag":[950,1036,1037,1038],"class_list":{"0":"post-13278","1":"product","2":"type-product","3":"status-publish","4":"has-post-thumbnail","6":"product_cat-welna-mineralna-na-elewacje","7":"product_tag-materialy-budowlane","8":"product_tag-ursa","9":"product_tag-welna-mineralna","10":"product_tag-welna-szklana","12":"first","13":"onbackorder","14":"shipping-taxable","15":"product-type-simple"},"acf":[],"_links":{"self":[{"href":"https:\/\/e-adams.pl\/de\/wp-json\/wp\/v2\/product\/13278","targetHints":{"allow":["GET"]}}],"collection":[{"href":"https:\/\/e-adams.pl\/de\/wp-json\/wp\/v2\/product"}],"about":[{"href":"https:\/\/e-adams.pl\/de\/wp-json\/wp\/v2\/types\/product"}],"replies":[{"embeddable":true,"href":"https:\/\/e-adams.pl\/de\/wp-json\/wp\/v2\/comments?post=13278"}],"wp:featuredmedia":[{"embeddable":true,"href":"https:\/\/e-adams.pl\/de\/wp-json\/wp\/v2\/media\/13327"}],"wp:attachment":[{"href":"https:\/\/e-adams.pl\/de\/wp-json\/wp\/v2\/media?parent=13278"}],"wp:term":[{"taxonomy":"product_cat","embeddable":true,"href":"https:\/\/e-adams.pl\/de\/wp-json\/wp\/v2\/product_cat?post=13278"},{"taxonomy":"product_tag","embeddable":true,"href":"https:\/\/e-adams.pl\/de\/wp-json\/wp\/v2\/product_tag?post=13278"}],"curies":[{"name":"wp","href":"https:\/\/api.w.org\/{rel}","templated":true}]}}