{"id":13280,"date":"2018-12-13T13:44:33","date_gmt":"2018-12-13T12:44:33","guid":{"rendered":"https:\/\/e-adams.pl\/sklep\/styropian-passive-pro-33-15-cm-styropmin\/"},"modified":"2022-09-05T13:59:50","modified_gmt":"2022-09-05T11:59:50","slug":"styropian-pasywny-styropmin-passive-pro-33-15cm","status":"publish","type":"product","link":"https:\/\/e-adams.pl\/de\/produkt\/styropian-pasywny-styropmin-passive-pro-33-15cm\/","title":{"rendered":"Styropian pasywny STYROPMIN PASSIVE PRO 33 &#8211; 15cm"},"content":{"rendered":"<h3>Styropian pasywny STYROPMIN PASSIVE PRO 33 &#8211; 15cm<\/h3>\n<p><strong>Pasywny styropian grafitowy <\/strong><\/p>\n<p><img loading=\"lazy\" decoding=\"async\" class=\"aligncenter size-full wp-image-13303\" src=\"https:\/\/e-adams.pl\/wp-content\/uploads\/2018\/12\/styropian-pasywny-styropmin-passive-pro-33.jpg\" alt=\"styropian pasywny, styropian styropmin passive pro 33, styropian grafitowy, styropian elewacyjny, styropian grafitowy cena\" width=\"400\" height=\"400\" title=\"\"><\/p>\n<p style=\"text-align: justify;\">Styropian grafitowy EPS 033 Passive \u03bb PRO 033 firmy Styropmin to p\u0142yty styropianowe koloru szarego z zawarto\u015bci\u0105 grafitu o wsp\u00f3\u0142czynniku przewodzenia ciep\u0142a o warto\u015bci 0,033 W\/mK. Jest to styropian fasadowy grafitowy o doskona\u0142ych parametrach cieplnych, stosowany do izolacji \u015bcian zewn\u0119trznych, p\u0142yty styropianowe Passive \u03bb PRO 030 mog\u0105 by\u0107 stosowane w aplikacjach wymagaj\u0105cych przenoszenia du\u017cych obci\u0105\u017ce\u0144 mechanicznych &#8211; obci\u0105\u017cenie u\u017cytkowe do 2,4 t\/m2. Zalecany jest w budownictwie pasywnym i energooszcz\u0119dnym. Najwy\u017cszej jako\u015bci surowiec do produkcji styropianu (Synthos, BASF), najni\u017csza lambda na rynku dla styropianu na elewacj\u0119!<\/p>\n<h3>ZASTOSOWANIE<\/h3>\n<p style=\"text-align: justify;\">Styropian fasadowy grafitowy Styropmin stosowany jest w miejscach gdzie obci\u0105\u017cenia mechaniczne s\u0105 du\u017ce.<br \/>\n&#8211; ocieplenie \u015bcian zewn\u0119trznych w bezspoinowych systemach ocieple\u0144 (BSO, ETICS-metoda lekka-mokra),<br \/>\n&#8211; ocieplenie \u015bcian zewn\u0119trznych w metodzie lekkiej-suchej,<br \/>\n&#8211; ocieplenie murowanych \u015bcian tr\u00f3jwarstwowych,<br \/>\n&#8211; ocieplenie szkieletowych \u015bcian dzia\u0142owych,<br \/>\n&#8211; ocieplenie pod\u0142\u00f3g na legarach,<br \/>\n&#8211; pod\u0142ogi na gruncie w budownictwie mieszkaniowym, u\u017cyteczno\u015bci publicznej i przemys\u0142owym przy normalnych obci\u0105\u017ceniach,<br \/>\n&#8211; pod\u0142ogi budynk\u00f3w u\u017cyteczno\u015bci publicznej,<br \/>\n&#8211; pod\u0142ogi na wszelkiego rodzaju stropach o sztywnej konstrukcji,<br \/>\n&#8211; pod\u0142ogi w systemie ogrzewania pod\u0142ogowego,<br \/>\n&#8211; dachy p\u0142askie z dowoln\u0105 warstw\u0105 hydroizolacji,<br \/>\n&#8211; dachy p\u0142askie w uk\u0142adzie stropodach\u00f3w pe\u0142nych,<br \/>\n&#8211; dachy krokwiowe,<br \/>\n&#8211; stropodachy o wiotkiej konstrukcji (blacha trapezowa),<br \/>\n&#8211; stropodachy wentylowane,<br \/>\n&#8211; tarasy, balkony.<\/p>\n","protected":false},"excerpt":{"rendered":"<h3 style=\"color: #0099cc;\">Sprawd\u017a cen\u0119 i aktualny stan w sklepie<br \/>\n<strong>Kontakt:<\/strong> <a href=\"mailto:info@e-adams.pl\"><u><b>info@e-adams.pl<\/b><\/u><\/a><\/h3>\n","protected":false},"featured_media":13303,"comment_status":"open","ping_status":"closed","template":"","meta":{"_acf_changed":false,"inline_featured_image":false},"product_cat":[295],"product_tag":[950,1034,1032],"class_list":{"0":"post-13280","1":"product","2":"type-product","3":"status-publish","4":"has-post-thumbnail","6":"product_cat-styropian-na-elewacje","7":"product_tag-materialy-budowlane","8":"product_tag-styropian","9":"product_tag-styropmin","11":"first","12":"onbackorder","13":"shipping-taxable","14":"product-type-simple"},"acf":[],"_links":{"self":[{"href":"https:\/\/e-adams.pl\/de\/wp-json\/wp\/v2\/product\/13280","targetHints":{"allow":["GET"]}}],"collection":[{"href":"https:\/\/e-adams.pl\/de\/wp-json\/wp\/v2\/product"}],"about":[{"href":"https:\/\/e-adams.pl\/de\/wp-json\/wp\/v2\/types\/product"}],"replies":[{"embeddable":true,"href":"https:\/\/e-adams.pl\/de\/wp-json\/wp\/v2\/comments?post=13280"}],"wp:featuredmedia":[{"embeddable":true,"href":"https:\/\/e-adams.pl\/de\/wp-json\/wp\/v2\/media\/13303"}],"wp:attachment":[{"href":"https:\/\/e-adams.pl\/de\/wp-json\/wp\/v2\/media?parent=13280"}],"wp:term":[{"taxonomy":"product_cat","embeddable":true,"href":"https:\/\/e-adams.pl\/de\/wp-json\/wp\/v2\/product_cat?post=13280"},{"taxonomy":"product_tag","embeddable":true,"href":"https:\/\/e-adams.pl\/de\/wp-json\/wp\/v2\/product_tag?post=13280"}],"curies":[{"name":"wp","href":"https:\/\/api.w.org\/{rel}","templated":true}]}}