{"id":13283,"date":"2018-12-13T13:44:39","date_gmt":"2018-12-13T12:44:39","guid":{"rendered":"https:\/\/e-adams.pl\/sklep\/styropian-podloga-dp-cs-pro-80-8-cm-styropmin\/"},"modified":"2022-09-05T14:00:25","modified_gmt":"2022-09-05T12:00:25","slug":"styropian-do-podlogi-styropmin-dp-cs-pro-80","status":"publish","type":"product","link":"https:\/\/e-adams.pl\/de\/produkt\/styropian-do-podlogi-styropmin-dp-cs-pro-80\/","title":{"rendered":"Styropian do pod\u0142ogi STYROPMIN DP CS PRO 80"},"content":{"rendered":"<h3>Styropian do pod\u0142ogi STYROPMIN DP CS PRO 80<\/h3>\n<p><img loading=\"lazy\" decoding=\"async\" class=\"aligncenter size-full wp-image-13312\" src=\"https:\/\/e-adams.pl\/wp-content\/uploads\/2018\/12\/styropian-do-podlogi-styropmin-dp-cs-pro-80.jpg\" alt=\"styropian do pod\u0142ogi \u017bary, styropmin dp cs pro 80, Styropian elewacyjny, styropian pod\u0142ogowy, styropian na tarasy, styropian na balkony, dachy p\u0142askie styropian budowlany\" width=\"400\" height=\"400\" title=\"\"><\/p>\n<p style=\"text-align: justify;\">Styropmin DP CS PRO 80 znakomicie nadaje si\u0119 wsz\u0119dzie tam, gdzie obci\u0105\u017cenie u\u017cytkowe nie przekracza 2,4 tony na metr kwadratowy. Styropian pod\u0142ogowy stosuje si\u0119 na gruncie w budownictwie mieszkaniowym i u\u017cyteczno\u015bci publicznej przy ma\u0142ych obci\u0105\u017ceniach. Nadaje si\u0119 na pod\u0142ogi na wszelkiego rodzaju stropach o sztywnej konstrukcji, a tak\u017ce na dachy p\u0142askie z dowoln\u0105 warstw\u0105 hydroizolacji oraz na dachy p\u0142askie w uk\u0142adzie stropodach\u00f3w pe\u0142nych. Styropian DP CS PRO 70 stosowany jest r\u00f3wnie\u017c na tarasy i balkony.<\/p>\n<h3>W\u0141A\u015aCIWO\u015aCI<\/h3>\n<p>\u2022 dobra izolacja termiczna: deklarowany wsp\u00f3\u0142czynnik przewodzenia ciep\u0142a (\u03bbD) \u2264 0,037 [W\/(m\u2022K)],<br \/>\n\u2022 wytrzyma\u0142o\u015b\u0107 na zginanie \u2265 125 kPa,<br \/>\n\u2022 wytrzyma\u0142o\u015b\u0107 na rozrywanie \u2265 100 kPa,<br \/>\n\u2022 napr\u0119\u017cenie \u015bciskaj\u0105ce przy 10% odkszta\u0142ceniu CS(10) \u2265 80 kPa,<br \/>\n\u2022 wytrzyma\u0142o\u015b\u0107 na rozrywanie \u2265 100 kPa<br \/>\n\u2022 obci\u0105\u017cenie u\u017cytkowe do 2,4 t\/m2<br \/>\n\u2022 reakcja na ogie\u0144: Euroklasa E.<br \/>\n\u2022 dost\u0119pne grubo\u015bci: 1cm, 4cm, 5cm, 6cm, 8cm<\/p>\n","protected":false},"excerpt":{"rendered":"<h3 style=\"color: #0099cc;\">Sprawd\u017a cen\u0119 i aktualny stan w sklepie<br \/>\n<strong>Kontakt:<\/strong> <a href=\"mailto:info@e-adams.pl\"><u><b>info@e-adams.pl<\/b><\/u><\/a><\/h3>\n","protected":false},"featured_media":13312,"comment_status":"open","ping_status":"closed","template":"","meta":{"_acf_changed":false,"inline_featured_image":false},"product_cat":[1190],"product_tag":[950,1034,1032],"class_list":{"0":"post-13283","1":"product","2":"type-product","3":"status-publish","4":"has-post-thumbnail","6":"product_cat-styropian-na-podloge-i-dach","7":"product_tag-materialy-budowlane","8":"product_tag-styropian","9":"product_tag-styropmin","11":"first","12":"onbackorder","13":"shipping-taxable","14":"product-type-simple"},"acf":[],"_links":{"self":[{"href":"https:\/\/e-adams.pl\/de\/wp-json\/wp\/v2\/product\/13283","targetHints":{"allow":["GET"]}}],"collection":[{"href":"https:\/\/e-adams.pl\/de\/wp-json\/wp\/v2\/product"}],"about":[{"href":"https:\/\/e-adams.pl\/de\/wp-json\/wp\/v2\/types\/product"}],"replies":[{"embeddable":true,"href":"https:\/\/e-adams.pl\/de\/wp-json\/wp\/v2\/comments?post=13283"}],"wp:featuredmedia":[{"embeddable":true,"href":"https:\/\/e-adams.pl\/de\/wp-json\/wp\/v2\/media\/13312"}],"wp:attachment":[{"href":"https:\/\/e-adams.pl\/de\/wp-json\/wp\/v2\/media?parent=13283"}],"wp:term":[{"taxonomy":"product_cat","embeddable":true,"href":"https:\/\/e-adams.pl\/de\/wp-json\/wp\/v2\/product_cat?post=13283"},{"taxonomy":"product_tag","embeddable":true,"href":"https:\/\/e-adams.pl\/de\/wp-json\/wp\/v2\/product_tag?post=13283"}],"curies":[{"name":"wp","href":"https:\/\/api.w.org\/{rel}","templated":true}]}}