{"id":13285,"date":"2018-12-13T13:44:43","date_gmt":"2018-12-13T12:44:43","guid":{"rendered":"https:\/\/e-adams.pl\/sklep\/styropmin-dach-podloga-pro-70-8-cm-z-frezem\/"},"modified":"2022-09-05T14:00:39","modified_gmt":"2022-09-05T12:00:39","slug":"styropian-z-frezem-na-dach-i-podlogi-styropmin-pro-70-040-8cm","status":"publish","type":"product","link":"https:\/\/e-adams.pl\/de\/produkt\/styropian-z-frezem-na-dach-i-podlogi-styropmin-pro-70-040-8cm\/","title":{"rendered":"Styropian z frezem na dach i pod\u0142ogi STYROPMIN PRO 70-040 &#8211; 8cm"},"content":{"rendered":"<h3>Styropian z frezem na dach i pod\u0142ogi STYROPMIN PRO 70-040 &#8211; 8cm<\/h3>\n<p><img loading=\"lazy\" decoding=\"async\" src=\"https:\/\/e-adams.pl\/wp-content\/uploads\/2018\/12\/styropian-z-frezem-na-dach-i-podloge-styropmin-pro-70-040-8-cm.jpg\" alt=\"styropian z frezem, styropian na dach \u017bary, Styropian na pod\u0142og\u0119 \u017bary, styropmin pro 70-040 8cm, ocieplanie dach\u00f3w krokwiowych \u017bary, ocieplenie dachu adams \u017bary, stropodach styropian, styropian fasadowy, styropian fasada \u017bary\" width=\"400\" height=\"400\" class=\"aligncenter size-full wp-image-13324\" title=\"\"><\/p>\n<p style=\"text-align: justify;\">Styropmin PRO 70-40 z frezem stosuje si\u0119 do izolacji \u015bcian zewn\u0119trznych, pod\u0142\u00f3g oraz dach\u00f3w krokwiowych. Styropian fasadowy Styropmin mo\u017ce by\u0107 stosowany w aplikacjach wymagaj\u0105cych przenoszenia \u015brednich obci\u0105\u017ce\u0144 mechanicznych. Zaleca si\u0119 go w budownictwie jednorodzinnym. Styropian Pro 70-40 wyst\u0119puje w kolorze bia\u0142ym, posiada bardzo dobre parametry cieplne (0,038W\/mK).<\/p>\n<h3>ZASTOSOWANIE<\/h3>\n<p>\u2022 ocieplenie \u015bcian zewn\u0119trznych w bezspoinowych systemach ocieple\u0144 (BSO, ETICS, metoda lekka-mokra) zgodnie z dokumentem odniesienia<br \/>\n\u2022 ocieplenie \u015bcian zewn\u0119trznych w metodzie lekkiej- suchej;<br \/>\n\u2022 ocieplenie murowanych \u015bcian tr\u00f3jwarstwowych;<br \/>\n\u2022 ocieplenie szkieletowych \u015bcian dzia\u0142owych;<br \/>\n\u2022 ocieplenie dach\u00f3w krokwiowych;<br \/>\n\u2022 ocieplenie pod\u0142\u00f3g na legarach;<br \/>\n\u2022 ocieplenie stropodach\u00f3w wentylowanych;<br \/>\n\u2022 ocieplenie wie\u0144c\u00f3w, nadpro\u017cy i innych mostk\u00f3w termicznych;<br \/>\n\u2022 ocieplenie loggii balkonowych;<\/p>\n<h3>W\u0141A\u015aCIWO\u015aCI<\/h3>\n<p>\u2022 dobra izolacja termiczna: deklarowany wsp\u00f3\u0142czynnik przewodzenia ciep\u0142a (\u03bbD) \u2264 0,038 [W\/(m\u2022K)],<br \/>\n\u2022 wytrzyma\u0142o\u015b\u0107 na zginanie \u2265 115 kPa,<br \/>\n\u2022 wytrzyma\u0142o\u015b\u0107 na rozrywanie \u2265 100 kPa,<br \/>\n\u2022 reakcja na ogie\u0144: Euroklasa E.<br \/>\n\u2022 dost\u0119pne grubo\u015bci: 8cm<\/p>\n","protected":false},"excerpt":{"rendered":"<h3 style=\"color: #0099cc;\">Sprawd\u017a cen\u0119 i aktualny stan w sklepie<br \/>\n<strong>Kontakt:<\/strong> <a href=\"mailto:info@e-adams.pl\"><u><b>info@e-adams.pl<\/b><\/u><\/a><\/h3>\n","protected":false},"featured_media":13324,"comment_status":"open","ping_status":"closed","template":"","meta":{"_acf_changed":false,"inline_featured_image":false},"product_cat":[295],"product_tag":[950,1034,1032],"class_list":{"0":"post-13285","1":"product","2":"type-product","3":"status-publish","4":"has-post-thumbnail","6":"product_cat-styropian-na-elewacje","7":"product_tag-materialy-budowlane","8":"product_tag-styropian","9":"product_tag-styropmin","11":"first","12":"onbackorder","13":"shipping-taxable","14":"product-type-simple"},"acf":[],"_links":{"self":[{"href":"https:\/\/e-adams.pl\/de\/wp-json\/wp\/v2\/product\/13285","targetHints":{"allow":["GET"]}}],"collection":[{"href":"https:\/\/e-adams.pl\/de\/wp-json\/wp\/v2\/product"}],"about":[{"href":"https:\/\/e-adams.pl\/de\/wp-json\/wp\/v2\/types\/product"}],"replies":[{"embeddable":true,"href":"https:\/\/e-adams.pl\/de\/wp-json\/wp\/v2\/comments?post=13285"}],"wp:featuredmedia":[{"embeddable":true,"href":"https:\/\/e-adams.pl\/de\/wp-json\/wp\/v2\/media\/13324"}],"wp:attachment":[{"href":"https:\/\/e-adams.pl\/de\/wp-json\/wp\/v2\/media?parent=13285"}],"wp:term":[{"taxonomy":"product_cat","embeddable":true,"href":"https:\/\/e-adams.pl\/de\/wp-json\/wp\/v2\/product_cat?post=13285"},{"taxonomy":"product_tag","embeddable":true,"href":"https:\/\/e-adams.pl\/de\/wp-json\/wp\/v2\/product_tag?post=13285"}],"curies":[{"name":"wp","href":"https:\/\/api.w.org\/{rel}","templated":true}]}}