{"id":13563,"date":"2018-12-31T09:37:13","date_gmt":"2018-12-31T08:37:13","guid":{"rendered":"https:\/\/e-adams.pl\/sklep\/tasma-uszczelniajaca-hydroizolacyjna-120-70-50m\/"},"modified":"2025-06-23T13:03:16","modified_gmt":"2025-06-23T11:03:16","slug":"tasma-hydroizolacyjna-den-braven-120-70mm","status":"publish","type":"product","link":"https:\/\/e-adams.pl\/de\/produkt\/tasma-hydroizolacyjna-den-braven-120-70mm\/","title":{"rendered":"Ta\u015bma hydroizolacyjna DEN BRAVEN &#8211; 120\/70mm"},"content":{"rendered":"<h3>OPSI:<\/h3>\n<p style=\"text-align: justify;\">Ta\u015bma hydroizolacyjna DEN BRAVEN to produkt do wykonywania powierzchniowych zabezpiecze\u0144 wodochronnych z u\u017cyciem folii uszczelniaj\u0105cej w p\u0142ynie Den Braven Sanitary-Foil lub Sanitary-Foil Extra, ewentualnie do zapraw dwusk\u0142adnikowych. Zapewnia bardziej efektywne przenoszenie napr\u0119\u017ce\u0144 oraz jest trwale elastyczna.<\/p>\n<h3>STOSOWANIE<\/h3>\n<p>Izolacja taras\u00f3w, balkon\u00f3w i pomieszcze\u0144 mokrych (zw\u0142aszcza w naro\u017cach lub w miejscach sp\u0119ka\u0144 i szczelin oraz przy przej\u015bciach instalacyjnych lub przerwach dylatacyjnych).<\/p>\n","protected":false},"excerpt":{"rendered":"<p>Ta\u015bma hydroizolacyjna DEN BRAVEN to produkt do wykonywania powierzchniowych zabezpiecze\u0144 wodochronnych z u\u017cyciem folii uszczelniaj\u0105cej w p\u0142ynie Den Braven Sanitary-Foil lub Sanitary-Foil Extra, ewentualnie do zapraw dwusk\u0142adnikowych. Zapewnia bardziej efektywne przenoszenie napr\u0119\u017ce\u0144 oraz jest trwale elastyczna.<\/p>\n","protected":false},"featured_media":13744,"comment_status":"open","ping_status":"closed","template":"","meta":{"_acf_changed":false,"inline_featured_image":false},"product_cat":[1473],"product_tag":[955,2461],"class_list":{"0":"post-13563","1":"product","2":"type-product","3":"status-publish","4":"has-post-thumbnail","6":"product_cat-tasmy-uszczelniajace-i-narozniki","7":"product_tag-den-braven","8":"product_tag-tasma-hydroizolacyjna","10":"first","11":"instock","12":"shipping-taxable","13":"product-type-simple"},"acf":[],"_links":{"self":[{"href":"https:\/\/e-adams.pl\/de\/wp-json\/wp\/v2\/product\/13563","targetHints":{"allow":["GET"]}}],"collection":[{"href":"https:\/\/e-adams.pl\/de\/wp-json\/wp\/v2\/product"}],"about":[{"href":"https:\/\/e-adams.pl\/de\/wp-json\/wp\/v2\/types\/product"}],"replies":[{"embeddable":true,"href":"https:\/\/e-adams.pl\/de\/wp-json\/wp\/v2\/comments?post=13563"}],"wp:featuredmedia":[{"embeddable":true,"href":"https:\/\/e-adams.pl\/de\/wp-json\/wp\/v2\/media\/13744"}],"wp:attachment":[{"href":"https:\/\/e-adams.pl\/de\/wp-json\/wp\/v2\/media?parent=13563"}],"wp:term":[{"taxonomy":"product_cat","embeddable":true,"href":"https:\/\/e-adams.pl\/de\/wp-json\/wp\/v2\/product_cat?post=13563"},{"taxonomy":"product_tag","embeddable":true,"href":"https:\/\/e-adams.pl\/de\/wp-json\/wp\/v2\/product_tag?post=13563"}],"curies":[{"name":"wp","href":"https:\/\/api.w.org\/{rel}","templated":true}]}}