{"id":13565,"date":"2018-12-31T09:37:16","date_gmt":"2018-12-31T08:37:16","guid":{"rendered":"https:\/\/e-adams.pl\/sklep\/atlas-hydroband-3g-pierscien-scienny-120x120mm\/"},"modified":"2024-02-15T11:48:58","modified_gmt":"2024-02-15T10:48:58","slug":"pierscien-scienny-atlas-hydroband-3g","status":"publish","type":"product","link":"https:\/\/e-adams.pl\/de\/produkt\/pierscien-scienny-atlas-hydroband-3g\/","title":{"rendered":"Pier\u015bcie\u0144 \u015bcienny ATLAS HYDROBAND 3G"},"content":{"rendered":"<h3>Pier\u015bcie\u0144 \u015bcienny ATLAS HYDROBAND 3G<\/h3>\n<p><strong>Elastyczny pier\u015bcie\u0144 \u015bcienny 120x120mm bez perforacji do uszczelniania baterii \u015bciennych oraz przej\u015b\u0107 rurowych o niewielkich \u015brednicach w \u015bcianie<\/strong><br \/>\n<img loading=\"lazy\" decoding=\"async\" class=\"aligncenter size-full wp-image-14070\" src=\"https:\/\/e-adams.pl\/wp-content\/uploads\/2019\/01\/pierscien-scienny-atlas-hydroband-3g.jpg\" alt=\"pier\u015bcien \u015bcienny atlas hydroband 3g, Mankiet \u015bcienny \u017bary, pier\u015bcienie \u015bcienne \u017bary, pier\u015bcie\u0144 uszczelniaj\u0105cy \u017bary\" width=\"400\" height=\"400\" title=\"\"><\/p>\n<p style=\"text-align: justify;\">Pier\u015bcie\u0144 \u015bcienny ATLAS HYDROBAND 3G zabezpiecza pod\u0142o\u017ca przed wnikaniem wilgoci i wody (tak\u017ce pod ci\u015bnieniem) &#8211; wraz hydroizolacj\u0105 podp\u0142ytkow\u0105 ATLAS WODER. Zwi\u0119ksza szczelno\u015b\u0107 wok\u00f3\u0142 miejsc, w kt\u00f3rych u\u017cycie samej hydroizolacji typu ATLAS WODER nie jest wystarczaj\u0105cym \u015brodkiem ochronnym przez wilgoci\u0105 \u2013 zw\u0142aszcza w naro\u017cach pomieszcze\u0144 mokrych i wilgotnych, wzd\u0142u\u017c styk\u00f3w \u015bcian z pod\u0142og\u0105, wzd\u0142u\u017c przebiegu dylatacji (tak\u017ce konstrukcyjnych) oraz przerw roboczych. Element do uszczelniania baterii \u015bciennych oraz przej\u015b\u0107 rurowych o niewielkich \u015brednicach w \u015bcianie.<\/p>\n<p>&#8211; wysoce odporny na \u015brodowiska agresywne<br \/>\n&#8211; odporny na promieniowanie UV<br \/>\n&#8211; elastyczny<br \/>\n&#8211; wysoka wytrzyma\u0142o\u015b\u0107 na rozerwanie<\/p>\n<h3>Rodzaj uszczelnianych pod\u0142o\u017cy<\/h3>\n<p>tynki cementowe, cementowo-wapienne i gipsowe, cementowe i anhydrytowe podk\u0142ady pod\u0142ogowe, elementy betonowe, \u017celbetowe i murowane z cegie\u0142, pustak\u00f3w, bloczk\u00f3w, p\u0142yty g-k, p\u0142yty OSB itp.<\/p>\n","protected":false},"excerpt":{"rendered":"<h3 style=\"color: #0099cc;\">Sprawd\u017a cen\u0119 i aktualny stan w sklepie<br \/>\n<strong>Kontakt:<\/strong> <a href=\"mailto:info@e-adams.pl\"><u><b>info@e-adams.pl<\/b><\/u><\/a><\/h3>\n","protected":false},"featured_media":14070,"comment_status":"open","ping_status":"closed","template":"","meta":{"_acf_changed":false,"inline_featured_image":false},"product_cat":[1473],"product_tag":[265,950,1053],"class_list":{"0":"post-13565","1":"product","2":"type-product","3":"status-publish","4":"has-post-thumbnail","6":"product_cat-tasmy-uszczelniajace-i-narozniki","7":"product_tag-atlas","8":"product_tag-materialy-budowlane","9":"product_tag-tasma-izolacyjna","11":"first","12":"outofstock","13":"shipping-taxable","14":"purchasable","15":"product-type-simple"},"acf":[],"_links":{"self":[{"href":"https:\/\/e-adams.pl\/de\/wp-json\/wp\/v2\/product\/13565","targetHints":{"allow":["GET"]}}],"collection":[{"href":"https:\/\/e-adams.pl\/de\/wp-json\/wp\/v2\/product"}],"about":[{"href":"https:\/\/e-adams.pl\/de\/wp-json\/wp\/v2\/types\/product"}],"replies":[{"embeddable":true,"href":"https:\/\/e-adams.pl\/de\/wp-json\/wp\/v2\/comments?post=13565"}],"wp:featuredmedia":[{"embeddable":true,"href":"https:\/\/e-adams.pl\/de\/wp-json\/wp\/v2\/media\/14070"}],"wp:attachment":[{"href":"https:\/\/e-adams.pl\/de\/wp-json\/wp\/v2\/media?parent=13565"}],"wp:term":[{"taxonomy":"product_cat","embeddable":true,"href":"https:\/\/e-adams.pl\/de\/wp-json\/wp\/v2\/product_cat?post=13565"},{"taxonomy":"product_tag","embeddable":true,"href":"https:\/\/e-adams.pl\/de\/wp-json\/wp\/v2\/product_tag?post=13565"}],"curies":[{"name":"wp","href":"https:\/\/api.w.org\/{rel}","templated":true}]}}