{"id":13567,"date":"2018-12-31T09:37:18","date_gmt":"2018-12-31T08:37:18","guid":{"rendered":"https:\/\/e-adams.pl\/sklep\/atlas-hydroband-3g-tasma-szer-125-mm-50m\/"},"modified":"2025-06-23T13:03:12","modified_gmt":"2025-06-23T11:03:12","slug":"tasma-uszczelniajaca-atlas-hydroband-3g-125-70mm","status":"publish","type":"product","link":"https:\/\/e-adams.pl\/de\/produkt\/tasma-uszczelniajaca-atlas-hydroband-3g-125-70mm\/","title":{"rendered":"Ta\u015bma uszczelniaj\u0105ca ATLAS HYDROBAND 3G &#8211; 125\/70mm"},"content":{"rendered":"<h3>Ta\u015bma uszczelniaj\u0105ca ATLAS HYDROBAND 3G &#8211; 125\/70mm<\/h3>\n<p><strong>Elastyczna ta\u015bma izolacyjna bez perforacji do uszczelniania kraw\u0119dzi \u015bcian i podk\u0142ad\u00f3w pod\u0142ogowych oraz przerw dylatacyjnych<\/strong><\/p>\n<p style=\"text-align: justify;\">Ta\u015bma Uszczelniaj\u0105ca ATLAS HYDROBAND zabezpiecza pod\u0142o\u017ca przed wnikaniem wilgoci i wody (tak\u017ce pod ci\u015bnieniem) &#8211; wraz hydroizolacj\u0105 podp\u0142ytkow\u0105 ATLAS WODER. Zwi\u0119ksza szczelno\u015b\u0107 wok\u00f3\u0142 miejsc, w kt\u00f3rych u\u017cycie samej hydroizolacji typu ATLAS WODER nie jest wystarczaj\u0105cym \u015brodkiem ochronnym przez wilgoci\u0105 \u2013 zw\u0142aszcza w naro\u017cach pomieszcze\u0144 mokrych i wilgotnych, wzd\u0142u\u017c styk\u00f3w \u015bcian z pod\u0142og\u0105, wzd\u0142u\u017c przebiegu dylatacji (tak\u017ce konstrukcyjnych) oraz przerw roboczych. Ta\u015bma ATLAS HYDROBAND 3G dost\u0119pna jest w dw\u00f3ch szeroko\u015bciach: 125 mm i 250 mm. Ta\u015bma sk\u0142ada sie ze specjalnie powlekanych trzech warstw: dwie zewn\u0119trzne warstwy z nietkanego polipropylenu oraz pow\u0142oka z odpornego na starzenie, termoplastycznego elastomeru. Produkt do uszczelniania kraw\u0119dzi \u015bcian i podk\u0142ad\u00f3w pod\u0142ogowych oraz przerw dylatacyjnych.<\/p>\n<p>&#8211; wysoce odporne na \u015brodowiska agresywne<br \/>\n&#8211; odporne na promieniowanie UV<br \/>\n&#8211; elastyczne<br \/>\n&#8211; wysoka wytrzyma\u0142o\u015b\u0107 na rozerwanie<\/p>\n<h3>Rodzaj uszczelnianych pod\u0142o\u017cy<\/h3>\n<p>tynki cementowe, cementowo-wapienne i gipsowe, cementowe i anhydrytowe podk\u0142ady pod\u0142ogowe, elementy betonowe, \u017celbetowe i murowane z cegie\u0142, pustak\u00f3w, bloczk\u00f3w, p\u0142yty g-k, p\u0142yty OSB itp.<\/p>\n","protected":false},"excerpt":{"rendered":"<p>Ta\u015bma Uszczelniaj\u0105ca ATLAS HYDROBAND zabezpiecza pod\u0142o\u017ca przed wnikaniem wilgoci i wody<\/p>\n","protected":false},"featured_media":13747,"comment_status":"open","ping_status":"closed","template":"","meta":{"_acf_changed":false,"inline_featured_image":false},"product_cat":[1473],"product_tag":[265,950,1053],"class_list":{"0":"post-13567","1":"product","2":"type-product","3":"status-publish","4":"has-post-thumbnail","6":"product_cat-tasmy-uszczelniajace-i-narozniki","7":"product_tag-atlas","8":"product_tag-materialy-budowlane","9":"product_tag-tasma-izolacyjna","11":"first","12":"instock","13":"shipping-taxable","14":"product-type-simple"},"acf":[],"_links":{"self":[{"href":"https:\/\/e-adams.pl\/de\/wp-json\/wp\/v2\/product\/13567","targetHints":{"allow":["GET"]}}],"collection":[{"href":"https:\/\/e-adams.pl\/de\/wp-json\/wp\/v2\/product"}],"about":[{"href":"https:\/\/e-adams.pl\/de\/wp-json\/wp\/v2\/types\/product"}],"replies":[{"embeddable":true,"href":"https:\/\/e-adams.pl\/de\/wp-json\/wp\/v2\/comments?post=13567"}],"wp:featuredmedia":[{"embeddable":true,"href":"https:\/\/e-adams.pl\/de\/wp-json\/wp\/v2\/media\/13747"}],"wp:attachment":[{"href":"https:\/\/e-adams.pl\/de\/wp-json\/wp\/v2\/media?parent=13567"}],"wp:term":[{"taxonomy":"product_cat","embeddable":true,"href":"https:\/\/e-adams.pl\/de\/wp-json\/wp\/v2\/product_cat?post=13567"},{"taxonomy":"product_tag","embeddable":true,"href":"https:\/\/e-adams.pl\/de\/wp-json\/wp\/v2\/product_tag?post=13567"}],"curies":[{"name":"wp","href":"https:\/\/api.w.org\/{rel}","templated":true}]}}