{"id":13572,"date":"2018-12-31T09:37:27","date_gmt":"2018-12-31T08:37:27","guid":{"rendered":"https:\/\/e-adams.pl\/sklep\/oilproof-olej-do-klinkieru-1-l\/"},"modified":"2024-07-15T11:31:15","modified_gmt":"2024-07-15T09:31:15","slug":"olej-i-impregnat-do-klinkieru-jurga-protect-oil-1l","status":"publish","type":"product","link":"https:\/\/e-adams.pl\/de\/produkt\/olej-i-impregnat-do-klinkieru-jurga-protect-oil-1l\/","title":{"rendered":"Olej i impregnat do klinkieru JURGA PROTECT OIL &#8211; 1l"},"content":{"rendered":"<h3>Opis:<\/h3>\n<p>Olej i impregnat do klinkieru JURGA PROTECT OIL do powierzchni klinkierowych, nieszkliwionych. Uwydatnia kolor i struktur\u0119 zabezpieczonej powierzchni oraz tworzy pow\u0142ok\u0119 zabezpieczaj\u0105c\u0105 przed wilgoci\u0105, bez efektu po\u0142ysku. Nadaje si\u0119 idealnie do od\u015bwie\u017cania starych powierzchni. U\u017cycie produktu przed fugowaniem u\u0142atwia w p\u00f3\u017aniejszym czasie zmycie z zaimpregnowanej powierzchni zabrudze\u0144, takich jak pozosta\u0142o\u015bci po fugowaniu, pracach tynkarskich i murarskich.<\/p>\n<h3>W\u0142a\u015bciwo\u015bci:<\/h3>\n<p>JURGA PROTECT OIL jest to olej do klinkieru o w\u0142a\u015bciwo\u015bciach impregnuj\u0105cych do powierzchni klinkierowych, nieszkliwionych. Produkt dwufunkcyjny. Uwydatnia kolor i struktur\u0119 zabezpieczonej powierzchni oraz tworzy pow\u0142ok\u0119 zabezpieczaj\u0105c\u0105 przed wilgoci\u0105, bez po\u0142ysku. Nadaje si\u0119 idealnie do od\u015bwie\u017cania starych powierzchni. U\u0142atwia w p\u00f3\u017aniejszym czasie piel\u0119gnacj\u0119 oraz usuwanie zabrudze\u0144 z zaimpregnowanej powierzchni. U\u017cycie produktu przed fugowaniem u\u0142atwia w p\u00f3\u017aniejszym czasie zmycie z nich<br \/>\nzabrudze\u0144 takich jak pozosta\u0142o\u015bci po fugowaniu, pracach tynkarskich i murarskich.<\/p>\n<h3>Przygotowanie pod\u0142o\u017ca:<\/h3>\n<p>Zabezpieczana powierzchnia musi by\u0107 czysta, sucha oraz ch\u0142onna. Do wyczyszczenia pod\u0142o\u017ca nale\u017cy u\u017cy\u0107 produktu JURGA Cliner BR. W przypadku wyst\u0119powania na powierzchni zabrudze\u0144 mikrobiologicznych u\u017cy\u0107 produktu JURGA Mossproof.<\/p>\n<h3>Spos\u00f3b u\u017cycia:<\/h3>\n<p>Przed u\u017cyciem wymiesza\u0107. Olej do klinkieru nale\u017cy nak\u0142ada\u0107 za pomoc\u0105 wa\u0142ka, p\u0119dzla lub drobnym natryskiem, nie dopuszczaj\u0105c do powstania zaciek\u00f3w. Nadmiar usun\u0105\u0107 bawe\u0142nian\u0105 \u015bciereczk\u0105. Na powierzchnie s\u0142abo ch\u0142onne nale\u017cy stosowa\u0107 cie\u0144sz\u0105<br \/>\nwarstw\u0119, natomiast przy powierzchniach silnie ch\u0142onnych zaleca si\u0119 powt\u00f3rzenie zabiegu po up\u0142ywie kilku dni. Temperatura stosowania w przypadku powietrza jak i pod\u0142o\u017ca to od +5\u00b0C do +25\u00b0C. Wilgotno\u015b\u0107 impregnowanej powierzchni to max 5%. Prac\u0119 wykonywa\u0107 w miejscach przewiewnych, u\u017cywa\u0107 okulary i odzie\u017c ochronn\u0105, a przy metodzie natryskowej stosowa\u0107 mask\u0119 zabezpieczaj\u0105c\u0105 drogi oddechowe. Zaimpregnowana powierzchnia uzyskuje pe\u0142ne w\u0142a\u015bciwo\u015bci hydrofobowe po ok. 24 godz. w tym czasie nale\u017cy chroni\u0107 j\u0105 przed deszczem i zabrudzeniem. W przypadku u\u017cycia produktu przed fugowaniem, po sko\u0144czonych pracach oraz wyczyszczeniu powierzchni zaleca si\u0119 powt\u00f3rn\u0105 impregnacj\u0119 dla uzyskania lepszego efektu na d\u0142u\u017cej. Po wykonaniu pracy nale\u017cy umy\u0107 narz\u0119dzia rozpuszczalnikiem.<br \/>\nUWAGA !!! Z uwagi na r\u00f3\u017cnorodno\u015b\u0107 powierzchni poddawanych impregnacji (ich kolor, sk\u0142ad surowcowy, chemiczny itp.) nale\u017cy przeprowadzi\u0107 pr\u00f3b\u0119 reakcji pod\u0142o\u017ca na preparat.<\/p>\n<h3>Informacje techniczne:<\/h3>\n<p>Przechowywa\u0107 i transportowa\u0107 w suchym i zacienionym miejscu w oryginalnych szczelnie zamkni\u0119tych pojemnikach, w temperaturach od +5\u00b0C do +25\u00b0C.<\/p>\n<ul>\n<li>Sk\u0142ad: Olej mineralny, dodatki uszlachetniaj\u0105ce<\/li>\n<li>Kolor i posta\u0107: Jasna ciecz<\/li>\n<li>G\u0119sto\u015b\u0107: Ok 0,86 g \/cm\u00b3<\/li>\n<li>Zu\u017cycie dla 1 warstwy: 1 litr na 7-15m\u00b2<\/li>\n<li>Opakowania: Puszki 1 litr i 3 litry<\/li>\n<\/ul>\n","protected":false},"excerpt":{"rendered":"<div class=\"flex flex-grow flex-col gap-3 max-w-full\">\n<div class=\"min-h-[20px] flex flex-col items-start gap-3 overflow-x-auto whitespace-pre-wrap break-words\">\n<div class=\"markdown prose w-full break-words dark:prose-invert light\">\n<p>JURGA PROTECT OIL to impregnat do klinkierowych powierzchni, kt\u00f3ry uwydatnia kolor i struktur\u0119, chroni przed wilgoci\u0105 i u\u0142atwia czyszczenie zabrudze\u0144 po fugowaniu.<\/p>\n<\/div>\n<\/div>\n<\/div>\n","protected":false},"featured_media":20790,"comment_status":"open","ping_status":"closed","template":"","meta":{"_acf_changed":false,"inline_featured_image":false},"product_cat":[1590],"product_tag":[1663,1662,1664],"class_list":{"0":"post-13572","1":"product","2":"type-product","3":"status-publish","4":"has-post-thumbnail","6":"product_cat-impregnaty-i-srodki-do-czyszczenia","7":"product_tag-jurga-protect-oil","8":"product_tag-olej-i-impregnat-do-klinkieru","9":"product_tag-olej-o-wlasciwosciach-impregnujacych","11":"first","12":"instock","13":"shipping-taxable","14":"purchasable","15":"product-type-simple"},"acf":[],"_links":{"self":[{"href":"https:\/\/e-adams.pl\/de\/wp-json\/wp\/v2\/product\/13572","targetHints":{"allow":["GET"]}}],"collection":[{"href":"https:\/\/e-adams.pl\/de\/wp-json\/wp\/v2\/product"}],"about":[{"href":"https:\/\/e-adams.pl\/de\/wp-json\/wp\/v2\/types\/product"}],"replies":[{"embeddable":true,"href":"https:\/\/e-adams.pl\/de\/wp-json\/wp\/v2\/comments?post=13572"}],"wp:featuredmedia":[{"embeddable":true,"href":"https:\/\/e-adams.pl\/de\/wp-json\/wp\/v2\/media\/20790"}],"wp:attachment":[{"href":"https:\/\/e-adams.pl\/de\/wp-json\/wp\/v2\/media?parent=13572"}],"wp:term":[{"taxonomy":"product_cat","embeddable":true,"href":"https:\/\/e-adams.pl\/de\/wp-json\/wp\/v2\/product_cat?post=13572"},{"taxonomy":"product_tag","embeddable":true,"href":"https:\/\/e-adams.pl\/de\/wp-json\/wp\/v2\/product_tag?post=13572"}],"curies":[{"name":"wp","href":"https:\/\/api.w.org\/{rel}","templated":true}]}}