{"id":13573,"date":"2018-12-31T09:37:29","date_gmt":"2018-12-31T08:37:29","guid":{"rendered":"https:\/\/e-adams.pl\/sklep\/tasma-do-hydroizolacji-tapemix-jurga\/"},"modified":"2025-06-23T13:03:07","modified_gmt":"2025-06-23T11:03:07","slug":"tasma-do-hydroizolacji-jurga-tapemix-120-70mm","status":"publish","type":"product","link":"https:\/\/e-adams.pl\/de\/produkt\/tasma-do-hydroizolacji-jurga-tapemix-120-70mm\/","title":{"rendered":"Ta\u015bma do hydroizolacji JURGA TAPEMIX &#8211; 120\/70mm"},"content":{"rendered":"<h3>Naro\u017cnik wewn\u0119trzny JURGA TAPEMIX &#8211; 120\/70mm<\/h3>\n<p><strong>Dwuwarstwowa wodoszczelna i elastyczna ta\u015bma zwi\u0119kszaj\u0105ca szczelno\u015b\u0107 miejsc szczeg\u00f3lnie nara\u017conych na wilgo\u0107 takich jak naro\u017ca, styki \u015bcian ze \u015bcian\u0105 i \u015bcian z pod\u0142og\u0105<\/strong><\/p>\n<p><img loading=\"lazy\" decoding=\"async\" class=\"aligncenter size-full wp-image-13736\" src=\"https:\/\/e-adams.pl\/wp-content\/uploads\/2019\/01\/tasma-do-hydroizolacji-jurga-tapemix-120-70mm.jpg\" alt=\"jurga tapemix, ta\u015bma elastyczna uszczelniaj\u0105ca \u017bary, ta\u015bma hydroizolacyjna, ta\u015bma do hydroizolacji, ta\u015bma izolacyjna JURGA\" width=\"400\" height=\"400\" title=\"\"><\/p>\n<p style=\"text-align: justify;\">TAPEMIX to wodoszczelna, elastyczna i wytrzyma\u0142a dzianina poliestrowa dwustronnie powleczona termoplastycznym elastomerem. Zwi\u0119ksza szczelno\u015b\u0107 miejsc szczeg\u00f3lnie nara\u017conych na zawilgocenie pod ok\u0142adzinami ceramicznymi ( naro\u017ca, styki \u015bcian ze \u015bcian\u0105 i \u015bcian z pod\u0142og\u0105 itp.). Mo\u017ce by\u0107 stosowana na pod\u0142ogach i \u015bcianach, wewn\u0105trz i na zewn\u0105trz budynku.<\/p>\n<p>&#8211; <strong>Szeroko\u015b\u0107 ca\u0142kowita:<\/strong> 120 mm \u00b1 2,0 mm<br \/>\n&#8211; <strong>Szeroko\u015b\u0107 pasa pokrytego elastomeru (membrany):<\/strong> 70 mm \u00b1 2,0 mm<br \/>\n&#8211; <strong>Wodoodporno\u015b\u0107:<\/strong> &gt;1,5bar<br \/>\n&#8211; <strong>Odporno\u015b\u0107 na UV:<\/strong> 500h<br \/>\n&#8211; <strong>Dost\u0119pne rolki:<\/strong> 10m, 50m<\/p>\n","protected":false},"excerpt":{"rendered":"<h3 style=\"color: #0099cc;\">Sprawd\u017a cen\u0119 i aktualny stan w sklepie<br \/>\n<strong>Kontakt:<\/strong> <a href=\"mailto:info@e-adams.pl\"><u><b>info@e-adams.pl<\/b><\/u><\/a><\/h3>\n","protected":false},"featured_media":13738,"comment_status":"open","ping_status":"closed","template":"","meta":{"_acf_changed":false,"inline_featured_image":false},"product_cat":[1473],"product_tag":[953,950,1053],"class_list":{"0":"post-13573","1":"product","2":"type-product","3":"status-publish","4":"has-post-thumbnail","6":"product_cat-tasmy-uszczelniajace-i-narozniki","7":"product_tag-jurga","8":"product_tag-materialy-budowlane","9":"product_tag-tasma-izolacyjna","11":"first","12":"instock","13":"shipping-taxable","14":"product-type-simple"},"acf":[],"_links":{"self":[{"href":"https:\/\/e-adams.pl\/de\/wp-json\/wp\/v2\/product\/13573","targetHints":{"allow":["GET"]}}],"collection":[{"href":"https:\/\/e-adams.pl\/de\/wp-json\/wp\/v2\/product"}],"about":[{"href":"https:\/\/e-adams.pl\/de\/wp-json\/wp\/v2\/types\/product"}],"replies":[{"embeddable":true,"href":"https:\/\/e-adams.pl\/de\/wp-json\/wp\/v2\/comments?post=13573"}],"wp:featuredmedia":[{"embeddable":true,"href":"https:\/\/e-adams.pl\/de\/wp-json\/wp\/v2\/media\/13738"}],"wp:attachment":[{"href":"https:\/\/e-adams.pl\/de\/wp-json\/wp\/v2\/media?parent=13573"}],"wp:term":[{"taxonomy":"product_cat","embeddable":true,"href":"https:\/\/e-adams.pl\/de\/wp-json\/wp\/v2\/product_cat?post=13573"},{"taxonomy":"product_tag","embeddable":true,"href":"https:\/\/e-adams.pl\/de\/wp-json\/wp\/v2\/product_tag?post=13573"}],"curies":[{"name":"wp","href":"https:\/\/api.w.org\/{rel}","templated":true}]}}